{"id":3473,"date":"2024-02-19T00:12:30","date_gmt":"2024-02-18T22:12:30","guid":{"rendered":"https:\/\/iesmas.lt\/parduotuve\/uncategorized\/%d0%bd%d0%b0%d0%b1%d0%be%d1%80-%d1%88%d0%b0%d0%bc%d0%bf%d1%83%d1%80%d0%be%d0%b2-%d1%81-%d0%b3%d1%80%d0%b0%d0%b2%d0%b8%d1%80%d0%be%d0%b2%d0%ba%d0%be%d0%b9-%d0%b2%d0%b4%d0%be%d1%85%d0%bd%d0%be%d0%b2\/"},"modified":"2025-10-27T15:52:48","modified_gmt":"2025-10-27T13:52:48","slug":"%d0%bd%d0%b0%d0%b1%d0%be%d1%80-%d1%88%d0%b0%d0%bc%d0%bf%d1%83%d1%80%d0%be%d0%b2-%d1%81-%d0%b3%d1%80%d0%b0%d0%b2%d0%b8%d1%80%d0%be%d0%b2%d0%ba%d0%be%d0%b9-%d0%b2%d0%b4%d0%be%d1%85%d0%bd%d0%be%d0%b2","status":"publish","type":"product","link":"https:\/\/iesmas.lt\/ru\/parduotuve\/%d0%b8%d0%bc%d0%b5%d0%bd%d0%bd%d1%8b%d0%b5-%d1%88%d0%b0%d0%bc%d0%bf%d1%83%d1%80%d1%8b\/%d0%bd%d0%b0%d0%b1%d0%be%d1%80-%d1%88%d0%b0%d0%bc%d0%bf%d1%83%d1%80%d0%be%d0%b2-%d1%81-%d0%b3%d1%80%d0%b0%d0%b2%d0%b8%d1%80%d0%be%d0%b2%d0%ba%d0%be%d0%b9-%d0%b2%d0%b4%d0%be%d1%85%d0%bd%d0%be%d0%b2\/","title":{"rendered":"\u041d\u0430\u0431\u043e\u0440 \u0448\u0430\u043c\u043f\u0443\u0440\u043e\u0432 \u0441 \u0433\u0440\u0430\u0432\u0438\u0440\u043e\u0432\u043a\u043e\u0439 &#171;\u0412\u0434\u043e\u0445\u043d\u043e\u0432\u0435\u043d\u0438\u0435&#187;"},"content":{"rendered":"<p>\u041a\u0430\u0436\u0434\u044b\u0439 \u0448\u0430\u043c\u043f\u0443\u0440 \u0438\u0437\u0433\u043e\u0442\u043e\u0432\u043b\u0435\u043d \u0438\u0437 \u043d\u0435\u0440\u0436\u0430\u0432\u0435\u044e\u0449\u0435\u0439 \u0441\u0442\u0430\u043b\u0438 \u0442\u043e\u043b\u0449\u0438\u043d\u043e\u0439 3 \u043c\u043c \u0438 \u0448\u0438\u0440\u0438\u043d\u043e\u0439 10 \u043c\u043c, \u0447\u0442\u043e \u0433\u0430\u0440\u0430\u043d\u0442\u0438\u0440\u0443\u0435\u0442 \u043f\u0440\u043e\u0447\u043d\u043e\u0441\u0442\u044c \u0438 \u0434\u043e\u043b\u0433\u043e\u0432\u0435\u0447\u043d\u043e\u0441\u0442\u044c.<br \/>\n\u0412\u044b\u0433\u0440\u0430\u0432\u0438\u0440\u043e\u0432\u0430\u043d\u043d\u044b\u0435 \u0441\u043b\u043e\u0432\u0430 \u043d\u0435 \u0442\u043e\u043b\u044c\u043a\u043e \u0443\u043a\u0440\u0430\u0448\u0430\u044e\u0442 \u0448\u0430\u043c\u043f\u0443\u0440\u044b, \u043d\u043e \u0438 \u0440\u0430\u0434\u0443\u044e\u0442 \u0441\u0435\u0440\u0434\u0446\u0435 \u0432\u0434\u043e\u0445\u043d\u043e\u0432\u043b\u044f\u044e\u0449\u0438\u043c\u0438 \u0441\u043b\u043e\u0432\u0430\u043c\u0438<br \/>\n\u0412\u044b\u0433\u0440\u0430\u0432\u0438\u0440\u043e\u0432\u0430\u043d\u043d\u044b\u0435 \u0441\u043b\u043e\u0432\u0430 \u043d\u0430 \u0448\u0430\u043c\u043f\u0443\u0440\u0430\u0445:<br \/>\n\u2022 Linkiu Tau tapti savo tobulo pasaulio autoriumi\u2026<br \/>\n\u2022 Tegul tavo svajon\u0117s pra\u017eysta stebuklais \u2026<br \/>\n\u2022 Jei klausytis, tai tik nuo\u0161ird\u017eiausi\u0173 \u017eod\u017ei\u0173 \u2026<br \/>\n\u2022 Linkiu \u0161viesti \u017evaig\u017ed\u017ei\u0173 \u0161viesa. Tik tu taip gali \u2026<br \/>\n\u2022 Mylimiausiai mamai<\/p>\n<p><a href=\"https:\/\/day.lt\/sventes\/straipsniai\/motinos_diena\" target=\"_blank\" rel=\"noopener\">\u0414\u0435\u043d\u044c \u043c\u0430\u0442\u0435\u0440\u0438 \u043e\u0442\u043c\u0435\u0447\u0430\u0435\u0442\u0441\u044f \u0432 \u043f\u0435\u0440\u0432\u043e\u0435 \u0432\u043e\u0441\u043a\u0440\u0435\u0441\u0435\u043d\u044c\u0435 \u043c\u0430\u044f<\/a>, \u043f\u043e\u044d\u0442\u043e\u043c\u0443 \u043d\u0435 \u0443\u043f\u0443\u0441\u0442\u0438\u0442\u0435 \u0432\u043e\u0437\u043c\u043e\u0436\u043d\u043e\u0441\u0442\u044c \u043f\u043e\u0437\u0434\u0440\u0430\u0432\u0438\u0442\u044c \u0441\u0432\u043e\u0438\u0445 \u043c\u0430\u043c.<\/p>\n","protected":false},"excerpt":{"rendered":"<p>\u041d\u0430\u0431\u043e\u0440 &#171;\u0412\u0434\u043e\u0445\u043d\u043e\u0432\u0435\u043d\u0438\u0435&#187; \u0441\u043e\u0441\u0442\u043e\u0438\u0442 \u0438\u0437 \u043f\u044f\u0442\u0438 \u0448\u0430\u043c\u043f\u0443\u0440\u043e\u0432 \u0438\u0437 \u043d\u0435\u0440\u0436\u0430\u0432\u0435\u044e\u0449\u0435\u0439 \u0441\u0442\u0430\u043b\u0438 \u0434\u043b\u0438\u043d\u043e\u0439 60 \u0441\u043c, \u0443\u043a\u0440\u0430\u0448\u0435\u043d\u043d\u044b\u0445 \u0432\u0434\u043e\u0445\u043d\u043e\u0432\u043b\u044f\u044e\u0449\u0438\u043c\u0438 \u043f\u043e\u0441\u043b\u0430\u043d\u0438\u044f\u043c\u0438.<br \/>\n\u042d\u0442\u043e\u0442 \u043d\u0430\u0431\u043e\u0440 &#8212; \u0438\u0434\u0435\u0430\u043b\u044c\u043d\u044b\u0439 \u043f\u043e\u0434\u0430\u0440\u043e\u043a \u043d\u0430 \u0434\u0435\u043d\u044c \u0440\u043e\u0436\u0434\u0435\u043d\u0438\u044f \u0438 \u0414\u0435\u043d\u044c \u043c\u0430\u0442\u0435\u0440\u0438.<\/p>\n","protected":false},"featured_media":3256,"comment_status":"open","ping_status":"closed","template":"","meta":{"site-sidebar-layout":"default","site-content-layout":"","ast-site-content-layout":"default","site-content-style":"default","site-sidebar-style":"default","ast-global-header-display":"","ast-banner-title-visibility":"","ast-main-header-display":"","ast-hfb-above-header-display":"","ast-hfb-below-header-display":"","ast-hfb-mobile-header-display":"","site-post-title":"","ast-breadcrumbs-content":"","ast-featured-img":"","footer-sml-layout":"","ast-disable-related-posts":"","theme-transparent-header-meta":"default","adv-header-id-meta":"","stick-header-meta":"","header-above-stick-meta":"","header-main-stick-meta":"","header-below-stick-meta":"","astra-migrate-meta-layouts":"set","ast-page-background-enabled":"default","ast-page-background-meta":{"desktop":{"background-color":"","background-image":"","background-repeat":"repeat","background-position":"center center","background-size":"auto","background-attachment":"scroll","background-type":"","background-media":"","overlay-type":"","overlay-color":"","overlay-opacity":"","overlay-gradient":""},"tablet":{"background-color":"","background-image":"","background-repeat":"repeat","background-position":"center center","background-size":"auto","background-attachment":"scroll","background-type":"","background-media":"","overlay-type":"","overlay-color":"","overlay-opacity":"","overlay-gradient":""},"mobile":{"background-color":"","background-image":"","background-repeat":"repeat","background-position":"center center","background-size":"auto","background-attachment":"scroll","background-type":"","background-media":"","overlay-type":"","overlay-color":"","overlay-opacity":"","overlay-gradient":""}},"ast-content-background-meta":{"desktop":{"background-color":"var(--ast-global-color-5)","background-image":"","background-repeat":"repeat","background-position":"center center","background-size":"auto","background-attachment":"scroll","background-type":"","background-media":"","overlay-type":"","overlay-color":"","overlay-opacity":"","overlay-gradient":""},"tablet":{"background-color":"var(--ast-global-color-5)","background-image":"","background-repeat":"repeat","background-position":"center center","background-size":"auto","background-attachment":"scroll","background-type":"","background-media":"","overlay-type":"","overlay-color":"","overlay-opacity":"","overlay-gradient":""},"mobile":{"background-color":"var(--ast-global-color-5)","background-image":"","background-repeat":"repeat","background-position":"center center","background-size":"auto","background-attachment":"scroll","background-type":"","background-media":"","overlay-type":"","overlay-color":"","overlay-opacity":"","overlay-gradient":""}}},"product_brand":[],"product_cat":[163,188],"product_tag":[125,189],"class_list":{"0":"post-3473","1":"product","2":"type-product","3":"status-publish","4":"has-post-thumbnail","6":"product_cat-163","7":"product_cat-188","8":"product_tag-125","9":"product_tag-189","10":"desktop-align-left","11":"tablet-align-left","12":"mobile-align-left","13":"ast-product-gallery-layout-first-image-large","14":"ast-product-tabs-layout-distributed","15":"ast-qv-on-image","17":"first","18":"instock","19":"taxable","20":"shipping-taxable","21":"purchasable","22":"product-type-simple"},"yoast_head":"<!-- This site is optimized with the Yoast SEO plugin v27.5 - https:\/\/yoast.com\/product\/yoast-seo-wordpress\/ -->\n<title>\u041d\u0430\u0431\u043e\u0440 \u0448\u0430\u043c\u043f\u0443\u0440\u043e\u0432 \u0441 \u0433\u0440\u0430\u0432\u0438\u0440\u043e\u0432\u043a\u043e\u0439 &quot;\u0412\u0434\u043e\u0445\u043d\u043e\u0432\u0435\u043d\u0438\u0435&quot; - IE\u0160MAS.LT - IE\u0160MAS.LT \u043b\u044e\u0431\u0438\u0442\u0435 mamai mamai<\/title>\n<meta name=\"robots\" content=\"index, follow, max-snippet:-1, max-image-preview:large, max-video-preview:-1\" \/>\n<link rel=\"canonical\" href=\"https:\/\/iesmas.lt\/ru\/parduotuve\/%d0%b8%d0%bc%d0%b5%d0%bd%d0%bd%d1%8b%d0%b5-%d1%88%d0%b0%d0%bc%d0%bf%d1%83%d1%80%d1%8b\/%d0%bd%d0%b0%d0%b1%d0%be%d1%80-%d1%88%d0%b0%d0%bc%d0%bf%d1%83%d1%80%d0%be%d0%b2-%d1%81-%d0%b3%d1%80%d0%b0%d0%b2%d0%b8%d1%80%d0%be%d0%b2%d0%ba%d0%be%d0%b9-%d0%b2%d0%b4%d0%be%d1%85%d0%bd%d0%be%d0%b2\/\" \/>\n<meta property=\"og:locale\" content=\"ru_RU\" \/>\n<meta property=\"og:type\" content=\"article\" \/>\n<meta property=\"og:title\" content=\"\u041d\u0430\u0431\u043e\u0440 \u0448\u0430\u043c\u043f\u0443\u0440\u043e\u0432 \u0441 \u0433\u0440\u0430\u0432\u0438\u0440\u043e\u0432\u043a\u043e\u0439 &quot;\u0412\u0434\u043e\u0445\u043d\u043e\u0432\u0435\u043d\u0438\u0435&quot; - IE\u0160MAS.LT - IE\u0160MAS.LT \u043b\u044e\u0431\u0438\u0442\u0435 mamai mamai\" \/>\n<meta property=\"og:description\" content=\"\u041d\u0430\u0431\u043e\u0440 &quot;\u0412\u0434\u043e\u0445\u043d\u043e\u0432\u0435\u043d\u0438\u0435&quot; \u0441\u043e\u0441\u0442\u043e\u0438\u0442 \u0438\u0437 \u043f\u044f\u0442\u0438 \u0448\u0430\u043c\u043f\u0443\u0440\u043e\u0432 \u0438\u0437 \u043d\u0435\u0440\u0436\u0430\u0432\u0435\u044e\u0449\u0435\u0439 \u0441\u0442\u0430\u043b\u0438 \u0434\u043b\u0438\u043d\u043e\u0439 60 \u0441\u043c, \u0443\u043a\u0440\u0430\u0448\u0435\u043d\u043d\u044b\u0445 \u0432\u0434\u043e\u0445\u043d\u043e\u0432\u043b\u044f\u044e\u0449\u0438\u043c\u0438 \u043f\u043e\u0441\u043b\u0430\u043d\u0438\u044f\u043c\u0438. \u042d\u0442\u043e\u0442 \u043d\u0430\u0431\u043e\u0440 - \u0438\u0434\u0435\u0430\u043b\u044c\u043d\u044b\u0439 \u043f\u043e\u0434\u0430\u0440\u043e\u043a \u043d\u0430 \u0434\u0435\u043d\u044c \u0440\u043e\u0436\u0434\u0435\u043d\u0438\u044f \u0438 \u0414\u0435\u043d\u044c \u043c\u0430\u0442\u0435\u0440\u0438.\" \/>\n<meta property=\"og:url\" content=\"https:\/\/iesmas.lt\/ru\/parduotuve\/%d0%b8%d0%bc%d0%b5%d0%bd%d0%bd%d1%8b%d0%b5-%d1%88%d0%b0%d0%bc%d0%bf%d1%83%d1%80%d1%8b\/%d0%bd%d0%b0%d0%b1%d0%be%d1%80-%d1%88%d0%b0%d0%bc%d0%bf%d1%83%d1%80%d0%be%d0%b2-%d1%81-%d0%b3%d1%80%d0%b0%d0%b2%d0%b8%d1%80%d0%be%d0%b2%d0%ba%d0%be%d0%b9-%d0%b2%d0%b4%d0%be%d1%85%d0%bd%d0%be%d0%b2\/\" \/>\n<meta property=\"og:site_name\" content=\"IE\u0160MAS.LT\" \/>\n<meta property=\"article:modified_time\" content=\"2025-10-27T13:52:48+00:00\" \/>\n<meta property=\"og:image\" content=\"https:\/\/iesmas.lt\/wp-content\/uploads\/2024\/03\/iesmu-rinkiniai-mamai-ikvepiantis.png\" \/>\n\t<meta property=\"og:image:width\" content=\"700\" \/>\n\t<meta property=\"og:image:height\" content=\"700\" \/>\n\t<meta property=\"og:image:type\" content=\"image\/png\" \/>\n<meta name=\"twitter:card\" content=\"summary_large_image\" \/>\n<meta name=\"twitter:label1\" content=\"\u041f\u0440\u0438\u043c\u0435\u0440\u043d\u043e\u0435 \u0432\u0440\u0435\u043c\u044f \u0434\u043b\u044f \u0447\u0442\u0435\u043d\u0438\u044f\" \/>\n\t<meta name=\"twitter:data1\" content=\"1 \u043c\u0438\u043d\u0443\u0442\u0430\" \/>\n<script type=\"application\/ld+json\" class=\"yoast-schema-graph\">{\"@context\":\"https:\\\/\\\/schema.org\",\"@graph\":[{\"@type\":\"WebPage\",\"@id\":\"https:\\\/\\\/iesmas.lt\\\/ru\\\/parduotuve\\\/%d0%b8%d0%bc%d0%b5%d0%bd%d0%bd%d1%8b%d0%b5-%d1%88%d0%b0%d0%bc%d0%bf%d1%83%d1%80%d1%8b\\\/%d0%bd%d0%b0%d0%b1%d0%be%d1%80-%d1%88%d0%b0%d0%bc%d0%bf%d1%83%d1%80%d0%be%d0%b2-%d1%81-%d0%b3%d1%80%d0%b0%d0%b2%d0%b8%d1%80%d0%be%d0%b2%d0%ba%d0%be%d0%b9-%d0%b2%d0%b4%d0%be%d1%85%d0%bd%d0%be%d0%b2\\\/\",\"url\":\"https:\\\/\\\/iesmas.lt\\\/ru\\\/parduotuve\\\/%d0%b8%d0%bc%d0%b5%d0%bd%d0%bd%d1%8b%d0%b5-%d1%88%d0%b0%d0%bc%d0%bf%d1%83%d1%80%d1%8b\\\/%d0%bd%d0%b0%d0%b1%d0%be%d1%80-%d1%88%d0%b0%d0%bc%d0%bf%d1%83%d1%80%d0%be%d0%b2-%d1%81-%d0%b3%d1%80%d0%b0%d0%b2%d0%b8%d1%80%d0%be%d0%b2%d0%ba%d0%be%d0%b9-%d0%b2%d0%b4%d0%be%d1%85%d0%bd%d0%be%d0%b2\\\/\",\"name\":\"\u041d\u0430\u0431\u043e\u0440 \u0448\u0430\u043c\u043f\u0443\u0440\u043e\u0432 \u0441 \u0433\u0440\u0430\u0432\u0438\u0440\u043e\u0432\u043a\u043e\u0439 \\\"\u0412\u0434\u043e\u0445\u043d\u043e\u0432\u0435\u043d\u0438\u0435\\\" - IE\u0160MAS.LT - IE\u0160MAS.LT \u043b\u044e\u0431\u0438\u0442\u0435 mamai mamai\",\"isPartOf\":{\"@id\":\"https:\\\/\\\/iesmas.lt\\\/ru\\\/#website\"},\"primaryImageOfPage\":{\"@id\":\"https:\\\/\\\/iesmas.lt\\\/ru\\\/parduotuve\\\/%d0%b8%d0%bc%d0%b5%d0%bd%d0%bd%d1%8b%d0%b5-%d1%88%d0%b0%d0%bc%d0%bf%d1%83%d1%80%d1%8b\\\/%d0%bd%d0%b0%d0%b1%d0%be%d1%80-%d1%88%d0%b0%d0%bc%d0%bf%d1%83%d1%80%d0%be%d0%b2-%d1%81-%d0%b3%d1%80%d0%b0%d0%b2%d0%b8%d1%80%d0%be%d0%b2%d0%ba%d0%be%d0%b9-%d0%b2%d0%b4%d0%be%d1%85%d0%bd%d0%be%d0%b2\\\/#primaryimage\"},\"image\":{\"@id\":\"https:\\\/\\\/iesmas.lt\\\/ru\\\/parduotuve\\\/%d0%b8%d0%bc%d0%b5%d0%bd%d0%bd%d1%8b%d0%b5-%d1%88%d0%b0%d0%bc%d0%bf%d1%83%d1%80%d1%8b\\\/%d0%bd%d0%b0%d0%b1%d0%be%d1%80-%d1%88%d0%b0%d0%bc%d0%bf%d1%83%d1%80%d0%be%d0%b2-%d1%81-%d0%b3%d1%80%d0%b0%d0%b2%d0%b8%d1%80%d0%be%d0%b2%d0%ba%d0%be%d0%b9-%d0%b2%d0%b4%d0%be%d1%85%d0%bd%d0%be%d0%b2\\\/#primaryimage\"},\"thumbnailUrl\":\"https:\\\/\\\/iesmas.lt\\\/wp-content\\\/uploads\\\/2024\\\/03\\\/iesmu-rinkiniai-mamai-ikvepiantis.png\",\"datePublished\":\"2024-02-18T22:12:30+00:00\",\"dateModified\":\"2025-10-27T13:52:48+00:00\",\"breadcrumb\":{\"@id\":\"https:\\\/\\\/iesmas.lt\\\/ru\\\/parduotuve\\\/%d0%b8%d0%bc%d0%b5%d0%bd%d0%bd%d1%8b%d0%b5-%d1%88%d0%b0%d0%bc%d0%bf%d1%83%d1%80%d1%8b\\\/%d0%bd%d0%b0%d0%b1%d0%be%d1%80-%d1%88%d0%b0%d0%bc%d0%bf%d1%83%d1%80%d0%be%d0%b2-%d1%81-%d0%b3%d1%80%d0%b0%d0%b2%d0%b8%d1%80%d0%be%d0%b2%d0%ba%d0%be%d0%b9-%d0%b2%d0%b4%d0%be%d1%85%d0%bd%d0%be%d0%b2\\\/#breadcrumb\"},\"inLanguage\":\"ru-RU\",\"potentialAction\":[{\"@type\":\"ReadAction\",\"target\":[\"https:\\\/\\\/iesmas.lt\\\/ru\\\/parduotuve\\\/%d0%b8%d0%bc%d0%b5%d0%bd%d0%bd%d1%8b%d0%b5-%d1%88%d0%b0%d0%bc%d0%bf%d1%83%d1%80%d1%8b\\\/%d0%bd%d0%b0%d0%b1%d0%be%d1%80-%d1%88%d0%b0%d0%bc%d0%bf%d1%83%d1%80%d0%be%d0%b2-%d1%81-%d0%b3%d1%80%d0%b0%d0%b2%d0%b8%d1%80%d0%be%d0%b2%d0%ba%d0%be%d0%b9-%d0%b2%d0%b4%d0%be%d1%85%d0%bd%d0%be%d0%b2\\\/\"]}]},{\"@type\":\"ImageObject\",\"inLanguage\":\"ru-RU\",\"@id\":\"https:\\\/\\\/iesmas.lt\\\/ru\\\/parduotuve\\\/%d0%b8%d0%bc%d0%b5%d0%bd%d0%bd%d1%8b%d0%b5-%d1%88%d0%b0%d0%bc%d0%bf%d1%83%d1%80%d1%8b\\\/%d0%bd%d0%b0%d0%b1%d0%be%d1%80-%d1%88%d0%b0%d0%bc%d0%bf%d1%83%d1%80%d0%be%d0%b2-%d1%81-%d0%b3%d1%80%d0%b0%d0%b2%d0%b8%d1%80%d0%be%d0%b2%d0%ba%d0%be%d0%b9-%d0%b2%d0%b4%d0%be%d1%85%d0%bd%d0%be%d0%b2\\\/#primaryimage\",\"url\":\"https:\\\/\\\/iesmas.lt\\\/wp-content\\\/uploads\\\/2024\\\/03\\\/iesmu-rinkiniai-mamai-ikvepiantis.png\",\"contentUrl\":\"https:\\\/\\\/iesmas.lt\\\/wp-content\\\/uploads\\\/2024\\\/03\\\/iesmu-rinkiniai-mamai-ikvepiantis.png\",\"width\":700,\"height\":700},{\"@type\":\"BreadcrumbList\",\"@id\":\"https:\\\/\\\/iesmas.lt\\\/ru\\\/parduotuve\\\/%d0%b8%d0%bc%d0%b5%d0%bd%d0%bd%d1%8b%d0%b5-%d1%88%d0%b0%d0%bc%d0%bf%d1%83%d1%80%d1%8b\\\/%d0%bd%d0%b0%d0%b1%d0%be%d1%80-%d1%88%d0%b0%d0%bc%d0%bf%d1%83%d1%80%d0%be%d0%b2-%d1%81-%d0%b3%d1%80%d0%b0%d0%b2%d0%b8%d1%80%d0%be%d0%b2%d0%ba%d0%be%d0%b9-%d0%b2%d0%b4%d0%be%d1%85%d0%bd%d0%be%d0%b2\\\/#breadcrumb\",\"itemListElement\":[{\"@type\":\"ListItem\",\"position\":1,\"name\":\"Home\",\"item\":\"https:\\\/\\\/iesmas.lt\\\/ru\\\/?page_id=3321\"},{\"@type\":\"ListItem\",\"position\":2,\"name\":\"\u043c\u0430\u0433\u0430\u0437\u0438\u043d \u0448\u0430\u043c\u043f\u0443\u0440\u043e\u0432\",\"item\":\"https:\\\/\\\/iesmas.lt\\\/ru\\\/%d0%bc%d0%b0%d0%b3%d0%b0%d0%b7%d0%b8%d0%bd-%d1%88%d0%b0%d0%bc%d0%bf%d1%83%d1%80%d0%be%d0%b2\\\/\"},{\"@type\":\"ListItem\",\"position\":3,\"name\":\"\u041d\u0430\u0431\u043e\u0440 \u0448\u0430\u043c\u043f\u0443\u0440\u043e\u0432 \u0441 \u0433\u0440\u0430\u0432\u0438\u0440\u043e\u0432\u043a\u043e\u0439 &#8222;\u0412\u0434\u043e\u0445\u043d\u043e\u0432\u0435\u043d\u0438\u0435&#8221;\"}]},{\"@type\":\"WebSite\",\"@id\":\"https:\\\/\\\/iesmas.lt\\\/ru\\\/#website\",\"url\":\"https:\\\/\\\/iesmas.lt\\\/ru\\\/\",\"name\":\"IE\u0160MAS.LT\",\"description\":\"Specializuota ie\u0161m\u0173 parduotuv\u0117 - meistri\u0161kam kepimui\",\"publisher\":{\"@id\":\"https:\\\/\\\/iesmas.lt\\\/ru\\\/#organization\"},\"potentialAction\":[{\"@type\":\"SearchAction\",\"target\":{\"@type\":\"EntryPoint\",\"urlTemplate\":\"https:\\\/\\\/iesmas.lt\\\/ru\\\/?s={search_term_string}\"},\"query-input\":{\"@type\":\"PropertyValueSpecification\",\"valueRequired\":true,\"valueName\":\"search_term_string\"}}],\"inLanguage\":\"ru-RU\"},{\"@type\":\"Organization\",\"@id\":\"https:\\\/\\\/iesmas.lt\\\/ru\\\/#organization\",\"name\":\"IE\u0160MAS.LT\",\"url\":\"https:\\\/\\\/iesmas.lt\\\/ru\\\/\",\"logo\":{\"@type\":\"ImageObject\",\"inLanguage\":\"ru-RU\",\"@id\":\"https:\\\/\\\/iesmas.lt\\\/ru\\\/#\\\/schema\\\/logo\\\/image\\\/\",\"url\":\"https:\\\/\\\/iesmas.lt\\\/wp-content\\\/uploads\\\/2024\\\/01\\\/iesmas-logotipas-2_logo.png\",\"contentUrl\":\"https:\\\/\\\/iesmas.lt\\\/wp-content\\\/uploads\\\/2024\\\/01\\\/iesmas-logotipas-2_logo.png\",\"width\":1135,\"height\":284,\"caption\":\"IE\u0160MAS.LT\"},\"image\":{\"@id\":\"https:\\\/\\\/iesmas.lt\\\/ru\\\/#\\\/schema\\\/logo\\\/image\\\/\"}}]}<\/script>\n<!-- \/ Yoast SEO plugin. -->","yoast_head_json":{"title":"\u041d\u0430\u0431\u043e\u0440 \u0448\u0430\u043c\u043f\u0443\u0440\u043e\u0432 \u0441 \u0433\u0440\u0430\u0432\u0438\u0440\u043e\u0432\u043a\u043e\u0439 \"\u0412\u0434\u043e\u0445\u043d\u043e\u0432\u0435\u043d\u0438\u0435\" - IE\u0160MAS.LT - IE\u0160MAS.LT \u043b\u044e\u0431\u0438\u0442\u0435 mamai mamai","robots":{"index":"index","follow":"follow","max-snippet":"max-snippet:-1","max-image-preview":"max-image-preview:large","max-video-preview":"max-video-preview:-1"},"canonical":"https:\/\/iesmas.lt\/ru\/parduotuve\/%d0%b8%d0%bc%d0%b5%d0%bd%d0%bd%d1%8b%d0%b5-%d1%88%d0%b0%d0%bc%d0%bf%d1%83%d1%80%d1%8b\/%d0%bd%d0%b0%d0%b1%d0%be%d1%80-%d1%88%d0%b0%d0%bc%d0%bf%d1%83%d1%80%d0%be%d0%b2-%d1%81-%d0%b3%d1%80%d0%b0%d0%b2%d0%b8%d1%80%d0%be%d0%b2%d0%ba%d0%be%d0%b9-%d0%b2%d0%b4%d0%be%d1%85%d0%bd%d0%be%d0%b2\/","og_locale":"ru_RU","og_type":"article","og_title":"\u041d\u0430\u0431\u043e\u0440 \u0448\u0430\u043c\u043f\u0443\u0440\u043e\u0432 \u0441 \u0433\u0440\u0430\u0432\u0438\u0440\u043e\u0432\u043a\u043e\u0439 \"\u0412\u0434\u043e\u0445\u043d\u043e\u0432\u0435\u043d\u0438\u0435\" - IE\u0160MAS.LT - IE\u0160MAS.LT \u043b\u044e\u0431\u0438\u0442\u0435 mamai mamai","og_description":"\u041d\u0430\u0431\u043e\u0440 \"\u0412\u0434\u043e\u0445\u043d\u043e\u0432\u0435\u043d\u0438\u0435\" \u0441\u043e\u0441\u0442\u043e\u0438\u0442 \u0438\u0437 \u043f\u044f\u0442\u0438 \u0448\u0430\u043c\u043f\u0443\u0440\u043e\u0432 \u0438\u0437 \u043d\u0435\u0440\u0436\u0430\u0432\u0435\u044e\u0449\u0435\u0439 \u0441\u0442\u0430\u043b\u0438 \u0434\u043b\u0438\u043d\u043e\u0439 60 \u0441\u043c, \u0443\u043a\u0440\u0430\u0448\u0435\u043d\u043d\u044b\u0445 \u0432\u0434\u043e\u0445\u043d\u043e\u0432\u043b\u044f\u044e\u0449\u0438\u043c\u0438 \u043f\u043e\u0441\u043b\u0430\u043d\u0438\u044f\u043c\u0438. \u042d\u0442\u043e\u0442 \u043d\u0430\u0431\u043e\u0440 - \u0438\u0434\u0435\u0430\u043b\u044c\u043d\u044b\u0439 \u043f\u043e\u0434\u0430\u0440\u043e\u043a \u043d\u0430 \u0434\u0435\u043d\u044c \u0440\u043e\u0436\u0434\u0435\u043d\u0438\u044f \u0438 \u0414\u0435\u043d\u044c \u043c\u0430\u0442\u0435\u0440\u0438.","og_url":"https:\/\/iesmas.lt\/ru\/parduotuve\/%d0%b8%d0%bc%d0%b5%d0%bd%d0%bd%d1%8b%d0%b5-%d1%88%d0%b0%d0%bc%d0%bf%d1%83%d1%80%d1%8b\/%d0%bd%d0%b0%d0%b1%d0%be%d1%80-%d1%88%d0%b0%d0%bc%d0%bf%d1%83%d1%80%d0%be%d0%b2-%d1%81-%d0%b3%d1%80%d0%b0%d0%b2%d0%b8%d1%80%d0%be%d0%b2%d0%ba%d0%be%d0%b9-%d0%b2%d0%b4%d0%be%d1%85%d0%bd%d0%be%d0%b2\/","og_site_name":"IE\u0160MAS.LT","article_modified_time":"2025-10-27T13:52:48+00:00","og_image":[{"width":700,"height":700,"url":"https:\/\/iesmas.lt\/wp-content\/uploads\/2024\/03\/iesmu-rinkiniai-mamai-ikvepiantis.png","type":"image\/png"}],"twitter_card":"summary_large_image","twitter_misc":{"\u041f\u0440\u0438\u043c\u0435\u0440\u043d\u043e\u0435 \u0432\u0440\u0435\u043c\u044f \u0434\u043b\u044f \u0447\u0442\u0435\u043d\u0438\u044f":"1 \u043c\u0438\u043d\u0443\u0442\u0430"},"schema":{"@context":"https:\/\/schema.org","@graph":[{"@type":"WebPage","@id":"https:\/\/iesmas.lt\/ru\/parduotuve\/%d0%b8%d0%bc%d0%b5%d0%bd%d0%bd%d1%8b%d0%b5-%d1%88%d0%b0%d0%bc%d0%bf%d1%83%d1%80%d1%8b\/%d0%bd%d0%b0%d0%b1%d0%be%d1%80-%d1%88%d0%b0%d0%bc%d0%bf%d1%83%d1%80%d0%be%d0%b2-%d1%81-%d0%b3%d1%80%d0%b0%d0%b2%d0%b8%d1%80%d0%be%d0%b2%d0%ba%d0%be%d0%b9-%d0%b2%d0%b4%d0%be%d1%85%d0%bd%d0%be%d0%b2\/","url":"https:\/\/iesmas.lt\/ru\/parduotuve\/%d0%b8%d0%bc%d0%b5%d0%bd%d0%bd%d1%8b%d0%b5-%d1%88%d0%b0%d0%bc%d0%bf%d1%83%d1%80%d1%8b\/%d0%bd%d0%b0%d0%b1%d0%be%d1%80-%d1%88%d0%b0%d0%bc%d0%bf%d1%83%d1%80%d0%be%d0%b2-%d1%81-%d0%b3%d1%80%d0%b0%d0%b2%d0%b8%d1%80%d0%be%d0%b2%d0%ba%d0%be%d0%b9-%d0%b2%d0%b4%d0%be%d1%85%d0%bd%d0%be%d0%b2\/","name":"\u041d\u0430\u0431\u043e\u0440 \u0448\u0430\u043c\u043f\u0443\u0440\u043e\u0432 \u0441 \u0433\u0440\u0430\u0432\u0438\u0440\u043e\u0432\u043a\u043e\u0439 \"\u0412\u0434\u043e\u0445\u043d\u043e\u0432\u0435\u043d\u0438\u0435\" - IE\u0160MAS.LT - IE\u0160MAS.LT \u043b\u044e\u0431\u0438\u0442\u0435 mamai mamai","isPartOf":{"@id":"https:\/\/iesmas.lt\/ru\/#website"},"primaryImageOfPage":{"@id":"https:\/\/iesmas.lt\/ru\/parduotuve\/%d0%b8%d0%bc%d0%b5%d0%bd%d0%bd%d1%8b%d0%b5-%d1%88%d0%b0%d0%bc%d0%bf%d1%83%d1%80%d1%8b\/%d0%bd%d0%b0%d0%b1%d0%be%d1%80-%d1%88%d0%b0%d0%bc%d0%bf%d1%83%d1%80%d0%be%d0%b2-%d1%81-%d0%b3%d1%80%d0%b0%d0%b2%d0%b8%d1%80%d0%be%d0%b2%d0%ba%d0%be%d0%b9-%d0%b2%d0%b4%d0%be%d1%85%d0%bd%d0%be%d0%b2\/#primaryimage"},"image":{"@id":"https:\/\/iesmas.lt\/ru\/parduotuve\/%d0%b8%d0%bc%d0%b5%d0%bd%d0%bd%d1%8b%d0%b5-%d1%88%d0%b0%d0%bc%d0%bf%d1%83%d1%80%d1%8b\/%d0%bd%d0%b0%d0%b1%d0%be%d1%80-%d1%88%d0%b0%d0%bc%d0%bf%d1%83%d1%80%d0%be%d0%b2-%d1%81-%d0%b3%d1%80%d0%b0%d0%b2%d0%b8%d1%80%d0%be%d0%b2%d0%ba%d0%be%d0%b9-%d0%b2%d0%b4%d0%be%d1%85%d0%bd%d0%be%d0%b2\/#primaryimage"},"thumbnailUrl":"https:\/\/iesmas.lt\/wp-content\/uploads\/2024\/03\/iesmu-rinkiniai-mamai-ikvepiantis.png","datePublished":"2024-02-18T22:12:30+00:00","dateModified":"2025-10-27T13:52:48+00:00","breadcrumb":{"@id":"https:\/\/iesmas.lt\/ru\/parduotuve\/%d0%b8%d0%bc%d0%b5%d0%bd%d0%bd%d1%8b%d0%b5-%d1%88%d0%b0%d0%bc%d0%bf%d1%83%d1%80%d1%8b\/%d0%bd%d0%b0%d0%b1%d0%be%d1%80-%d1%88%d0%b0%d0%bc%d0%bf%d1%83%d1%80%d0%be%d0%b2-%d1%81-%d0%b3%d1%80%d0%b0%d0%b2%d0%b8%d1%80%d0%be%d0%b2%d0%ba%d0%be%d0%b9-%d0%b2%d0%b4%d0%be%d1%85%d0%bd%d0%be%d0%b2\/#breadcrumb"},"inLanguage":"ru-RU","potentialAction":[{"@type":"ReadAction","target":["https:\/\/iesmas.lt\/ru\/parduotuve\/%d0%b8%d0%bc%d0%b5%d0%bd%d0%bd%d1%8b%d0%b5-%d1%88%d0%b0%d0%bc%d0%bf%d1%83%d1%80%d1%8b\/%d0%bd%d0%b0%d0%b1%d0%be%d1%80-%d1%88%d0%b0%d0%bc%d0%bf%d1%83%d1%80%d0%be%d0%b2-%d1%81-%d0%b3%d1%80%d0%b0%d0%b2%d0%b8%d1%80%d0%be%d0%b2%d0%ba%d0%be%d0%b9-%d0%b2%d0%b4%d0%be%d1%85%d0%bd%d0%be%d0%b2\/"]}]},{"@type":"ImageObject","inLanguage":"ru-RU","@id":"https:\/\/iesmas.lt\/ru\/parduotuve\/%d0%b8%d0%bc%d0%b5%d0%bd%d0%bd%d1%8b%d0%b5-%d1%88%d0%b0%d0%bc%d0%bf%d1%83%d1%80%d1%8b\/%d0%bd%d0%b0%d0%b1%d0%be%d1%80-%d1%88%d0%b0%d0%bc%d0%bf%d1%83%d1%80%d0%be%d0%b2-%d1%81-%d0%b3%d1%80%d0%b0%d0%b2%d0%b8%d1%80%d0%be%d0%b2%d0%ba%d0%be%d0%b9-%d0%b2%d0%b4%d0%be%d1%85%d0%bd%d0%be%d0%b2\/#primaryimage","url":"https:\/\/iesmas.lt\/wp-content\/uploads\/2024\/03\/iesmu-rinkiniai-mamai-ikvepiantis.png","contentUrl":"https:\/\/iesmas.lt\/wp-content\/uploads\/2024\/03\/iesmu-rinkiniai-mamai-ikvepiantis.png","width":700,"height":700},{"@type":"BreadcrumbList","@id":"https:\/\/iesmas.lt\/ru\/parduotuve\/%d0%b8%d0%bc%d0%b5%d0%bd%d0%bd%d1%8b%d0%b5-%d1%88%d0%b0%d0%bc%d0%bf%d1%83%d1%80%d1%8b\/%d0%bd%d0%b0%d0%b1%d0%be%d1%80-%d1%88%d0%b0%d0%bc%d0%bf%d1%83%d1%80%d0%be%d0%b2-%d1%81-%d0%b3%d1%80%d0%b0%d0%b2%d0%b8%d1%80%d0%be%d0%b2%d0%ba%d0%be%d0%b9-%d0%b2%d0%b4%d0%be%d1%85%d0%bd%d0%be%d0%b2\/#breadcrumb","itemListElement":[{"@type":"ListItem","position":1,"name":"Home","item":"https:\/\/iesmas.lt\/ru\/?page_id=3321"},{"@type":"ListItem","position":2,"name":"\u043c\u0430\u0433\u0430\u0437\u0438\u043d \u0448\u0430\u043c\u043f\u0443\u0440\u043e\u0432","item":"https:\/\/iesmas.lt\/ru\/%d0%bc%d0%b0%d0%b3%d0%b0%d0%b7%d0%b8%d0%bd-%d1%88%d0%b0%d0%bc%d0%bf%d1%83%d1%80%d0%be%d0%b2\/"},{"@type":"ListItem","position":3,"name":"\u041d\u0430\u0431\u043e\u0440 \u0448\u0430\u043c\u043f\u0443\u0440\u043e\u0432 \u0441 \u0433\u0440\u0430\u0432\u0438\u0440\u043e\u0432\u043a\u043e\u0439 &#8222;\u0412\u0434\u043e\u0445\u043d\u043e\u0432\u0435\u043d\u0438\u0435&#8221;"}]},{"@type":"WebSite","@id":"https:\/\/iesmas.lt\/ru\/#website","url":"https:\/\/iesmas.lt\/ru\/","name":"IE\u0160MAS.LT","description":"Specializuota ie\u0161m\u0173 parduotuv\u0117 - meistri\u0161kam kepimui","publisher":{"@id":"https:\/\/iesmas.lt\/ru\/#organization"},"potentialAction":[{"@type":"SearchAction","target":{"@type":"EntryPoint","urlTemplate":"https:\/\/iesmas.lt\/ru\/?s={search_term_string}"},"query-input":{"@type":"PropertyValueSpecification","valueRequired":true,"valueName":"search_term_string"}}],"inLanguage":"ru-RU"},{"@type":"Organization","@id":"https:\/\/iesmas.lt\/ru\/#organization","name":"IE\u0160MAS.LT","url":"https:\/\/iesmas.lt\/ru\/","logo":{"@type":"ImageObject","inLanguage":"ru-RU","@id":"https:\/\/iesmas.lt\/ru\/#\/schema\/logo\/image\/","url":"https:\/\/iesmas.lt\/wp-content\/uploads\/2024\/01\/iesmas-logotipas-2_logo.png","contentUrl":"https:\/\/iesmas.lt\/wp-content\/uploads\/2024\/01\/iesmas-logotipas-2_logo.png","width":1135,"height":284,"caption":"IE\u0160MAS.LT"},"image":{"@id":"https:\/\/iesmas.lt\/ru\/#\/schema\/logo\/image\/"}}]}},"_links":{"self":[{"href":"https:\/\/iesmas.lt\/ru\/wp-json\/wp\/v2\/product\/3473","targetHints":{"allow":["GET"]}}],"collection":[{"href":"https:\/\/iesmas.lt\/ru\/wp-json\/wp\/v2\/product"}],"about":[{"href":"https:\/\/iesmas.lt\/ru\/wp-json\/wp\/v2\/types\/product"}],"replies":[{"embeddable":true,"href":"https:\/\/iesmas.lt\/ru\/wp-json\/wp\/v2\/comments?post=3473"}],"wp:featuredmedia":[{"embeddable":true,"href":"https:\/\/iesmas.lt\/ru\/wp-json\/wp\/v2\/media\/3256"}],"wp:attachment":[{"href":"https:\/\/iesmas.lt\/ru\/wp-json\/wp\/v2\/media?parent=3473"}],"wp:term":[{"taxonomy":"product_brand","embeddable":true,"href":"https:\/\/iesmas.lt\/ru\/wp-json\/wp\/v2\/product_brand?post=3473"},{"taxonomy":"product_cat","embeddable":true,"href":"https:\/\/iesmas.lt\/ru\/wp-json\/wp\/v2\/product_cat?post=3473"},{"taxonomy":"product_tag","embeddable":true,"href":"https:\/\/iesmas.lt\/ru\/wp-json\/wp\/v2\/product_tag?post=3473"}],"curies":[{"name":"wp","href":"https:\/\/api.w.org\/{rel}","templated":true}]}}