{"id":3445,"date":"2024-02-19T00:12:31","date_gmt":"2024-02-18T22:12:31","guid":{"rendered":"https:\/\/iesmas.lt\/parduotuve\/uncategorized\/%d0%b2%d0%b5%d1%80%d1%82%d0%b5%d0%bb-%d0%b4%d0%bb%d1%8f-%d1%88%d0%b0%d1%88%d0%bb%d1%8b%d0%ba%d0%be%d0%b2-%d1%88%d0%b0%d1%88%d0%bb%d1%8b%d1%87%d0%bd%d0%b8%d1%86%d0%b0-%d1%81-%d1%80%d1%83%d1%87%d0%ba\/"},"modified":"2025-10-27T20:43:02","modified_gmt":"2025-10-27T18:43:02","slug":"%d0%b2%d0%b5%d1%80%d1%82%d0%b5%d0%bb-%d0%b4%d0%bb%d1%8f-%d1%88%d0%b0%d1%88%d0%bb%d1%8b%d0%ba%d0%be%d0%b2-%d1%88%d0%b0%d1%88%d0%bb%d1%8b%d1%87%d0%bd%d0%b8%d1%86%d0%b0-%d1%81-%d1%80%d1%83%d1%87%d0%ba","status":"publish","type":"product","link":"https:\/\/iesmas.lt\/ru\/parduotuve\/%d1%88%d0%b0%d0%bc%d0%bf%d1%83%d1%80%d1%8b-%d0%b4%d0%bb%d1%8f-%d1%88%d0%b0%d1%88%d0%bb%d1%8b%d0%ba%d0%b0\/%d0%b2%d0%b5%d1%80%d1%82%d0%b5%d0%bb-%d0%b4%d0%bb%d1%8f-%d1%88%d0%b0%d1%88%d0%bb%d1%8b%d0%ba%d0%be%d0%b2-%d1%88%d0%b0%d1%88%d0%bb%d1%8b%d1%87%d0%bd%d0%b8%d1%86%d0%b0-%d1%81-%d1%80%d1%83%d1%87%d0%ba\/","title":{"rendered":"\u0412\u0435\u0440\u0442\u0435\u043b \u0434\u043b\u044f \u0448\u0430\u0448\u043b\u044b\u043a\u043e\u0432, \u0448\u0430\u0448\u043b\u044b\u0447\u043d\u0438\u0446\u0430 \u0441 \u0440\u0443\u0447\u043a\u043e\u0439 \u0434\u043b\u0438\u043d\u043e\u0439 83 \u0441\u043c"},"content":{"rendered":"<p>&#171;\u0428\u0430\u043c\u043f\u0443\u0440\u0430 KAR DUS &#8212; \u044d\u0442\u043e \u044d\u0441\u0442\u0435\u0442\u0438\u0447\u043d\u044b\u0439 \u0438 \u0444\u0443\u043d\u043a\u0446\u0438\u043e\u043d\u0430\u043b\u044c\u043d\u044b\u0439 \u0432\u044b\u0431\u043e\u0440 \u0434\u043b\u044f \u043a\u0430\u0436\u0434\u043e\u0433\u043e, \u043a\u0442\u043e \u0446\u0435\u043d\u0438\u0442 \u043a\u0430\u0447\u0435\u0441\u0442\u0432\u043e \u0438 \u043f\u0440\u043e\u0447\u043d\u043e\u0441\u0442\u044c.<br \/>\n\u0421 \u044d\u0442\u0438\u043c \u0448\u0430\u043c\u043f\u0443\u0440\u043e\u043c \u0438\u0437 \u043d\u0435\u0440\u0436\u0430\u0432\u0435\u044e\u0449\u0435\u0439 \u0441\u0442\u0430\u043b\u0438 \u043b\u044e\u0431\u043e\u0435 \u0431\u0430\u0440\u0431\u0435\u043a\u044e \u0431\u0443\u0434\u0435\u0442 \u043d\u0435 \u0442\u043e\u043b\u044c\u043a\u043e \u0431\u043e\u043b\u0435\u0435 \u0432\u043a\u0443\u0441\u043d\u044b\u043c, \u043d\u043e \u0438 \u0431\u043e\u043b\u0435\u0435 \u0437\u0430\u043f\u043e\u043c\u0438\u043d\u0430\u044e\u0449\u0438\u043c\u0441\u044f.<br \/>\n\u0414\u0438\u0437\u0430\u0439\u043d \u044d\u0442\u043e\u0433\u043e \u0448\u0430\u043c\u043f\u0443\u0440\u0430 \u0440\u0430\u0437\u0440\u0430\u0431\u043e\u0442\u0430\u043d \u0441\u043f\u0435\u0446\u0438\u0430\u043b\u044c\u043d\u043e \u0434\u043b\u044f \u043c\u0443\u0436\u0447\u0438\u043d, \u0430 \u0443\u0434\u043e\u0431\u043d\u0430\u044f \u0440\u0443\u0447\u043a\u0430 \u043e\u0431\u0435\u0441\u043f\u0435\u0447\u0438\u0432\u0430\u0435\u0442 \u043b\u0435\u0433\u043a\u0438\u0439 \u0437\u0430\u0445\u0432\u0430\u0442 \u0438 \u043a\u043e\u043c\u0444\u043e\u0440\u0442\u043d\u043e\u0435 \u043f\u043e\u0434\u0432\u0435\u0448\u0438\u0432\u0430\u043d\u0438\u0435.<br \/>\n\u041f\u0440\u0438 \u0440\u0430\u0431\u043e\u0447\u0435\u0439 \u0434\u043b\u0438\u043d\u0435 60 \u0441\u043c, \u0448\u0438\u0440\u0438\u043d\u0435 13 \u043c\u043c \u0438 \u0442\u043e\u043b\u0449\u0438\u043d\u0435 3 \u043c\u043c \u044d\u0442\u043e\u0442 \u0448\u0430\u043c\u043f\u0443\u0440 \u0434\u043b\u0438\u043d\u043e\u0439 83 \u0441\u043c \u043e\u0431\u0435\u0441\u043f\u0435\u0447\u0438\u0432\u0430\u0435\u0442 \u0434\u043e\u043f\u043e\u043b\u043d\u0438\u0442\u0435\u043b\u044c\u043d\u0443\u044e \u043f\u0440\u043e\u0447\u043d\u043e\u0441\u0442\u044c \u0438 \u0443\u0441\u0442\u043e\u0439\u0447\u0438\u0432\u043e\u0441\u0442\u044c \u0432\u043e \u0432\u0440\u0435\u043c\u044f \u043f\u0440\u0438\u0433\u043e\u0442\u043e\u0432\u043b\u0435\u043d\u0438\u044f \u043f\u0438\u0449\u0438.<br \/>\n\u0415\u0433\u043e \u0443\u043d\u0438\u043a\u0430\u043b\u044c\u043d\u044b\u0439 \u0434\u0438\u0437\u0430\u0439\u043d \u0448\u0438\u0440\u0435, \u0447\u0435\u043c \u0443 \u0441\u0442\u0430\u043d\u0434\u0430\u0440\u0442\u043d\u044b\u0445 \u0448\u0430\u043c\u043f\u0443\u0440\u043e\u0432, \u0447\u0442\u043e \u0434\u0435\u043b\u0430\u0435\u0442 \u0435\u0433\u043e \u0438\u0434\u0435\u0430\u043b\u044c\u043d\u044b\u043c \u0434\u043b\u044f \u0448\u0438\u0440\u043e\u043a\u043e\u0433\u043e \u0441\u043f\u0435\u043a\u0442\u0440\u0430 \u043a\u0443\u043b\u0438\u043d\u0430\u0440\u043d\u044b\u0445 \u0441\u0438\u0442\u0443\u0430\u0446\u0438\u0439, \u0432\u043a\u043b\u044e\u0447\u0430\u044f \u043e\u0431\u0436\u0430\u0440\u0438\u0432\u0430\u043d\u0438\u0435 \u043c\u044f\u0441\u043d\u043e\u0433\u043e \u0444\u0430\u0440\u0448\u0430 \u0438\u043b\u0438 \u0431\u0430\u0440\u0431\u0435\u043a\u044e.<br \/>\n\u0418\u0437\u0433\u043e\u0442\u043e\u0432\u043b\u0435\u043d\u043d\u044b\u0439 \u0438\u0437 \u0432\u044b\u0441\u043e\u043a\u043e\u043a\u0430\u0447\u0435\u0441\u0442\u0432\u0435\u043d\u043d\u043e\u0439 \u043d\u0435\u0440\u0436\u0430\u0432\u0435\u044e\u0449\u0435\u0439 \u0441\u0442\u0430\u043b\u0438, \u043f\u0440\u043e\u0438\u0437\u0432\u043e\u0434\u0438\u0442\u0435\u043b\u044c \u0433\u0430\u0440\u0430\u043d\u0442\u0438\u0440\u0443\u0435\u0442 \u0434\u043e\u043b\u0433\u043e\u0432\u0435\u0447\u043d\u043e\u0441\u0442\u044c \u0438 \u0443\u0434\u043e\u0431\u0441\u0442\u0432\u043e \u0434\u043b\u044f \u043a\u0430\u0436\u0434\u043e\u0433\u043e \u043f\u0435\u043a\u0430\u0440\u044f.<br \/>\n\u041f\u0440\u043e\u0434\u0430\u0435\u0442\u0441\u044f \u043f\u043e \u043e\u0434\u043d\u043e\u0439 \u0448\u0442\u0443\u043a\u0435.      <\/p>\n","protected":false},"excerpt":{"rendered":"<p>\u0423\u043d\u0438\u0432\u0435\u0440\u0441\u0430\u043b\u044c\u043d\u044b\u0439 \u0448\u0430\u043c\u043f\u0443\u0440 \u0438\u0437 \u043d\u0435\u0440\u0436\u0430\u0432\u0435\u044e\u0449\u0435\u0439 \u0441\u0442\u0430\u043b\u0438 \u0441 \u0440\u0443\u0447\u043a\u043e\u0439 13&#215;3 \u043c\u043c.<br \/>\n\u0418\u0441\u043a\u043b\u044e\u0447\u0438\u0442\u0435\u043b\u044c\u043d\u043e \u0434\u043b\u0438\u043d\u043d\u044b\u0435 \u0434\u043b\u044f \u0431\u043e\u043b\u044c\u0448\u0438\u0445 \u0433\u0440\u0438\u043b\u0435\u0439 \u0438 \u0431\u0430\u0440\u0431\u0435\u043a\u044e. <\/p>\n","protected":false},"featured_media":3204,"comment_status":"open","ping_status":"closed","template":"","meta":{"site-sidebar-layout":"default","site-content-layout":"","ast-site-content-layout":"default","site-content-style":"default","site-sidebar-style":"default","ast-global-header-display":"","ast-banner-title-visibility":"","ast-main-header-display":"","ast-hfb-above-header-display":"","ast-hfb-below-header-display":"","ast-hfb-mobile-header-display":"","site-post-title":"","ast-breadcrumbs-content":"","ast-featured-img":"","footer-sml-layout":"","ast-disable-related-posts":"","theme-transparent-header-meta":"default","adv-header-id-meta":"","stick-header-meta":"","header-above-stick-meta":"","header-main-stick-meta":"","header-below-stick-meta":"","astra-migrate-meta-layouts":"default","ast-page-background-enabled":"default","ast-page-background-meta":{"desktop":{"background-color":"","background-image":"","background-repeat":"repeat","background-position":"center center","background-size":"auto","background-attachment":"scroll","background-type":"","background-media":"","overlay-type":"","overlay-color":"","overlay-opacity":"","overlay-gradient":""},"tablet":{"background-color":"","background-image":"","background-repeat":"repeat","background-position":"center center","background-size":"auto","background-attachment":"scroll","background-type":"","background-media":"","overlay-type":"","overlay-color":"","overlay-opacity":"","overlay-gradient":""},"mobile":{"background-color":"","background-image":"","background-repeat":"repeat","background-position":"center center","background-size":"auto","background-attachment":"scroll","background-type":"","background-media":"","overlay-type":"","overlay-color":"","overlay-opacity":"","overlay-gradient":""}},"ast-content-background-meta":{"desktop":{"background-color":"var(--ast-global-color-5)","background-image":"","background-repeat":"repeat","background-position":"center center","background-size":"auto","background-attachment":"scroll","background-type":"","background-media":"","overlay-type":"","overlay-color":"","overlay-opacity":"","overlay-gradient":""},"tablet":{"background-color":"var(--ast-global-color-5)","background-image":"","background-repeat":"repeat","background-position":"center center","background-size":"auto","background-attachment":"scroll","background-type":"","background-media":"","overlay-type":"","overlay-color":"","overlay-opacity":"","overlay-gradient":""},"mobile":{"background-color":"var(--ast-global-color-5)","background-image":"","background-repeat":"repeat","background-position":"center center","background-size":"auto","background-attachment":"scroll","background-type":"","background-media":"","overlay-type":"","overlay-color":"","overlay-opacity":"","overlay-gradient":""}}},"product_brand":[],"product_cat":[177,123],"product_tag":[144,125,164],"class_list":{"0":"post-3445","1":"product","2":"type-product","3":"status-publish","4":"has-post-thumbnail","6":"product_cat-177","7":"product_cat-123","8":"product_tag----ru","9":"product_tag-125","10":"product_tag-164","11":"desktop-align-left","12":"tablet-align-left","13":"mobile-align-left","14":"ast-product-gallery-layout-first-image-large","15":"ast-product-tabs-layout-distributed","16":"ast-qv-on-image","18":"first","19":"instock","20":"taxable","21":"shipping-taxable","22":"purchasable","23":"product-type-simple"},"yoast_head":"<!-- This site is optimized with the Yoast SEO plugin v27.5 - https:\/\/yoast.com\/product\/yoast-seo-wordpress\/ -->\n<title>\u0412\u0435\u0440\u0442\u0435\u043b \u0434\u043b\u044f \u0448\u0430\u0448\u043b\u044b\u043a\u043e\u0432, \u0448\u0430\u0448\u043b\u044b\u0447\u043d\u0438\u0446\u0430 \u0441 \u0440\u0443\u0447\u043a\u043e\u0439 \u0434\u043b\u0438\u043d\u043e\u0439 83 \u0441\u043c - IE\u0160MAS.LT<\/title>\n<meta name=\"robots\" content=\"index, follow, max-snippet:-1, max-image-preview:large, max-video-preview:-1\" \/>\n<link rel=\"canonical\" href=\"https:\/\/iesmas.lt\/ru\/parduotuve\/%d1%88%d0%b0%d0%bc%d0%bf%d1%83%d1%80%d1%8b-%d0%b4%d0%bb%d1%8f-%d1%88%d0%b0%d1%88%d0%bb%d1%8b%d0%ba%d0%b0\/%d0%b2%d0%b5%d1%80%d1%82%d0%b5%d0%bb-%d0%b4%d0%bb%d1%8f-%d1%88%d0%b0%d1%88%d0%bb%d1%8b%d0%ba%d0%be%d0%b2-%d1%88%d0%b0%d1%88%d0%bb%d1%8b%d1%87%d0%bd%d0%b8%d1%86%d0%b0-%d1%81-%d1%80%d1%83%d1%87%d0%ba\/\" \/>\n<meta property=\"og:locale\" content=\"ru_RU\" \/>\n<meta property=\"og:type\" content=\"article\" \/>\n<meta property=\"og:title\" content=\"\u0412\u0435\u0440\u0442\u0435\u043b \u0434\u043b\u044f \u0448\u0430\u0448\u043b\u044b\u043a\u043e\u0432, \u0448\u0430\u0448\u043b\u044b\u0447\u043d\u0438\u0446\u0430 \u0441 \u0440\u0443\u0447\u043a\u043e\u0439 \u0434\u043b\u0438\u043d\u043e\u0439 83 \u0441\u043c - IE\u0160MAS.LT\" \/>\n<meta property=\"og:description\" content=\"\u0423\u043d\u0438\u0432\u0435\u0440\u0441\u0430\u043b\u044c\u043d\u044b\u0439 \u0448\u0430\u043c\u043f\u0443\u0440 \u0438\u0437 \u043d\u0435\u0440\u0436\u0430\u0432\u0435\u044e\u0449\u0435\u0439 \u0441\u0442\u0430\u043b\u0438 \u0441 \u0440\u0443\u0447\u043a\u043e\u0439 13x3 \u043c\u043c. \u0418\u0441\u043a\u043b\u044e\u0447\u0438\u0442\u0435\u043b\u044c\u043d\u043e \u0434\u043b\u0438\u043d\u043d\u044b\u0435 \u0434\u043b\u044f \u0431\u043e\u043b\u044c\u0448\u0438\u0445 \u0433\u0440\u0438\u043b\u0435\u0439 \u0438 \u0431\u0430\u0440\u0431\u0435\u043a\u044e.\" \/>\n<meta property=\"og:url\" content=\"https:\/\/iesmas.lt\/ru\/parduotuve\/%d1%88%d0%b0%d0%bc%d0%bf%d1%83%d1%80%d1%8b-%d0%b4%d0%bb%d1%8f-%d1%88%d0%b0%d1%88%d0%bb%d1%8b%d0%ba%d0%b0\/%d0%b2%d0%b5%d1%80%d1%82%d0%b5%d0%bb-%d0%b4%d0%bb%d1%8f-%d1%88%d0%b0%d1%88%d0%bb%d1%8b%d0%ba%d0%be%d0%b2-%d1%88%d0%b0%d1%88%d0%bb%d1%8b%d1%87%d0%bd%d0%b8%d1%86%d0%b0-%d1%81-%d1%80%d1%83%d1%87%d0%ba\/\" \/>\n<meta property=\"og:site_name\" content=\"IE\u0160MAS.LT\" \/>\n<meta property=\"article:modified_time\" content=\"2025-10-27T18:43:02+00:00\" \/>\n<meta property=\"og:image\" content=\"https:\/\/iesmas.lt\/wp-content\/uploads\/2024\/02\/iesmai-kebabams-saslykams-su-rankena.png\" \/>\n\t<meta property=\"og:image:width\" content=\"700\" \/>\n\t<meta property=\"og:image:height\" content=\"700\" \/>\n\t<meta property=\"og:image:type\" content=\"image\/png\" \/>\n<meta name=\"twitter:card\" content=\"summary_large_image\" \/>\n<script type=\"application\/ld+json\" class=\"yoast-schema-graph\">{\"@context\":\"https:\\\/\\\/schema.org\",\"@graph\":[{\"@type\":\"WebPage\",\"@id\":\"https:\\\/\\\/iesmas.lt\\\/ru\\\/parduotuve\\\/%d1%88%d0%b0%d0%bc%d0%bf%d1%83%d1%80%d1%8b-%d0%b4%d0%bb%d1%8f-%d1%88%d0%b0%d1%88%d0%bb%d1%8b%d0%ba%d0%b0\\\/%d0%b2%d0%b5%d1%80%d1%82%d0%b5%d0%bb-%d0%b4%d0%bb%d1%8f-%d1%88%d0%b0%d1%88%d0%bb%d1%8b%d0%ba%d0%be%d0%b2-%d1%88%d0%b0%d1%88%d0%bb%d1%8b%d1%87%d0%bd%d0%b8%d1%86%d0%b0-%d1%81-%d1%80%d1%83%d1%87%d0%ba\\\/\",\"url\":\"https:\\\/\\\/iesmas.lt\\\/ru\\\/parduotuve\\\/%d1%88%d0%b0%d0%bc%d0%bf%d1%83%d1%80%d1%8b-%d0%b4%d0%bb%d1%8f-%d1%88%d0%b0%d1%88%d0%bb%d1%8b%d0%ba%d0%b0\\\/%d0%b2%d0%b5%d1%80%d1%82%d0%b5%d0%bb-%d0%b4%d0%bb%d1%8f-%d1%88%d0%b0%d1%88%d0%bb%d1%8b%d0%ba%d0%be%d0%b2-%d1%88%d0%b0%d1%88%d0%bb%d1%8b%d1%87%d0%bd%d0%b8%d1%86%d0%b0-%d1%81-%d1%80%d1%83%d1%87%d0%ba\\\/\",\"name\":\"\u0412\u0435\u0440\u0442\u0435\u043b \u0434\u043b\u044f \u0448\u0430\u0448\u043b\u044b\u043a\u043e\u0432, \u0448\u0430\u0448\u043b\u044b\u0447\u043d\u0438\u0446\u0430 \u0441 \u0440\u0443\u0447\u043a\u043e\u0439 \u0434\u043b\u0438\u043d\u043e\u0439 83 \u0441\u043c - IE\u0160MAS.LT\",\"isPartOf\":{\"@id\":\"https:\\\/\\\/iesmas.lt\\\/ru\\\/#website\"},\"primaryImageOfPage\":{\"@id\":\"https:\\\/\\\/iesmas.lt\\\/ru\\\/parduotuve\\\/%d1%88%d0%b0%d0%bc%d0%bf%d1%83%d1%80%d1%8b-%d0%b4%d0%bb%d1%8f-%d1%88%d0%b0%d1%88%d0%bb%d1%8b%d0%ba%d0%b0\\\/%d0%b2%d0%b5%d1%80%d1%82%d0%b5%d0%bb-%d0%b4%d0%bb%d1%8f-%d1%88%d0%b0%d1%88%d0%bb%d1%8b%d0%ba%d0%be%d0%b2-%d1%88%d0%b0%d1%88%d0%bb%d1%8b%d1%87%d0%bd%d0%b8%d1%86%d0%b0-%d1%81-%d1%80%d1%83%d1%87%d0%ba\\\/#primaryimage\"},\"image\":{\"@id\":\"https:\\\/\\\/iesmas.lt\\\/ru\\\/parduotuve\\\/%d1%88%d0%b0%d0%bc%d0%bf%d1%83%d1%80%d1%8b-%d0%b4%d0%bb%d1%8f-%d1%88%d0%b0%d1%88%d0%bb%d1%8b%d0%ba%d0%b0\\\/%d0%b2%d0%b5%d1%80%d1%82%d0%b5%d0%bb-%d0%b4%d0%bb%d1%8f-%d1%88%d0%b0%d1%88%d0%bb%d1%8b%d0%ba%d0%be%d0%b2-%d1%88%d0%b0%d1%88%d0%bb%d1%8b%d1%87%d0%bd%d0%b8%d1%86%d0%b0-%d1%81-%d1%80%d1%83%d1%87%d0%ba\\\/#primaryimage\"},\"thumbnailUrl\":\"https:\\\/\\\/iesmas.lt\\\/wp-content\\\/uploads\\\/2024\\\/02\\\/iesmai-kebabams-saslykams-su-rankena.png\",\"datePublished\":\"2024-02-18T22:12:31+00:00\",\"dateModified\":\"2025-10-27T18:43:02+00:00\",\"breadcrumb\":{\"@id\":\"https:\\\/\\\/iesmas.lt\\\/ru\\\/parduotuve\\\/%d1%88%d0%b0%d0%bc%d0%bf%d1%83%d1%80%d1%8b-%d0%b4%d0%bb%d1%8f-%d1%88%d0%b0%d1%88%d0%bb%d1%8b%d0%ba%d0%b0\\\/%d0%b2%d0%b5%d1%80%d1%82%d0%b5%d0%bb-%d0%b4%d0%bb%d1%8f-%d1%88%d0%b0%d1%88%d0%bb%d1%8b%d0%ba%d0%be%d0%b2-%d1%88%d0%b0%d1%88%d0%bb%d1%8b%d1%87%d0%bd%d0%b8%d1%86%d0%b0-%d1%81-%d1%80%d1%83%d1%87%d0%ba\\\/#breadcrumb\"},\"inLanguage\":\"ru-RU\",\"potentialAction\":[{\"@type\":\"ReadAction\",\"target\":[\"https:\\\/\\\/iesmas.lt\\\/ru\\\/parduotuve\\\/%d1%88%d0%b0%d0%bc%d0%bf%d1%83%d1%80%d1%8b-%d0%b4%d0%bb%d1%8f-%d1%88%d0%b0%d1%88%d0%bb%d1%8b%d0%ba%d0%b0\\\/%d0%b2%d0%b5%d1%80%d1%82%d0%b5%d0%bb-%d0%b4%d0%bb%d1%8f-%d1%88%d0%b0%d1%88%d0%bb%d1%8b%d0%ba%d0%be%d0%b2-%d1%88%d0%b0%d1%88%d0%bb%d1%8b%d1%87%d0%bd%d0%b8%d1%86%d0%b0-%d1%81-%d1%80%d1%83%d1%87%d0%ba\\\/\"]}]},{\"@type\":\"ImageObject\",\"inLanguage\":\"ru-RU\",\"@id\":\"https:\\\/\\\/iesmas.lt\\\/ru\\\/parduotuve\\\/%d1%88%d0%b0%d0%bc%d0%bf%d1%83%d1%80%d1%8b-%d0%b4%d0%bb%d1%8f-%d1%88%d0%b0%d1%88%d0%bb%d1%8b%d0%ba%d0%b0\\\/%d0%b2%d0%b5%d1%80%d1%82%d0%b5%d0%bb-%d0%b4%d0%bb%d1%8f-%d1%88%d0%b0%d1%88%d0%bb%d1%8b%d0%ba%d0%be%d0%b2-%d1%88%d0%b0%d1%88%d0%bb%d1%8b%d1%87%d0%bd%d0%b8%d1%86%d0%b0-%d1%81-%d1%80%d1%83%d1%87%d0%ba\\\/#primaryimage\",\"url\":\"https:\\\/\\\/iesmas.lt\\\/wp-content\\\/uploads\\\/2024\\\/02\\\/iesmai-kebabams-saslykams-su-rankena.png\",\"contentUrl\":\"https:\\\/\\\/iesmas.lt\\\/wp-content\\\/uploads\\\/2024\\\/02\\\/iesmai-kebabams-saslykams-su-rankena.png\",\"width\":700,\"height\":700},{\"@type\":\"BreadcrumbList\",\"@id\":\"https:\\\/\\\/iesmas.lt\\\/ru\\\/parduotuve\\\/%d1%88%d0%b0%d0%bc%d0%bf%d1%83%d1%80%d1%8b-%d0%b4%d0%bb%d1%8f-%d1%88%d0%b0%d1%88%d0%bb%d1%8b%d0%ba%d0%b0\\\/%d0%b2%d0%b5%d1%80%d1%82%d0%b5%d0%bb-%d0%b4%d0%bb%d1%8f-%d1%88%d0%b0%d1%88%d0%bb%d1%8b%d0%ba%d0%be%d0%b2-%d1%88%d0%b0%d1%88%d0%bb%d1%8b%d1%87%d0%bd%d0%b8%d1%86%d0%b0-%d1%81-%d1%80%d1%83%d1%87%d0%ba\\\/#breadcrumb\",\"itemListElement\":[{\"@type\":\"ListItem\",\"position\":1,\"name\":\"Home\",\"item\":\"https:\\\/\\\/iesmas.lt\\\/ru\\\/?page_id=3321\"},{\"@type\":\"ListItem\",\"position\":2,\"name\":\"\u043c\u0430\u0433\u0430\u0437\u0438\u043d \u0448\u0430\u043c\u043f\u0443\u0440\u043e\u0432\",\"item\":\"https:\\\/\\\/iesmas.lt\\\/ru\\\/%d0%bc%d0%b0%d0%b3%d0%b0%d0%b7%d0%b8%d0%bd-%d1%88%d0%b0%d0%bc%d0%bf%d1%83%d1%80%d0%be%d0%b2\\\/\"},{\"@type\":\"ListItem\",\"position\":3,\"name\":\"\u0412\u0435\u0440\u0442\u0435\u043b \u0434\u043b\u044f \u0448\u0430\u0448\u043b\u044b\u043a\u043e\u0432, \u0448\u0430\u0448\u043b\u044b\u0447\u043d\u0438\u0446\u0430 \u0441 \u0440\u0443\u0447\u043a\u043e\u0439 \u0434\u043b\u0438\u043d\u043e\u0439 83 \u0441\u043c\"}]},{\"@type\":\"WebSite\",\"@id\":\"https:\\\/\\\/iesmas.lt\\\/ru\\\/#website\",\"url\":\"https:\\\/\\\/iesmas.lt\\\/ru\\\/\",\"name\":\"IE\u0160MAS.LT\",\"description\":\"Specializuota ie\u0161m\u0173 parduotuv\u0117 - meistri\u0161kam kepimui\",\"publisher\":{\"@id\":\"https:\\\/\\\/iesmas.lt\\\/ru\\\/#organization\"},\"potentialAction\":[{\"@type\":\"SearchAction\",\"target\":{\"@type\":\"EntryPoint\",\"urlTemplate\":\"https:\\\/\\\/iesmas.lt\\\/ru\\\/?s={search_term_string}\"},\"query-input\":{\"@type\":\"PropertyValueSpecification\",\"valueRequired\":true,\"valueName\":\"search_term_string\"}}],\"inLanguage\":\"ru-RU\"},{\"@type\":\"Organization\",\"@id\":\"https:\\\/\\\/iesmas.lt\\\/ru\\\/#organization\",\"name\":\"IE\u0160MAS.LT\",\"url\":\"https:\\\/\\\/iesmas.lt\\\/ru\\\/\",\"logo\":{\"@type\":\"ImageObject\",\"inLanguage\":\"ru-RU\",\"@id\":\"https:\\\/\\\/iesmas.lt\\\/ru\\\/#\\\/schema\\\/logo\\\/image\\\/\",\"url\":\"https:\\\/\\\/iesmas.lt\\\/wp-content\\\/uploads\\\/2024\\\/01\\\/iesmas-logotipas-2_logo.png\",\"contentUrl\":\"https:\\\/\\\/iesmas.lt\\\/wp-content\\\/uploads\\\/2024\\\/01\\\/iesmas-logotipas-2_logo.png\",\"width\":1135,\"height\":284,\"caption\":\"IE\u0160MAS.LT\"},\"image\":{\"@id\":\"https:\\\/\\\/iesmas.lt\\\/ru\\\/#\\\/schema\\\/logo\\\/image\\\/\"}}]}<\/script>\n<!-- \/ Yoast SEO plugin. -->","yoast_head_json":{"title":"\u0412\u0435\u0440\u0442\u0435\u043b \u0434\u043b\u044f \u0448\u0430\u0448\u043b\u044b\u043a\u043e\u0432, \u0448\u0430\u0448\u043b\u044b\u0447\u043d\u0438\u0446\u0430 \u0441 \u0440\u0443\u0447\u043a\u043e\u0439 \u0434\u043b\u0438\u043d\u043e\u0439 83 \u0441\u043c - IE\u0160MAS.LT","robots":{"index":"index","follow":"follow","max-snippet":"max-snippet:-1","max-image-preview":"max-image-preview:large","max-video-preview":"max-video-preview:-1"},"canonical":"https:\/\/iesmas.lt\/ru\/parduotuve\/%d1%88%d0%b0%d0%bc%d0%bf%d1%83%d1%80%d1%8b-%d0%b4%d0%bb%d1%8f-%d1%88%d0%b0%d1%88%d0%bb%d1%8b%d0%ba%d0%b0\/%d0%b2%d0%b5%d1%80%d1%82%d0%b5%d0%bb-%d0%b4%d0%bb%d1%8f-%d1%88%d0%b0%d1%88%d0%bb%d1%8b%d0%ba%d0%be%d0%b2-%d1%88%d0%b0%d1%88%d0%bb%d1%8b%d1%87%d0%bd%d0%b8%d1%86%d0%b0-%d1%81-%d1%80%d1%83%d1%87%d0%ba\/","og_locale":"ru_RU","og_type":"article","og_title":"\u0412\u0435\u0440\u0442\u0435\u043b \u0434\u043b\u044f \u0448\u0430\u0448\u043b\u044b\u043a\u043e\u0432, \u0448\u0430\u0448\u043b\u044b\u0447\u043d\u0438\u0446\u0430 \u0441 \u0440\u0443\u0447\u043a\u043e\u0439 \u0434\u043b\u0438\u043d\u043e\u0439 83 \u0441\u043c - IE\u0160MAS.LT","og_description":"\u0423\u043d\u0438\u0432\u0435\u0440\u0441\u0430\u043b\u044c\u043d\u044b\u0439 \u0448\u0430\u043c\u043f\u0443\u0440 \u0438\u0437 \u043d\u0435\u0440\u0436\u0430\u0432\u0435\u044e\u0449\u0435\u0439 \u0441\u0442\u0430\u043b\u0438 \u0441 \u0440\u0443\u0447\u043a\u043e\u0439 13x3 \u043c\u043c. \u0418\u0441\u043a\u043b\u044e\u0447\u0438\u0442\u0435\u043b\u044c\u043d\u043e \u0434\u043b\u0438\u043d\u043d\u044b\u0435 \u0434\u043b\u044f \u0431\u043e\u043b\u044c\u0448\u0438\u0445 \u0433\u0440\u0438\u043b\u0435\u0439 \u0438 \u0431\u0430\u0440\u0431\u0435\u043a\u044e.","og_url":"https:\/\/iesmas.lt\/ru\/parduotuve\/%d1%88%d0%b0%d0%bc%d0%bf%d1%83%d1%80%d1%8b-%d0%b4%d0%bb%d1%8f-%d1%88%d0%b0%d1%88%d0%bb%d1%8b%d0%ba%d0%b0\/%d0%b2%d0%b5%d1%80%d1%82%d0%b5%d0%bb-%d0%b4%d0%bb%d1%8f-%d1%88%d0%b0%d1%88%d0%bb%d1%8b%d0%ba%d0%be%d0%b2-%d1%88%d0%b0%d1%88%d0%bb%d1%8b%d1%87%d0%bd%d0%b8%d1%86%d0%b0-%d1%81-%d1%80%d1%83%d1%87%d0%ba\/","og_site_name":"IE\u0160MAS.LT","article_modified_time":"2025-10-27T18:43:02+00:00","og_image":[{"width":700,"height":700,"url":"https:\/\/iesmas.lt\/wp-content\/uploads\/2024\/02\/iesmai-kebabams-saslykams-su-rankena.png","type":"image\/png"}],"twitter_card":"summary_large_image","schema":{"@context":"https:\/\/schema.org","@graph":[{"@type":"WebPage","@id":"https:\/\/iesmas.lt\/ru\/parduotuve\/%d1%88%d0%b0%d0%bc%d0%bf%d1%83%d1%80%d1%8b-%d0%b4%d0%bb%d1%8f-%d1%88%d0%b0%d1%88%d0%bb%d1%8b%d0%ba%d0%b0\/%d0%b2%d0%b5%d1%80%d1%82%d0%b5%d0%bb-%d0%b4%d0%bb%d1%8f-%d1%88%d0%b0%d1%88%d0%bb%d1%8b%d0%ba%d0%be%d0%b2-%d1%88%d0%b0%d1%88%d0%bb%d1%8b%d1%87%d0%bd%d0%b8%d1%86%d0%b0-%d1%81-%d1%80%d1%83%d1%87%d0%ba\/","url":"https:\/\/iesmas.lt\/ru\/parduotuve\/%d1%88%d0%b0%d0%bc%d0%bf%d1%83%d1%80%d1%8b-%d0%b4%d0%bb%d1%8f-%d1%88%d0%b0%d1%88%d0%bb%d1%8b%d0%ba%d0%b0\/%d0%b2%d0%b5%d1%80%d1%82%d0%b5%d0%bb-%d0%b4%d0%bb%d1%8f-%d1%88%d0%b0%d1%88%d0%bb%d1%8b%d0%ba%d0%be%d0%b2-%d1%88%d0%b0%d1%88%d0%bb%d1%8b%d1%87%d0%bd%d0%b8%d1%86%d0%b0-%d1%81-%d1%80%d1%83%d1%87%d0%ba\/","name":"\u0412\u0435\u0440\u0442\u0435\u043b \u0434\u043b\u044f \u0448\u0430\u0448\u043b\u044b\u043a\u043e\u0432, \u0448\u0430\u0448\u043b\u044b\u0447\u043d\u0438\u0446\u0430 \u0441 \u0440\u0443\u0447\u043a\u043e\u0439 \u0434\u043b\u0438\u043d\u043e\u0439 83 \u0441\u043c - IE\u0160MAS.LT","isPartOf":{"@id":"https:\/\/iesmas.lt\/ru\/#website"},"primaryImageOfPage":{"@id":"https:\/\/iesmas.lt\/ru\/parduotuve\/%d1%88%d0%b0%d0%bc%d0%bf%d1%83%d1%80%d1%8b-%d0%b4%d0%bb%d1%8f-%d1%88%d0%b0%d1%88%d0%bb%d1%8b%d0%ba%d0%b0\/%d0%b2%d0%b5%d1%80%d1%82%d0%b5%d0%bb-%d0%b4%d0%bb%d1%8f-%d1%88%d0%b0%d1%88%d0%bb%d1%8b%d0%ba%d0%be%d0%b2-%d1%88%d0%b0%d1%88%d0%bb%d1%8b%d1%87%d0%bd%d0%b8%d1%86%d0%b0-%d1%81-%d1%80%d1%83%d1%87%d0%ba\/#primaryimage"},"image":{"@id":"https:\/\/iesmas.lt\/ru\/parduotuve\/%d1%88%d0%b0%d0%bc%d0%bf%d1%83%d1%80%d1%8b-%d0%b4%d0%bb%d1%8f-%d1%88%d0%b0%d1%88%d0%bb%d1%8b%d0%ba%d0%b0\/%d0%b2%d0%b5%d1%80%d1%82%d0%b5%d0%bb-%d0%b4%d0%bb%d1%8f-%d1%88%d0%b0%d1%88%d0%bb%d1%8b%d0%ba%d0%be%d0%b2-%d1%88%d0%b0%d1%88%d0%bb%d1%8b%d1%87%d0%bd%d0%b8%d1%86%d0%b0-%d1%81-%d1%80%d1%83%d1%87%d0%ba\/#primaryimage"},"thumbnailUrl":"https:\/\/iesmas.lt\/wp-content\/uploads\/2024\/02\/iesmai-kebabams-saslykams-su-rankena.png","datePublished":"2024-02-18T22:12:31+00:00","dateModified":"2025-10-27T18:43:02+00:00","breadcrumb":{"@id":"https:\/\/iesmas.lt\/ru\/parduotuve\/%d1%88%d0%b0%d0%bc%d0%bf%d1%83%d1%80%d1%8b-%d0%b4%d0%bb%d1%8f-%d1%88%d0%b0%d1%88%d0%bb%d1%8b%d0%ba%d0%b0\/%d0%b2%d0%b5%d1%80%d1%82%d0%b5%d0%bb-%d0%b4%d0%bb%d1%8f-%d1%88%d0%b0%d1%88%d0%bb%d1%8b%d0%ba%d0%be%d0%b2-%d1%88%d0%b0%d1%88%d0%bb%d1%8b%d1%87%d0%bd%d0%b8%d1%86%d0%b0-%d1%81-%d1%80%d1%83%d1%87%d0%ba\/#breadcrumb"},"inLanguage":"ru-RU","potentialAction":[{"@type":"ReadAction","target":["https:\/\/iesmas.lt\/ru\/parduotuve\/%d1%88%d0%b0%d0%bc%d0%bf%d1%83%d1%80%d1%8b-%d0%b4%d0%bb%d1%8f-%d1%88%d0%b0%d1%88%d0%bb%d1%8b%d0%ba%d0%b0\/%d0%b2%d0%b5%d1%80%d1%82%d0%b5%d0%bb-%d0%b4%d0%bb%d1%8f-%d1%88%d0%b0%d1%88%d0%bb%d1%8b%d0%ba%d0%be%d0%b2-%d1%88%d0%b0%d1%88%d0%bb%d1%8b%d1%87%d0%bd%d0%b8%d1%86%d0%b0-%d1%81-%d1%80%d1%83%d1%87%d0%ba\/"]}]},{"@type":"ImageObject","inLanguage":"ru-RU","@id":"https:\/\/iesmas.lt\/ru\/parduotuve\/%d1%88%d0%b0%d0%bc%d0%bf%d1%83%d1%80%d1%8b-%d0%b4%d0%bb%d1%8f-%d1%88%d0%b0%d1%88%d0%bb%d1%8b%d0%ba%d0%b0\/%d0%b2%d0%b5%d1%80%d1%82%d0%b5%d0%bb-%d0%b4%d0%bb%d1%8f-%d1%88%d0%b0%d1%88%d0%bb%d1%8b%d0%ba%d0%be%d0%b2-%d1%88%d0%b0%d1%88%d0%bb%d1%8b%d1%87%d0%bd%d0%b8%d1%86%d0%b0-%d1%81-%d1%80%d1%83%d1%87%d0%ba\/#primaryimage","url":"https:\/\/iesmas.lt\/wp-content\/uploads\/2024\/02\/iesmai-kebabams-saslykams-su-rankena.png","contentUrl":"https:\/\/iesmas.lt\/wp-content\/uploads\/2024\/02\/iesmai-kebabams-saslykams-su-rankena.png","width":700,"height":700},{"@type":"BreadcrumbList","@id":"https:\/\/iesmas.lt\/ru\/parduotuve\/%d1%88%d0%b0%d0%bc%d0%bf%d1%83%d1%80%d1%8b-%d0%b4%d0%bb%d1%8f-%d1%88%d0%b0%d1%88%d0%bb%d1%8b%d0%ba%d0%b0\/%d0%b2%d0%b5%d1%80%d1%82%d0%b5%d0%bb-%d0%b4%d0%bb%d1%8f-%d1%88%d0%b0%d1%88%d0%bb%d1%8b%d0%ba%d0%be%d0%b2-%d1%88%d0%b0%d1%88%d0%bb%d1%8b%d1%87%d0%bd%d0%b8%d1%86%d0%b0-%d1%81-%d1%80%d1%83%d1%87%d0%ba\/#breadcrumb","itemListElement":[{"@type":"ListItem","position":1,"name":"Home","item":"https:\/\/iesmas.lt\/ru\/?page_id=3321"},{"@type":"ListItem","position":2,"name":"\u043c\u0430\u0433\u0430\u0437\u0438\u043d \u0448\u0430\u043c\u043f\u0443\u0440\u043e\u0432","item":"https:\/\/iesmas.lt\/ru\/%d0%bc%d0%b0%d0%b3%d0%b0%d0%b7%d0%b8%d0%bd-%d1%88%d0%b0%d0%bc%d0%bf%d1%83%d1%80%d0%be%d0%b2\/"},{"@type":"ListItem","position":3,"name":"\u0412\u0435\u0440\u0442\u0435\u043b \u0434\u043b\u044f \u0448\u0430\u0448\u043b\u044b\u043a\u043e\u0432, \u0448\u0430\u0448\u043b\u044b\u0447\u043d\u0438\u0446\u0430 \u0441 \u0440\u0443\u0447\u043a\u043e\u0439 \u0434\u043b\u0438\u043d\u043e\u0439 83 \u0441\u043c"}]},{"@type":"WebSite","@id":"https:\/\/iesmas.lt\/ru\/#website","url":"https:\/\/iesmas.lt\/ru\/","name":"IE\u0160MAS.LT","description":"Specializuota ie\u0161m\u0173 parduotuv\u0117 - meistri\u0161kam kepimui","publisher":{"@id":"https:\/\/iesmas.lt\/ru\/#organization"},"potentialAction":[{"@type":"SearchAction","target":{"@type":"EntryPoint","urlTemplate":"https:\/\/iesmas.lt\/ru\/?s={search_term_string}"},"query-input":{"@type":"PropertyValueSpecification","valueRequired":true,"valueName":"search_term_string"}}],"inLanguage":"ru-RU"},{"@type":"Organization","@id":"https:\/\/iesmas.lt\/ru\/#organization","name":"IE\u0160MAS.LT","url":"https:\/\/iesmas.lt\/ru\/","logo":{"@type":"ImageObject","inLanguage":"ru-RU","@id":"https:\/\/iesmas.lt\/ru\/#\/schema\/logo\/image\/","url":"https:\/\/iesmas.lt\/wp-content\/uploads\/2024\/01\/iesmas-logotipas-2_logo.png","contentUrl":"https:\/\/iesmas.lt\/wp-content\/uploads\/2024\/01\/iesmas-logotipas-2_logo.png","width":1135,"height":284,"caption":"IE\u0160MAS.LT"},"image":{"@id":"https:\/\/iesmas.lt\/ru\/#\/schema\/logo\/image\/"}}]}},"_links":{"self":[{"href":"https:\/\/iesmas.lt\/ru\/wp-json\/wp\/v2\/product\/3445","targetHints":{"allow":["GET"]}}],"collection":[{"href":"https:\/\/iesmas.lt\/ru\/wp-json\/wp\/v2\/product"}],"about":[{"href":"https:\/\/iesmas.lt\/ru\/wp-json\/wp\/v2\/types\/product"}],"replies":[{"embeddable":true,"href":"https:\/\/iesmas.lt\/ru\/wp-json\/wp\/v2\/comments?post=3445"}],"wp:featuredmedia":[{"embeddable":true,"href":"https:\/\/iesmas.lt\/ru\/wp-json\/wp\/v2\/media\/3204"}],"wp:attachment":[{"href":"https:\/\/iesmas.lt\/ru\/wp-json\/wp\/v2\/media?parent=3445"}],"wp:term":[{"taxonomy":"product_brand","embeddable":true,"href":"https:\/\/iesmas.lt\/ru\/wp-json\/wp\/v2\/product_brand?post=3445"},{"taxonomy":"product_cat","embeddable":true,"href":"https:\/\/iesmas.lt\/ru\/wp-json\/wp\/v2\/product_cat?post=3445"},{"taxonomy":"product_tag","embeddable":true,"href":"https:\/\/iesmas.lt\/ru\/wp-json\/wp\/v2\/product_tag?post=3445"}],"curies":[{"name":"wp","href":"https:\/\/api.w.org\/{rel}","templated":true}]}}