{"id":3478,"date":"2024-02-19T00:12:30","date_gmt":"2024-02-18T22:12:30","guid":{"rendered":"https:\/\/iesmas.lt\/parduotuve\/uncategorized\/engraved-skewers-set-for-dad\/"},"modified":"2026-02-09T13:41:42","modified_gmt":"2026-02-09T11:41:42","slug":"engraved-skewers-set-for-dad","status":"publish","type":"product","link":"https:\/\/iesmas.lt\/en\/parduotuve\/custom-skewers\/engraved-skewers-set-for-dad\/","title":{"rendered":"Engraved skewers set &#8220;For Dad&#8221;"},"content":{"rendered":"<p>The Dad\u2019s set is the ideal choice for grill masters who want to emphasise the role of the family chef.<br \/>These 60 cm long stainless steel skewers are laser engraved for exceptional quality and durability.<br \/>The set includes 5 pieces.10\u00d73 mm skewers, which have all the features of standard skewers.<br \/>The engraved skewers set was made with love and care by &#8220;Metalija&#8221;    <\/p>\n<p>Texts:<br \/>\n\u2022 T\u0117\u010dio \u0161a\u0161lykai skaniausi<br \/>\n\u2022 Super T\u0117tis!<br \/>\n\u2022 Mes Tave labai mylime!<br \/>\n\u2022 Geriausias \u0161efas<br \/>\n\u2022 T\u0117tis &#8211; \u0161a\u0161lyk\u0173 karalius<\/p>\n<p>Father\u2019s Day is celebrated on the first Sunday in June.<br \/>Check when <a href=\"https:\/\/day.lt\/sventes\/straipsniai\/tevo_diena\">Father\u2019s Day <\/a>is this year. <\/p>\n","protected":false},"excerpt":{"rendered":"<p>The Daddy set consists of five 60 cm long stainless steel skewers decorated with engraved sentimental inscriptions.<\/p>\n","protected":false},"featured_media":3245,"comment_status":"open","ping_status":"closed","template":"","meta":{"site-sidebar-layout":"default","site-content-layout":"","ast-site-content-layout":"default","site-content-style":"default","site-sidebar-style":"default","ast-global-header-display":"","ast-banner-title-visibility":"","ast-main-header-display":"","ast-hfb-above-header-display":"","ast-hfb-below-header-display":"","ast-hfb-mobile-header-display":"","site-post-title":"","ast-breadcrumbs-content":"","ast-featured-img":"","footer-sml-layout":"","ast-disable-related-posts":"","theme-transparent-header-meta":"default","adv-header-id-meta":"","stick-header-meta":"","header-above-stick-meta":"","header-main-stick-meta":"","header-below-stick-meta":"","astra-migrate-meta-layouts":"set","ast-page-background-enabled":"default","ast-page-background-meta":{"desktop":{"background-color":"","background-image":"","background-repeat":"repeat","background-position":"center center","background-size":"auto","background-attachment":"scroll","background-type":"","background-media":"","overlay-type":"","overlay-color":"","overlay-opacity":"","overlay-gradient":""},"tablet":{"background-color":"","background-image":"","background-repeat":"repeat","background-position":"center center","background-size":"auto","background-attachment":"scroll","background-type":"","background-media":"","overlay-type":"","overlay-color":"","overlay-opacity":"","overlay-gradient":""},"mobile":{"background-color":"","background-image":"","background-repeat":"repeat","background-position":"center center","background-size":"auto","background-attachment":"scroll","background-type":"","background-media":"","overlay-type":"","overlay-color":"","overlay-opacity":"","overlay-gradient":""}},"ast-content-background-meta":{"desktop":{"background-color":"var(--ast-global-color-5)","background-image":"","background-repeat":"repeat","background-position":"center center","background-size":"auto","background-attachment":"scroll","background-type":"","background-media":"","overlay-type":"","overlay-color":"","overlay-opacity":"","overlay-gradient":""},"tablet":{"background-color":"var(--ast-global-color-5)","background-image":"","background-repeat":"repeat","background-position":"center center","background-size":"auto","background-attachment":"scroll","background-type":"","background-media":"","overlay-type":"","overlay-color":"","overlay-opacity":"","overlay-gradient":""},"mobile":{"background-color":"var(--ast-global-color-5)","background-image":"","background-repeat":"repeat","background-position":"center center","background-size":"auto","background-attachment":"scroll","background-type":"","background-media":"","overlay-type":"","overlay-color":"","overlay-opacity":"","overlay-gradient":""}}},"product_brand":[],"product_cat":[169,192],"product_tag":[193,126],"class_list":{"0":"post-3478","1":"product","2":"type-product","3":"status-publish","4":"has-post-thumbnail","6":"product_cat-custom-skewers","7":"product_cat-skew-sets","8":"product_tag-skew-sets","9":"product_tag-spits-for-barbecue","10":"desktop-align-left","11":"tablet-align-left","12":"mobile-align-left","13":"ast-product-gallery-layout-first-image-large","14":"ast-product-tabs-layout-distributed","15":"ast-qv-on-image","17":"first","18":"instock","19":"taxable","20":"shipping-taxable","21":"purchasable","22":"product-type-simple"},"yoast_head":"<!-- This site is optimized with the Yoast SEO plugin v27.5 - https:\/\/yoast.com\/product\/yoast-seo-wordpress\/ -->\n<title>Engraved skewers set &quot;For Dad&quot; - IE\u0160MAS.LT fast delivery<\/title>\n<meta name=\"description\" content=\"Engraved skewers set for dad The most popular skewers are sturdy and decorated with cute words, a gift suitable for a variety of occasions.\" \/>\n<meta name=\"robots\" content=\"index, follow, max-snippet:-1, max-image-preview:large, max-video-preview:-1\" \/>\n<link rel=\"canonical\" href=\"https:\/\/iesmas.lt\/en\/parduotuve\/custom-skewers\/engraved-skewers-set-for-dad\/\" \/>\n<meta property=\"og:locale\" content=\"en_US\" \/>\n<meta property=\"og:type\" content=\"article\" \/>\n<meta property=\"og:title\" content=\"Engraved skewers set &quot;For Dad&quot; - IE\u0160MAS.LT fast delivery\" \/>\n<meta property=\"og:description\" content=\"Engraved skewers set for dad The most popular skewers are sturdy and decorated with cute words, a gift suitable for a variety of occasions.\" \/>\n<meta property=\"og:url\" content=\"https:\/\/iesmas.lt\/en\/parduotuve\/custom-skewers\/engraved-skewers-set-for-dad\/\" \/>\n<meta property=\"og:site_name\" content=\"IE\u0160MAS.LT\" \/>\n<meta property=\"article:modified_time\" content=\"2026-02-09T11:41:42+00:00\" \/>\n<meta property=\"og:image\" content=\"https:\/\/iesmas.lt\/wp-content\/uploads\/2024\/03\/iesmu-rinkiniai-teciui.png\" \/>\n\t<meta property=\"og:image:width\" content=\"700\" \/>\n\t<meta property=\"og:image:height\" content=\"700\" \/>\n\t<meta property=\"og:image:type\" content=\"image\/png\" \/>\n<meta name=\"twitter:card\" content=\"summary_large_image\" \/>\n<meta name=\"twitter:label1\" content=\"Est. reading time\" \/>\n\t<meta name=\"twitter:data1\" content=\"1 minute\" \/>\n<script type=\"application\/ld+json\" class=\"yoast-schema-graph\">{\"@context\":\"https:\\\/\\\/schema.org\",\"@graph\":[{\"@type\":\"WebPage\",\"@id\":\"https:\\\/\\\/iesmas.lt\\\/en\\\/parduotuve\\\/custom-skewers\\\/engraved-skewers-set-for-dad\\\/\",\"url\":\"https:\\\/\\\/iesmas.lt\\\/en\\\/parduotuve\\\/custom-skewers\\\/engraved-skewers-set-for-dad\\\/\",\"name\":\"Engraved skewers set \\\"For Dad\\\" - IE\u0160MAS.LT fast delivery\",\"isPartOf\":{\"@id\":\"https:\\\/\\\/iesmas.lt\\\/en\\\/#website\"},\"primaryImageOfPage\":{\"@id\":\"https:\\\/\\\/iesmas.lt\\\/en\\\/parduotuve\\\/custom-skewers\\\/engraved-skewers-set-for-dad\\\/#primaryimage\"},\"image\":{\"@id\":\"https:\\\/\\\/iesmas.lt\\\/en\\\/parduotuve\\\/custom-skewers\\\/engraved-skewers-set-for-dad\\\/#primaryimage\"},\"thumbnailUrl\":\"https:\\\/\\\/iesmas.lt\\\/wp-content\\\/uploads\\\/2024\\\/03\\\/iesmu-rinkiniai-teciui.png\",\"datePublished\":\"2024-02-18T22:12:30+00:00\",\"dateModified\":\"2026-02-09T11:41:42+00:00\",\"description\":\"Engraved skewers set for dad The most popular skewers are sturdy and decorated with cute words, a gift suitable for a variety of occasions.\",\"breadcrumb\":{\"@id\":\"https:\\\/\\\/iesmas.lt\\\/en\\\/parduotuve\\\/custom-skewers\\\/engraved-skewers-set-for-dad\\\/#breadcrumb\"},\"inLanguage\":\"en-US\",\"potentialAction\":[{\"@type\":\"ReadAction\",\"target\":[\"https:\\\/\\\/iesmas.lt\\\/en\\\/parduotuve\\\/custom-skewers\\\/engraved-skewers-set-for-dad\\\/\"]}]},{\"@type\":\"ImageObject\",\"inLanguage\":\"en-US\",\"@id\":\"https:\\\/\\\/iesmas.lt\\\/en\\\/parduotuve\\\/custom-skewers\\\/engraved-skewers-set-for-dad\\\/#primaryimage\",\"url\":\"https:\\\/\\\/iesmas.lt\\\/wp-content\\\/uploads\\\/2024\\\/03\\\/iesmu-rinkiniai-teciui.png\",\"contentUrl\":\"https:\\\/\\\/iesmas.lt\\\/wp-content\\\/uploads\\\/2024\\\/03\\\/iesmu-rinkiniai-teciui.png\",\"width\":700,\"height\":700},{\"@type\":\"BreadcrumbList\",\"@id\":\"https:\\\/\\\/iesmas.lt\\\/en\\\/parduotuve\\\/custom-skewers\\\/engraved-skewers-set-for-dad\\\/#breadcrumb\",\"itemListElement\":[{\"@type\":\"ListItem\",\"position\":1,\"name\":\"Home\",\"item\":\"https:\\\/\\\/iesmas.lt\\\/en\\\/?page_id=3328\"},{\"@type\":\"ListItem\",\"position\":2,\"name\":\"The Skewers Shop\",\"item\":\"https:\\\/\\\/iesmas.lt\\\/en\\\/the-skewers-shop\\\/\"},{\"@type\":\"ListItem\",\"position\":3,\"name\":\"Engraved skewers set &#8222;For Dad&#8221;\"}]},{\"@type\":\"WebSite\",\"@id\":\"https:\\\/\\\/iesmas.lt\\\/en\\\/#website\",\"url\":\"https:\\\/\\\/iesmas.lt\\\/en\\\/\",\"name\":\"IE\u0160MAS.LT\",\"description\":\"Specializuota ie\u0161m\u0173 parduotuv\u0117 - meistri\u0161kam kepimui\",\"publisher\":{\"@id\":\"https:\\\/\\\/iesmas.lt\\\/en\\\/#organization\"},\"potentialAction\":[{\"@type\":\"SearchAction\",\"target\":{\"@type\":\"EntryPoint\",\"urlTemplate\":\"https:\\\/\\\/iesmas.lt\\\/en\\\/?s={search_term_string}\"},\"query-input\":{\"@type\":\"PropertyValueSpecification\",\"valueRequired\":true,\"valueName\":\"search_term_string\"}}],\"inLanguage\":\"en-US\"},{\"@type\":\"Organization\",\"@id\":\"https:\\\/\\\/iesmas.lt\\\/en\\\/#organization\",\"name\":\"IE\u0160MAS.LT\",\"url\":\"https:\\\/\\\/iesmas.lt\\\/en\\\/\",\"logo\":{\"@type\":\"ImageObject\",\"inLanguage\":\"en-US\",\"@id\":\"https:\\\/\\\/iesmas.lt\\\/en\\\/#\\\/schema\\\/logo\\\/image\\\/\",\"url\":\"https:\\\/\\\/iesmas.lt\\\/wp-content\\\/uploads\\\/2024\\\/01\\\/iesmas-logotipas-2_logo.png\",\"contentUrl\":\"https:\\\/\\\/iesmas.lt\\\/wp-content\\\/uploads\\\/2024\\\/01\\\/iesmas-logotipas-2_logo.png\",\"width\":1135,\"height\":284,\"caption\":\"IE\u0160MAS.LT\"},\"image\":{\"@id\":\"https:\\\/\\\/iesmas.lt\\\/en\\\/#\\\/schema\\\/logo\\\/image\\\/\"}}]}<\/script>\n<!-- \/ Yoast SEO plugin. -->","yoast_head_json":{"title":"Engraved skewers set \"For Dad\" - IE\u0160MAS.LT fast delivery","description":"Engraved skewers set for dad The most popular skewers are sturdy and decorated with cute words, a gift suitable for a variety of occasions.","robots":{"index":"index","follow":"follow","max-snippet":"max-snippet:-1","max-image-preview":"max-image-preview:large","max-video-preview":"max-video-preview:-1"},"canonical":"https:\/\/iesmas.lt\/en\/parduotuve\/custom-skewers\/engraved-skewers-set-for-dad\/","og_locale":"en_US","og_type":"article","og_title":"Engraved skewers set \"For Dad\" - IE\u0160MAS.LT fast delivery","og_description":"Engraved skewers set for dad The most popular skewers are sturdy and decorated with cute words, a gift suitable for a variety of occasions.","og_url":"https:\/\/iesmas.lt\/en\/parduotuve\/custom-skewers\/engraved-skewers-set-for-dad\/","og_site_name":"IE\u0160MAS.LT","article_modified_time":"2026-02-09T11:41:42+00:00","og_image":[{"width":700,"height":700,"url":"https:\/\/iesmas.lt\/wp-content\/uploads\/2024\/03\/iesmu-rinkiniai-teciui.png","type":"image\/png"}],"twitter_card":"summary_large_image","twitter_misc":{"Est. reading time":"1 minute"},"schema":{"@context":"https:\/\/schema.org","@graph":[{"@type":"WebPage","@id":"https:\/\/iesmas.lt\/en\/parduotuve\/custom-skewers\/engraved-skewers-set-for-dad\/","url":"https:\/\/iesmas.lt\/en\/parduotuve\/custom-skewers\/engraved-skewers-set-for-dad\/","name":"Engraved skewers set \"For Dad\" - IE\u0160MAS.LT fast delivery","isPartOf":{"@id":"https:\/\/iesmas.lt\/en\/#website"},"primaryImageOfPage":{"@id":"https:\/\/iesmas.lt\/en\/parduotuve\/custom-skewers\/engraved-skewers-set-for-dad\/#primaryimage"},"image":{"@id":"https:\/\/iesmas.lt\/en\/parduotuve\/custom-skewers\/engraved-skewers-set-for-dad\/#primaryimage"},"thumbnailUrl":"https:\/\/iesmas.lt\/wp-content\/uploads\/2024\/03\/iesmu-rinkiniai-teciui.png","datePublished":"2024-02-18T22:12:30+00:00","dateModified":"2026-02-09T11:41:42+00:00","description":"Engraved skewers set for dad The most popular skewers are sturdy and decorated with cute words, a gift suitable for a variety of occasions.","breadcrumb":{"@id":"https:\/\/iesmas.lt\/en\/parduotuve\/custom-skewers\/engraved-skewers-set-for-dad\/#breadcrumb"},"inLanguage":"en-US","potentialAction":[{"@type":"ReadAction","target":["https:\/\/iesmas.lt\/en\/parduotuve\/custom-skewers\/engraved-skewers-set-for-dad\/"]}]},{"@type":"ImageObject","inLanguage":"en-US","@id":"https:\/\/iesmas.lt\/en\/parduotuve\/custom-skewers\/engraved-skewers-set-for-dad\/#primaryimage","url":"https:\/\/iesmas.lt\/wp-content\/uploads\/2024\/03\/iesmu-rinkiniai-teciui.png","contentUrl":"https:\/\/iesmas.lt\/wp-content\/uploads\/2024\/03\/iesmu-rinkiniai-teciui.png","width":700,"height":700},{"@type":"BreadcrumbList","@id":"https:\/\/iesmas.lt\/en\/parduotuve\/custom-skewers\/engraved-skewers-set-for-dad\/#breadcrumb","itemListElement":[{"@type":"ListItem","position":1,"name":"Home","item":"https:\/\/iesmas.lt\/en\/?page_id=3328"},{"@type":"ListItem","position":2,"name":"The Skewers Shop","item":"https:\/\/iesmas.lt\/en\/the-skewers-shop\/"},{"@type":"ListItem","position":3,"name":"Engraved skewers set &#8222;For Dad&#8221;"}]},{"@type":"WebSite","@id":"https:\/\/iesmas.lt\/en\/#website","url":"https:\/\/iesmas.lt\/en\/","name":"IE\u0160MAS.LT","description":"Specializuota ie\u0161m\u0173 parduotuv\u0117 - meistri\u0161kam kepimui","publisher":{"@id":"https:\/\/iesmas.lt\/en\/#organization"},"potentialAction":[{"@type":"SearchAction","target":{"@type":"EntryPoint","urlTemplate":"https:\/\/iesmas.lt\/en\/?s={search_term_string}"},"query-input":{"@type":"PropertyValueSpecification","valueRequired":true,"valueName":"search_term_string"}}],"inLanguage":"en-US"},{"@type":"Organization","@id":"https:\/\/iesmas.lt\/en\/#organization","name":"IE\u0160MAS.LT","url":"https:\/\/iesmas.lt\/en\/","logo":{"@type":"ImageObject","inLanguage":"en-US","@id":"https:\/\/iesmas.lt\/en\/#\/schema\/logo\/image\/","url":"https:\/\/iesmas.lt\/wp-content\/uploads\/2024\/01\/iesmas-logotipas-2_logo.png","contentUrl":"https:\/\/iesmas.lt\/wp-content\/uploads\/2024\/01\/iesmas-logotipas-2_logo.png","width":1135,"height":284,"caption":"IE\u0160MAS.LT"},"image":{"@id":"https:\/\/iesmas.lt\/en\/#\/schema\/logo\/image\/"}}]}},"_links":{"self":[{"href":"https:\/\/iesmas.lt\/en\/wp-json\/wp\/v2\/product\/3478","targetHints":{"allow":["GET"]}}],"collection":[{"href":"https:\/\/iesmas.lt\/en\/wp-json\/wp\/v2\/product"}],"about":[{"href":"https:\/\/iesmas.lt\/en\/wp-json\/wp\/v2\/types\/product"}],"replies":[{"embeddable":true,"href":"https:\/\/iesmas.lt\/en\/wp-json\/wp\/v2\/comments?post=3478"}],"wp:featuredmedia":[{"embeddable":true,"href":"https:\/\/iesmas.lt\/en\/wp-json\/wp\/v2\/media\/3245"}],"wp:attachment":[{"href":"https:\/\/iesmas.lt\/en\/wp-json\/wp\/v2\/media?parent=3478"}],"wp:term":[{"taxonomy":"product_brand","embeddable":true,"href":"https:\/\/iesmas.lt\/en\/wp-json\/wp\/v2\/product_brand?post=3478"},{"taxonomy":"product_cat","embeddable":true,"href":"https:\/\/iesmas.lt\/en\/wp-json\/wp\/v2\/product_cat?post=3478"},{"taxonomy":"product_tag","embeddable":true,"href":"https:\/\/iesmas.lt\/en\/wp-json\/wp\/v2\/product_tag?post=3478"}],"curies":[{"name":"wp","href":"https:\/\/api.w.org\/{rel}","templated":true}]}}