{"id":3453,"date":"2024-02-19T00:12:30","date_gmt":"2024-02-18T22:12:30","guid":{"rendered":"https:\/\/iesmas.lt\/parduotuve\/uncategorized\/engraved-skewers-for-26-cm-grills\/"},"modified":"2024-08-05T17:40:00","modified_gmt":"2024-08-05T15:40:00","slug":"engraved-skewers-for-26-cm-grills","status":"publish","type":"product","link":"https:\/\/iesmas.lt\/en\/parduotuve\/custom-skewers\/engraved-skewers-for-26-cm-grills\/","title":{"rendered":"Engraved skewers for 26 cm grills"},"content":{"rendered":"<p>The 26 cm engraved skewer is ideal for the Kamado Bono MIDIA grill, allowing for maximum use of space, with customers choosing around 8 pieces.<br \/>\nMade of 3 mm thick stainless steel and 10 mm wide, these short skewers are designed to fit perfectly inside the grill.<br \/>\nAvoid any problems associated with skewers that are too long.<br \/>\nThese skewers do not have the twist of traditional skewers, a solution that allows you to make the most of the length when cooking meat.<br \/>\nEven stringy meat can be skewered efficiently and comfortably thanks to the tapered end.<br \/>\nThe curved end allows you to safely remove the steaks and hang the skewers.<br \/>\nEach skewer placed in the basket is engraved.<br \/>\nWe recommend engraving short words such as names or initials.       <\/p>\n","protected":false},"excerpt":{"rendered":"<p>The short 26 cm skewers will not slip out of the Kamado Bono and Big Green Egg grill.<br \/>\nEach skewer can be customised by engraving the names of family members on them. <\/p>\n","protected":false},"featured_media":2890,"comment_status":"open","ping_status":"closed","template":"","meta":{"site-sidebar-layout":"default","site-content-layout":"","ast-site-content-layout":"default","site-content-style":"default","site-sidebar-style":"default","ast-global-header-display":"","ast-banner-title-visibility":"","ast-main-header-display":"","ast-hfb-above-header-display":"","ast-hfb-below-header-display":"","ast-hfb-mobile-header-display":"","site-post-title":"","ast-breadcrumbs-content":"","ast-featured-img":"","footer-sml-layout":"","ast-disable-related-posts":"","theme-transparent-header-meta":"default","adv-header-id-meta":"","stick-header-meta":"","header-above-stick-meta":"","header-main-stick-meta":"","header-below-stick-meta":"","astra-migrate-meta-layouts":"default","ast-page-background-enabled":"default","ast-page-background-meta":{"desktop":{"background-color":"","background-image":"","background-repeat":"repeat","background-position":"center center","background-size":"auto","background-attachment":"scroll","background-type":"","background-media":"","overlay-type":"","overlay-color":"","overlay-opacity":"","overlay-gradient":""},"tablet":{"background-color":"","background-image":"","background-repeat":"repeat","background-position":"center center","background-size":"auto","background-attachment":"scroll","background-type":"","background-media":"","overlay-type":"","overlay-color":"","overlay-opacity":"","overlay-gradient":""},"mobile":{"background-color":"","background-image":"","background-repeat":"repeat","background-position":"center center","background-size":"auto","background-attachment":"scroll","background-type":"","background-media":"","overlay-type":"","overlay-color":"","overlay-opacity":"","overlay-gradient":""}},"ast-content-background-meta":{"desktop":{"background-color":"var(--ast-global-color-5)","background-image":"","background-repeat":"repeat","background-position":"center center","background-size":"auto","background-attachment":"scroll","background-type":"","background-media":"","overlay-type":"","overlay-color":"","overlay-opacity":"","overlay-gradient":""},"tablet":{"background-color":"var(--ast-global-color-5)","background-image":"","background-repeat":"repeat","background-position":"center center","background-size":"auto","background-attachment":"scroll","background-type":"","background-media":"","overlay-type":"","overlay-color":"","overlay-opacity":"","overlay-gradient":""},"mobile":{"background-color":"var(--ast-global-color-5)","background-image":"","background-repeat":"repeat","background-position":"center center","background-size":"auto","background-attachment":"scroll","background-type":"","background-media":"","overlay-type":"","overlay-color":"","overlay-opacity":"","overlay-gradient":""}}},"product_brand":[],"product_cat":[169],"product_tag":[126,136],"class_list":{"0":"post-3453","1":"product","2":"type-product","3":"status-publish","4":"has-post-thumbnail","6":"product_cat-custom-skewers","7":"product_tag-spits-for-barbecue","8":"product_tag-spits-for-barbecue-en","9":"desktop-align-left","10":"tablet-align-left","11":"mobile-align-left","12":"ast-product-gallery-layout-first-image-large","13":"ast-product-tabs-layout-distributed","14":"ast-qv-on-image","16":"first","17":"onbackorder","18":"taxable","19":"shipping-taxable","20":"purchasable","21":"product-type-simple"},"yoast_head":"<!-- This site is optimized with the Yoast SEO plugin v27.5 - https:\/\/yoast.com\/product\/yoast-seo-wordpress\/ -->\n<title>Engraved skewers for 26 cm grills - IE\u0160MAS.LT<\/title>\n<meta name=\"robots\" content=\"index, follow, max-snippet:-1, max-image-preview:large, max-video-preview:-1\" \/>\n<link rel=\"canonical\" href=\"https:\/\/iesmas.lt\/en\/parduotuve\/custom-skewers\/engraved-skewers-for-26-cm-grills\/\" \/>\n<meta property=\"og:locale\" content=\"en_US\" \/>\n<meta property=\"og:type\" content=\"article\" \/>\n<meta property=\"og:title\" content=\"Engraved skewers for 26 cm grills - IE\u0160MAS.LT\" \/>\n<meta property=\"og:description\" content=\"The short 26 cm skewers will not slip out of the Kamado Bono and Big Green Egg grill. Each skewer can be customised by engraving the names of family members on them.\" \/>\n<meta property=\"og:url\" content=\"https:\/\/iesmas.lt\/en\/parduotuve\/custom-skewers\/engraved-skewers-for-26-cm-grills\/\" \/>\n<meta property=\"og:site_name\" content=\"IE\u0160MAS.LT\" \/>\n<meta property=\"article:modified_time\" content=\"2024-08-05T15:40:00+00:00\" \/>\n<meta property=\"og:image\" content=\"https:\/\/iesmas.lt\/wp-content\/uploads\/2024\/03\/iesmeliai-26-su-graviravimu.png\" \/>\n\t<meta property=\"og:image:width\" content=\"700\" \/>\n\t<meta property=\"og:image:height\" content=\"700\" \/>\n\t<meta property=\"og:image:type\" content=\"image\/png\" \/>\n<meta name=\"twitter:card\" content=\"summary_large_image\" \/>\n<meta name=\"twitter:label1\" content=\"Est. reading time\" \/>\n\t<meta name=\"twitter:data1\" content=\"1 minute\" \/>\n<script type=\"application\/ld+json\" class=\"yoast-schema-graph\">{\"@context\":\"https:\\\/\\\/schema.org\",\"@graph\":[{\"@type\":\"WebPage\",\"@id\":\"https:\\\/\\\/iesmas.lt\\\/en\\\/parduotuve\\\/custom-skewers\\\/engraved-skewers-for-26-cm-grills\\\/\",\"url\":\"https:\\\/\\\/iesmas.lt\\\/en\\\/parduotuve\\\/custom-skewers\\\/engraved-skewers-for-26-cm-grills\\\/\",\"name\":\"Engraved skewers for 26 cm grills - IE\u0160MAS.LT\",\"isPartOf\":{\"@id\":\"https:\\\/\\\/iesmas.lt\\\/en\\\/#website\"},\"primaryImageOfPage\":{\"@id\":\"https:\\\/\\\/iesmas.lt\\\/en\\\/parduotuve\\\/custom-skewers\\\/engraved-skewers-for-26-cm-grills\\\/#primaryimage\"},\"image\":{\"@id\":\"https:\\\/\\\/iesmas.lt\\\/en\\\/parduotuve\\\/custom-skewers\\\/engraved-skewers-for-26-cm-grills\\\/#primaryimage\"},\"thumbnailUrl\":\"https:\\\/\\\/iesmas.lt\\\/wp-content\\\/uploads\\\/2024\\\/03\\\/iesmeliai-26-su-graviravimu.png\",\"datePublished\":\"2024-02-18T22:12:30+00:00\",\"dateModified\":\"2024-08-05T15:40:00+00:00\",\"breadcrumb\":{\"@id\":\"https:\\\/\\\/iesmas.lt\\\/en\\\/parduotuve\\\/custom-skewers\\\/engraved-skewers-for-26-cm-grills\\\/#breadcrumb\"},\"inLanguage\":\"en-US\",\"potentialAction\":[{\"@type\":\"ReadAction\",\"target\":[\"https:\\\/\\\/iesmas.lt\\\/en\\\/parduotuve\\\/custom-skewers\\\/engraved-skewers-for-26-cm-grills\\\/\"]}]},{\"@type\":\"ImageObject\",\"inLanguage\":\"en-US\",\"@id\":\"https:\\\/\\\/iesmas.lt\\\/en\\\/parduotuve\\\/custom-skewers\\\/engraved-skewers-for-26-cm-grills\\\/#primaryimage\",\"url\":\"https:\\\/\\\/iesmas.lt\\\/wp-content\\\/uploads\\\/2024\\\/03\\\/iesmeliai-26-su-graviravimu.png\",\"contentUrl\":\"https:\\\/\\\/iesmas.lt\\\/wp-content\\\/uploads\\\/2024\\\/03\\\/iesmeliai-26-su-graviravimu.png\",\"width\":700,\"height\":700,\"caption\":\"trumpi 26 cm ie\u0161meliai su graviruotu vardu\"},{\"@type\":\"BreadcrumbList\",\"@id\":\"https:\\\/\\\/iesmas.lt\\\/en\\\/parduotuve\\\/custom-skewers\\\/engraved-skewers-for-26-cm-grills\\\/#breadcrumb\",\"itemListElement\":[{\"@type\":\"ListItem\",\"position\":1,\"name\":\"Home\",\"item\":\"https:\\\/\\\/iesmas.lt\\\/en\\\/?page_id=3328\"},{\"@type\":\"ListItem\",\"position\":2,\"name\":\"The Skewers Shop\",\"item\":\"https:\\\/\\\/iesmas.lt\\\/en\\\/the-skewers-shop\\\/\"},{\"@type\":\"ListItem\",\"position\":3,\"name\":\"Engraved skewers for 26 cm grills\"}]},{\"@type\":\"WebSite\",\"@id\":\"https:\\\/\\\/iesmas.lt\\\/en\\\/#website\",\"url\":\"https:\\\/\\\/iesmas.lt\\\/en\\\/\",\"name\":\"IE\u0160MAS.LT\",\"description\":\"Specializuota ie\u0161m\u0173 parduotuv\u0117 - meistri\u0161kam kepimui\",\"publisher\":{\"@id\":\"https:\\\/\\\/iesmas.lt\\\/en\\\/#organization\"},\"potentialAction\":[{\"@type\":\"SearchAction\",\"target\":{\"@type\":\"EntryPoint\",\"urlTemplate\":\"https:\\\/\\\/iesmas.lt\\\/en\\\/?s={search_term_string}\"},\"query-input\":{\"@type\":\"PropertyValueSpecification\",\"valueRequired\":true,\"valueName\":\"search_term_string\"}}],\"inLanguage\":\"en-US\"},{\"@type\":\"Organization\",\"@id\":\"https:\\\/\\\/iesmas.lt\\\/en\\\/#organization\",\"name\":\"IE\u0160MAS.LT\",\"url\":\"https:\\\/\\\/iesmas.lt\\\/en\\\/\",\"logo\":{\"@type\":\"ImageObject\",\"inLanguage\":\"en-US\",\"@id\":\"https:\\\/\\\/iesmas.lt\\\/en\\\/#\\\/schema\\\/logo\\\/image\\\/\",\"url\":\"https:\\\/\\\/iesmas.lt\\\/wp-content\\\/uploads\\\/2024\\\/01\\\/iesmas-logotipas-2_logo.png\",\"contentUrl\":\"https:\\\/\\\/iesmas.lt\\\/wp-content\\\/uploads\\\/2024\\\/01\\\/iesmas-logotipas-2_logo.png\",\"width\":1135,\"height\":284,\"caption\":\"IE\u0160MAS.LT\"},\"image\":{\"@id\":\"https:\\\/\\\/iesmas.lt\\\/en\\\/#\\\/schema\\\/logo\\\/image\\\/\"}}]}<\/script>\n<!-- \/ Yoast SEO plugin. -->","yoast_head_json":{"title":"Engraved skewers for 26 cm grills - IE\u0160MAS.LT","robots":{"index":"index","follow":"follow","max-snippet":"max-snippet:-1","max-image-preview":"max-image-preview:large","max-video-preview":"max-video-preview:-1"},"canonical":"https:\/\/iesmas.lt\/en\/parduotuve\/custom-skewers\/engraved-skewers-for-26-cm-grills\/","og_locale":"en_US","og_type":"article","og_title":"Engraved skewers for 26 cm grills - IE\u0160MAS.LT","og_description":"The short 26 cm skewers will not slip out of the Kamado Bono and Big Green Egg grill. Each skewer can be customised by engraving the names of family members on them.","og_url":"https:\/\/iesmas.lt\/en\/parduotuve\/custom-skewers\/engraved-skewers-for-26-cm-grills\/","og_site_name":"IE\u0160MAS.LT","article_modified_time":"2024-08-05T15:40:00+00:00","og_image":[{"width":700,"height":700,"url":"https:\/\/iesmas.lt\/wp-content\/uploads\/2024\/03\/iesmeliai-26-su-graviravimu.png","type":"image\/png"}],"twitter_card":"summary_large_image","twitter_misc":{"Est. reading time":"1 minute"},"schema":{"@context":"https:\/\/schema.org","@graph":[{"@type":"WebPage","@id":"https:\/\/iesmas.lt\/en\/parduotuve\/custom-skewers\/engraved-skewers-for-26-cm-grills\/","url":"https:\/\/iesmas.lt\/en\/parduotuve\/custom-skewers\/engraved-skewers-for-26-cm-grills\/","name":"Engraved skewers for 26 cm grills - IE\u0160MAS.LT","isPartOf":{"@id":"https:\/\/iesmas.lt\/en\/#website"},"primaryImageOfPage":{"@id":"https:\/\/iesmas.lt\/en\/parduotuve\/custom-skewers\/engraved-skewers-for-26-cm-grills\/#primaryimage"},"image":{"@id":"https:\/\/iesmas.lt\/en\/parduotuve\/custom-skewers\/engraved-skewers-for-26-cm-grills\/#primaryimage"},"thumbnailUrl":"https:\/\/iesmas.lt\/wp-content\/uploads\/2024\/03\/iesmeliai-26-su-graviravimu.png","datePublished":"2024-02-18T22:12:30+00:00","dateModified":"2024-08-05T15:40:00+00:00","breadcrumb":{"@id":"https:\/\/iesmas.lt\/en\/parduotuve\/custom-skewers\/engraved-skewers-for-26-cm-grills\/#breadcrumb"},"inLanguage":"en-US","potentialAction":[{"@type":"ReadAction","target":["https:\/\/iesmas.lt\/en\/parduotuve\/custom-skewers\/engraved-skewers-for-26-cm-grills\/"]}]},{"@type":"ImageObject","inLanguage":"en-US","@id":"https:\/\/iesmas.lt\/en\/parduotuve\/custom-skewers\/engraved-skewers-for-26-cm-grills\/#primaryimage","url":"https:\/\/iesmas.lt\/wp-content\/uploads\/2024\/03\/iesmeliai-26-su-graviravimu.png","contentUrl":"https:\/\/iesmas.lt\/wp-content\/uploads\/2024\/03\/iesmeliai-26-su-graviravimu.png","width":700,"height":700,"caption":"trumpi 26 cm ie\u0161meliai su graviruotu vardu"},{"@type":"BreadcrumbList","@id":"https:\/\/iesmas.lt\/en\/parduotuve\/custom-skewers\/engraved-skewers-for-26-cm-grills\/#breadcrumb","itemListElement":[{"@type":"ListItem","position":1,"name":"Home","item":"https:\/\/iesmas.lt\/en\/?page_id=3328"},{"@type":"ListItem","position":2,"name":"The Skewers Shop","item":"https:\/\/iesmas.lt\/en\/the-skewers-shop\/"},{"@type":"ListItem","position":3,"name":"Engraved skewers for 26 cm grills"}]},{"@type":"WebSite","@id":"https:\/\/iesmas.lt\/en\/#website","url":"https:\/\/iesmas.lt\/en\/","name":"IE\u0160MAS.LT","description":"Specializuota ie\u0161m\u0173 parduotuv\u0117 - meistri\u0161kam kepimui","publisher":{"@id":"https:\/\/iesmas.lt\/en\/#organization"},"potentialAction":[{"@type":"SearchAction","target":{"@type":"EntryPoint","urlTemplate":"https:\/\/iesmas.lt\/en\/?s={search_term_string}"},"query-input":{"@type":"PropertyValueSpecification","valueRequired":true,"valueName":"search_term_string"}}],"inLanguage":"en-US"},{"@type":"Organization","@id":"https:\/\/iesmas.lt\/en\/#organization","name":"IE\u0160MAS.LT","url":"https:\/\/iesmas.lt\/en\/","logo":{"@type":"ImageObject","inLanguage":"en-US","@id":"https:\/\/iesmas.lt\/en\/#\/schema\/logo\/image\/","url":"https:\/\/iesmas.lt\/wp-content\/uploads\/2024\/01\/iesmas-logotipas-2_logo.png","contentUrl":"https:\/\/iesmas.lt\/wp-content\/uploads\/2024\/01\/iesmas-logotipas-2_logo.png","width":1135,"height":284,"caption":"IE\u0160MAS.LT"},"image":{"@id":"https:\/\/iesmas.lt\/en\/#\/schema\/logo\/image\/"}}]}},"_links":{"self":[{"href":"https:\/\/iesmas.lt\/en\/wp-json\/wp\/v2\/product\/3453","targetHints":{"allow":["GET"]}}],"collection":[{"href":"https:\/\/iesmas.lt\/en\/wp-json\/wp\/v2\/product"}],"about":[{"href":"https:\/\/iesmas.lt\/en\/wp-json\/wp\/v2\/types\/product"}],"replies":[{"embeddable":true,"href":"https:\/\/iesmas.lt\/en\/wp-json\/wp\/v2\/comments?post=3453"}],"wp:featuredmedia":[{"embeddable":true,"href":"https:\/\/iesmas.lt\/en\/wp-json\/wp\/v2\/media\/2890"}],"wp:attachment":[{"href":"https:\/\/iesmas.lt\/en\/wp-json\/wp\/v2\/media?parent=3453"}],"wp:term":[{"taxonomy":"product_brand","embeddable":true,"href":"https:\/\/iesmas.lt\/en\/wp-json\/wp\/v2\/product_brand?post=3453"},{"taxonomy":"product_cat","embeddable":true,"href":"https:\/\/iesmas.lt\/en\/wp-json\/wp\/v2\/product_cat?post=3453"},{"taxonomy":"product_tag","embeddable":true,"href":"https:\/\/iesmas.lt\/en\/wp-json\/wp\/v2\/product_tag?post=3453"}],"curies":[{"name":"wp","href":"https:\/\/api.w.org\/{rel}","templated":true}]}}