{"id":3450,"date":"2024-02-19T00:12:31","date_gmt":"2024-02-18T22:12:31","guid":{"rendered":"https:\/\/iesmas.lt\/parduotuve\/uncategorized\/kebab-spears-with-handle-kebabo-83-cm-long\/"},"modified":"2024-08-05T17:39:58","modified_gmt":"2024-08-05T15:39:58","slug":"kebab-spears-with-handle-kebabo-83-cm-long","status":"publish","type":"product","link":"https:\/\/iesmas.lt\/en\/parduotuve\/kebab-skewers\/kebab-spears-with-handle-kebabo-83-cm-long\/","title":{"rendered":"Kebab spears with handle &#8220;KEBABO&#8221; 83 cm long"},"content":{"rendered":"<p>The perfect gift for your husband &#8211; the &#8220;KAR DAS KEBABO&#8221; skewer.<br \/>\nMade with men&#8217;s practicality and quality in mind, this 83 cm long stainless steel skewer, with a working length of 60 cm, has a wide width of 20 mm and a thickness of 3 mm, which is ideal for evenly frying the sausage.<br \/>\nThe exclusive 2 cm wide design feature not only makes the skewer stand out from the standard versions, but also ensures that the food is held steady and secure.<br \/>\nThe exclusive handle makes you feel like a knight.<br \/>\nThe handle has a hole for hanging.<br \/>\nEach skewer is carefully made to ensure durability and longevity, and is also sold by the piece, allowing you to easily personalise your set.<br \/>\nEvery man should have a unique skewer.      <\/p>\n","protected":false},"excerpt":{"rendered":"<p>Stainless steel kebab skewer with handle.<br \/>\nExceptionally long 20&#215;3 mm wide. <\/p>\n","protected":false},"featured_media":3239,"comment_status":"open","ping_status":"closed","template":"","meta":{"site-sidebar-layout":"default","site-content-layout":"","ast-site-content-layout":"default","site-content-style":"default","site-sidebar-style":"default","ast-global-header-display":"","ast-banner-title-visibility":"","ast-main-header-display":"","ast-hfb-above-header-display":"","ast-hfb-below-header-display":"","ast-hfb-mobile-header-display":"","site-post-title":"","ast-breadcrumbs-content":"","ast-featured-img":"","footer-sml-layout":"","ast-disable-related-posts":"","theme-transparent-header-meta":"default","adv-header-id-meta":"","stick-header-meta":"","header-above-stick-meta":"","header-main-stick-meta":"","header-below-stick-meta":"","astra-migrate-meta-layouts":"default","ast-page-background-enabled":"default","ast-page-background-meta":{"desktop":{"background-color":"","background-image":"","background-repeat":"repeat","background-position":"center center","background-size":"auto","background-attachment":"scroll","background-type":"","background-media":"","overlay-type":"","overlay-color":"","overlay-opacity":"","overlay-gradient":""},"tablet":{"background-color":"","background-image":"","background-repeat":"repeat","background-position":"center center","background-size":"auto","background-attachment":"scroll","background-type":"","background-media":"","overlay-type":"","overlay-color":"","overlay-opacity":"","overlay-gradient":""},"mobile":{"background-color":"","background-image":"","background-repeat":"repeat","background-position":"center center","background-size":"auto","background-attachment":"scroll","background-type":"","background-media":"","overlay-type":"","overlay-color":"","overlay-opacity":"","overlay-gradient":""}},"ast-content-background-meta":{"desktop":{"background-color":"var(--ast-global-color-5)","background-image":"","background-repeat":"repeat","background-position":"center center","background-size":"auto","background-attachment":"scroll","background-type":"","background-media":"","overlay-type":"","overlay-color":"","overlay-opacity":"","overlay-gradient":""},"tablet":{"background-color":"var(--ast-global-color-5)","background-image":"","background-repeat":"repeat","background-position":"center center","background-size":"auto","background-attachment":"scroll","background-type":"","background-media":"","overlay-type":"","overlay-color":"","overlay-opacity":"","overlay-gradient":""},"mobile":{"background-color":"var(--ast-global-color-5)","background-image":"","background-repeat":"repeat","background-position":"center center","background-size":"auto","background-attachment":"scroll","background-type":"","background-media":"","overlay-type":"","overlay-color":"","overlay-opacity":"","overlay-gradient":""}}},"product_brand":[],"product_cat":[182],"product_tag":[136,170],"class_list":{"0":"post-3450","1":"product","2":"type-product","3":"status-publish","4":"has-post-thumbnail","6":"product_cat-kebab-skewers","7":"product_tag-spits-for-barbecue-en","8":"product_tag-spits-for-kebabs","9":"desktop-align-left","10":"tablet-align-left","11":"mobile-align-left","12":"ast-product-gallery-layout-first-image-large","13":"ast-product-tabs-layout-distributed","14":"ast-qv-on-image","16":"first","17":"instock","18":"taxable","19":"shipping-taxable","20":"purchasable","21":"product-type-simple"},"yoast_head":"<!-- This site is optimized with the Yoast SEO plugin v27.5 - https:\/\/yoast.com\/product\/yoast-seo-wordpress\/ -->\n<title>Kebab spears with handle &quot;KEBABO&quot; 83 cm long - IE\u0160MAS.LT<\/title>\n<meta name=\"robots\" content=\"index, follow, max-snippet:-1, max-image-preview:large, max-video-preview:-1\" \/>\n<link rel=\"canonical\" href=\"https:\/\/iesmas.lt\/en\/parduotuve\/kebab-skewers\/kebab-spears-with-handle-kebabo-83-cm-long\/\" \/>\n<meta property=\"og:locale\" content=\"en_US\" \/>\n<meta property=\"og:type\" content=\"article\" \/>\n<meta property=\"og:title\" content=\"Kebab spears with handle &quot;KEBABO&quot; 83 cm long - IE\u0160MAS.LT\" \/>\n<meta property=\"og:description\" content=\"Stainless steel kebab skewer with handle. Exceptionally long 20x3 mm wide.\" \/>\n<meta property=\"og:url\" content=\"https:\/\/iesmas.lt\/en\/parduotuve\/kebab-skewers\/kebab-spears-with-handle-kebabo-83-cm-long\/\" \/>\n<meta property=\"og:site_name\" content=\"IE\u0160MAS.LT\" \/>\n<meta property=\"article:modified_time\" content=\"2024-08-05T15:39:58+00:00\" \/>\n<meta property=\"og:image\" content=\"https:\/\/iesmas.lt\/wp-content\/uploads\/2024\/02\/iesmai-kebabams-2-cm-plocio-.jpg\" \/>\n\t<meta property=\"og:image:width\" content=\"700\" \/>\n\t<meta property=\"og:image:height\" content=\"700\" \/>\n\t<meta property=\"og:image:type\" content=\"image\/jpeg\" \/>\n<meta name=\"twitter:card\" content=\"summary_large_image\" \/>\n<meta name=\"twitter:label1\" content=\"Est. reading time\" \/>\n\t<meta name=\"twitter:data1\" content=\"1 minute\" \/>\n<script type=\"application\/ld+json\" class=\"yoast-schema-graph\">{\"@context\":\"https:\\\/\\\/schema.org\",\"@graph\":[{\"@type\":\"WebPage\",\"@id\":\"https:\\\/\\\/iesmas.lt\\\/en\\\/parduotuve\\\/kebab-skewers\\\/kebab-spears-with-handle-kebabo-83-cm-long\\\/\",\"url\":\"https:\\\/\\\/iesmas.lt\\\/en\\\/parduotuve\\\/kebab-skewers\\\/kebab-spears-with-handle-kebabo-83-cm-long\\\/\",\"name\":\"Kebab spears with handle \\\"KEBABO\\\" 83 cm long - IE\u0160MAS.LT\",\"isPartOf\":{\"@id\":\"https:\\\/\\\/iesmas.lt\\\/en\\\/#website\"},\"primaryImageOfPage\":{\"@id\":\"https:\\\/\\\/iesmas.lt\\\/en\\\/parduotuve\\\/kebab-skewers\\\/kebab-spears-with-handle-kebabo-83-cm-long\\\/#primaryimage\"},\"image\":{\"@id\":\"https:\\\/\\\/iesmas.lt\\\/en\\\/parduotuve\\\/kebab-skewers\\\/kebab-spears-with-handle-kebabo-83-cm-long\\\/#primaryimage\"},\"thumbnailUrl\":\"https:\\\/\\\/iesmas.lt\\\/wp-content\\\/uploads\\\/2024\\\/02\\\/iesmai-kebabams-2-cm-plocio-.jpg\",\"datePublished\":\"2024-02-18T22:12:31+00:00\",\"dateModified\":\"2024-08-05T15:39:58+00:00\",\"breadcrumb\":{\"@id\":\"https:\\\/\\\/iesmas.lt\\\/en\\\/parduotuve\\\/kebab-skewers\\\/kebab-spears-with-handle-kebabo-83-cm-long\\\/#breadcrumb\"},\"inLanguage\":\"en-US\",\"potentialAction\":[{\"@type\":\"ReadAction\",\"target\":[\"https:\\\/\\\/iesmas.lt\\\/en\\\/parduotuve\\\/kebab-skewers\\\/kebab-spears-with-handle-kebabo-83-cm-long\\\/\"]}]},{\"@type\":\"ImageObject\",\"inLanguage\":\"en-US\",\"@id\":\"https:\\\/\\\/iesmas.lt\\\/en\\\/parduotuve\\\/kebab-skewers\\\/kebab-spears-with-handle-kebabo-83-cm-long\\\/#primaryimage\",\"url\":\"https:\\\/\\\/iesmas.lt\\\/wp-content\\\/uploads\\\/2024\\\/02\\\/iesmai-kebabams-2-cm-plocio-.jpg\",\"contentUrl\":\"https:\\\/\\\/iesmas.lt\\\/wp-content\\\/uploads\\\/2024\\\/02\\\/iesmai-kebabams-2-cm-plocio-.jpg\",\"width\":700,\"height\":700},{\"@type\":\"BreadcrumbList\",\"@id\":\"https:\\\/\\\/iesmas.lt\\\/en\\\/parduotuve\\\/kebab-skewers\\\/kebab-spears-with-handle-kebabo-83-cm-long\\\/#breadcrumb\",\"itemListElement\":[{\"@type\":\"ListItem\",\"position\":1,\"name\":\"Home\",\"item\":\"https:\\\/\\\/iesmas.lt\\\/en\\\/?page_id=3328\"},{\"@type\":\"ListItem\",\"position\":2,\"name\":\"The Skewers Shop\",\"item\":\"https:\\\/\\\/iesmas.lt\\\/en\\\/the-skewers-shop\\\/\"},{\"@type\":\"ListItem\",\"position\":3,\"name\":\"Kebab spears with handle &#8220;KEBABO&#8221; 83 cm long\"}]},{\"@type\":\"WebSite\",\"@id\":\"https:\\\/\\\/iesmas.lt\\\/en\\\/#website\",\"url\":\"https:\\\/\\\/iesmas.lt\\\/en\\\/\",\"name\":\"IE\u0160MAS.LT\",\"description\":\"Specializuota ie\u0161m\u0173 parduotuv\u0117 - meistri\u0161kam kepimui\",\"publisher\":{\"@id\":\"https:\\\/\\\/iesmas.lt\\\/en\\\/#organization\"},\"potentialAction\":[{\"@type\":\"SearchAction\",\"target\":{\"@type\":\"EntryPoint\",\"urlTemplate\":\"https:\\\/\\\/iesmas.lt\\\/en\\\/?s={search_term_string}\"},\"query-input\":{\"@type\":\"PropertyValueSpecification\",\"valueRequired\":true,\"valueName\":\"search_term_string\"}}],\"inLanguage\":\"en-US\"},{\"@type\":\"Organization\",\"@id\":\"https:\\\/\\\/iesmas.lt\\\/en\\\/#organization\",\"name\":\"IE\u0160MAS.LT\",\"url\":\"https:\\\/\\\/iesmas.lt\\\/en\\\/\",\"logo\":{\"@type\":\"ImageObject\",\"inLanguage\":\"en-US\",\"@id\":\"https:\\\/\\\/iesmas.lt\\\/en\\\/#\\\/schema\\\/logo\\\/image\\\/\",\"url\":\"https:\\\/\\\/iesmas.lt\\\/wp-content\\\/uploads\\\/2024\\\/01\\\/iesmas-logotipas-2_logo.png\",\"contentUrl\":\"https:\\\/\\\/iesmas.lt\\\/wp-content\\\/uploads\\\/2024\\\/01\\\/iesmas-logotipas-2_logo.png\",\"width\":1135,\"height\":284,\"caption\":\"IE\u0160MAS.LT\"},\"image\":{\"@id\":\"https:\\\/\\\/iesmas.lt\\\/en\\\/#\\\/schema\\\/logo\\\/image\\\/\"}}]}<\/script>\n<!-- \/ Yoast SEO plugin. -->","yoast_head_json":{"title":"Kebab spears with handle \"KEBABO\" 83 cm long - IE\u0160MAS.LT","robots":{"index":"index","follow":"follow","max-snippet":"max-snippet:-1","max-image-preview":"max-image-preview:large","max-video-preview":"max-video-preview:-1"},"canonical":"https:\/\/iesmas.lt\/en\/parduotuve\/kebab-skewers\/kebab-spears-with-handle-kebabo-83-cm-long\/","og_locale":"en_US","og_type":"article","og_title":"Kebab spears with handle \"KEBABO\" 83 cm long - IE\u0160MAS.LT","og_description":"Stainless steel kebab skewer with handle. Exceptionally long 20x3 mm wide.","og_url":"https:\/\/iesmas.lt\/en\/parduotuve\/kebab-skewers\/kebab-spears-with-handle-kebabo-83-cm-long\/","og_site_name":"IE\u0160MAS.LT","article_modified_time":"2024-08-05T15:39:58+00:00","og_image":[{"width":700,"height":700,"url":"https:\/\/iesmas.lt\/wp-content\/uploads\/2024\/02\/iesmai-kebabams-2-cm-plocio-.jpg","type":"image\/jpeg"}],"twitter_card":"summary_large_image","twitter_misc":{"Est. reading time":"1 minute"},"schema":{"@context":"https:\/\/schema.org","@graph":[{"@type":"WebPage","@id":"https:\/\/iesmas.lt\/en\/parduotuve\/kebab-skewers\/kebab-spears-with-handle-kebabo-83-cm-long\/","url":"https:\/\/iesmas.lt\/en\/parduotuve\/kebab-skewers\/kebab-spears-with-handle-kebabo-83-cm-long\/","name":"Kebab spears with handle \"KEBABO\" 83 cm long - IE\u0160MAS.LT","isPartOf":{"@id":"https:\/\/iesmas.lt\/en\/#website"},"primaryImageOfPage":{"@id":"https:\/\/iesmas.lt\/en\/parduotuve\/kebab-skewers\/kebab-spears-with-handle-kebabo-83-cm-long\/#primaryimage"},"image":{"@id":"https:\/\/iesmas.lt\/en\/parduotuve\/kebab-skewers\/kebab-spears-with-handle-kebabo-83-cm-long\/#primaryimage"},"thumbnailUrl":"https:\/\/iesmas.lt\/wp-content\/uploads\/2024\/02\/iesmai-kebabams-2-cm-plocio-.jpg","datePublished":"2024-02-18T22:12:31+00:00","dateModified":"2024-08-05T15:39:58+00:00","breadcrumb":{"@id":"https:\/\/iesmas.lt\/en\/parduotuve\/kebab-skewers\/kebab-spears-with-handle-kebabo-83-cm-long\/#breadcrumb"},"inLanguage":"en-US","potentialAction":[{"@type":"ReadAction","target":["https:\/\/iesmas.lt\/en\/parduotuve\/kebab-skewers\/kebab-spears-with-handle-kebabo-83-cm-long\/"]}]},{"@type":"ImageObject","inLanguage":"en-US","@id":"https:\/\/iesmas.lt\/en\/parduotuve\/kebab-skewers\/kebab-spears-with-handle-kebabo-83-cm-long\/#primaryimage","url":"https:\/\/iesmas.lt\/wp-content\/uploads\/2024\/02\/iesmai-kebabams-2-cm-plocio-.jpg","contentUrl":"https:\/\/iesmas.lt\/wp-content\/uploads\/2024\/02\/iesmai-kebabams-2-cm-plocio-.jpg","width":700,"height":700},{"@type":"BreadcrumbList","@id":"https:\/\/iesmas.lt\/en\/parduotuve\/kebab-skewers\/kebab-spears-with-handle-kebabo-83-cm-long\/#breadcrumb","itemListElement":[{"@type":"ListItem","position":1,"name":"Home","item":"https:\/\/iesmas.lt\/en\/?page_id=3328"},{"@type":"ListItem","position":2,"name":"The Skewers Shop","item":"https:\/\/iesmas.lt\/en\/the-skewers-shop\/"},{"@type":"ListItem","position":3,"name":"Kebab spears with handle &#8220;KEBABO&#8221; 83 cm long"}]},{"@type":"WebSite","@id":"https:\/\/iesmas.lt\/en\/#website","url":"https:\/\/iesmas.lt\/en\/","name":"IE\u0160MAS.LT","description":"Specializuota ie\u0161m\u0173 parduotuv\u0117 - meistri\u0161kam kepimui","publisher":{"@id":"https:\/\/iesmas.lt\/en\/#organization"},"potentialAction":[{"@type":"SearchAction","target":{"@type":"EntryPoint","urlTemplate":"https:\/\/iesmas.lt\/en\/?s={search_term_string}"},"query-input":{"@type":"PropertyValueSpecification","valueRequired":true,"valueName":"search_term_string"}}],"inLanguage":"en-US"},{"@type":"Organization","@id":"https:\/\/iesmas.lt\/en\/#organization","name":"IE\u0160MAS.LT","url":"https:\/\/iesmas.lt\/en\/","logo":{"@type":"ImageObject","inLanguage":"en-US","@id":"https:\/\/iesmas.lt\/en\/#\/schema\/logo\/image\/","url":"https:\/\/iesmas.lt\/wp-content\/uploads\/2024\/01\/iesmas-logotipas-2_logo.png","contentUrl":"https:\/\/iesmas.lt\/wp-content\/uploads\/2024\/01\/iesmas-logotipas-2_logo.png","width":1135,"height":284,"caption":"IE\u0160MAS.LT"},"image":{"@id":"https:\/\/iesmas.lt\/en\/#\/schema\/logo\/image\/"}}]}},"_links":{"self":[{"href":"https:\/\/iesmas.lt\/en\/wp-json\/wp\/v2\/product\/3450","targetHints":{"allow":["GET"]}}],"collection":[{"href":"https:\/\/iesmas.lt\/en\/wp-json\/wp\/v2\/product"}],"about":[{"href":"https:\/\/iesmas.lt\/en\/wp-json\/wp\/v2\/types\/product"}],"replies":[{"embeddable":true,"href":"https:\/\/iesmas.lt\/en\/wp-json\/wp\/v2\/comments?post=3450"}],"wp:featuredmedia":[{"embeddable":true,"href":"https:\/\/iesmas.lt\/en\/wp-json\/wp\/v2\/media\/3239"}],"wp:attachment":[{"href":"https:\/\/iesmas.lt\/en\/wp-json\/wp\/v2\/media?parent=3450"}],"wp:term":[{"taxonomy":"product_brand","embeddable":true,"href":"https:\/\/iesmas.lt\/en\/wp-json\/wp\/v2\/product_brand?post=3450"},{"taxonomy":"product_cat","embeddable":true,"href":"https:\/\/iesmas.lt\/en\/wp-json\/wp\/v2\/product_cat?post=3450"},{"taxonomy":"product_tag","embeddable":true,"href":"https:\/\/iesmas.lt\/en\/wp-json\/wp\/v2\/product_tag?post=3450"}],"curies":[{"name":"wp","href":"https:\/\/api.w.org\/{rel}","templated":true}]}}