{"id":3438,"date":"2024-02-19T00:12:31","date_gmt":"2024-02-18T22:12:31","guid":{"rendered":"https:\/\/iesmas.lt\/parduotuve\/uncategorized\/engraved-kebab-skewers-3-mm-75-cm-long\/"},"modified":"2024-08-05T17:39:44","modified_gmt":"2024-08-05T15:39:44","slug":"engraved-kebab-skewers-3-mm-75-cm-long","status":"publish","type":"product","link":"https:\/\/iesmas.lt\/en\/parduotuve\/custom-skewers\/engraved-kebab-skewers-3-mm-75-cm-long\/","title":{"rendered":"Engraved kebab skewers 3 mm, 75 cm long"},"content":{"rendered":"<p>This 2 cm wide stainless steel kebab skewer is designed with special attention to convenience and functionality.<br \/>\nThe exclusive design with a thickness of 3 mm and an overall length of 75 cm ensures that your kebabs are cooked evenly and efficiently.<br \/>\nThe spear knob and swivel not only allow you to conveniently fix the position of the meat on the grill, but also guarantee safe use and easy turning of the meat.<br \/>\nThe flat profile of the skewer is ideally suited to the production of Liulia kebabs, giving it a clear advantage over conventional barbecue skewers.<br \/>\nEach skewer is sold individually, allowing kebab lovers to create the most delicious dishes with the highest quality tools.    <\/p>\n","protected":false},"excerpt":{"rendered":"<p>Engraving with your choice of text on a standard stainless steel turnout.<br \/>\nWide 20&#215;3 mm turnout specially designed for liulia kekabs. <\/p>\n","protected":false},"featured_media":3223,"comment_status":"open","ping_status":"closed","template":"","meta":{"site-sidebar-layout":"default","site-content-layout":"","ast-site-content-layout":"default","site-content-style":"default","site-sidebar-style":"default","ast-global-header-display":"","ast-banner-title-visibility":"","ast-main-header-display":"","ast-hfb-above-header-display":"","ast-hfb-below-header-display":"","ast-hfb-mobile-header-display":"","site-post-title":"","ast-breadcrumbs-content":"","ast-featured-img":"","footer-sml-layout":"","ast-disable-related-posts":"","theme-transparent-header-meta":"default","adv-header-id-meta":"","stick-header-meta":"","header-above-stick-meta":"","header-main-stick-meta":"","header-below-stick-meta":"","astra-migrate-meta-layouts":"default","ast-page-background-enabled":"default","ast-page-background-meta":{"desktop":{"background-color":"","background-image":"","background-repeat":"repeat","background-position":"center center","background-size":"auto","background-attachment":"scroll","background-type":"","background-media":"","overlay-type":"","overlay-color":"","overlay-opacity":"","overlay-gradient":""},"tablet":{"background-color":"","background-image":"","background-repeat":"repeat","background-position":"center center","background-size":"auto","background-attachment":"scroll","background-type":"","background-media":"","overlay-type":"","overlay-color":"","overlay-opacity":"","overlay-gradient":""},"mobile":{"background-color":"","background-image":"","background-repeat":"repeat","background-position":"center center","background-size":"auto","background-attachment":"scroll","background-type":"","background-media":"","overlay-type":"","overlay-color":"","overlay-opacity":"","overlay-gradient":""}},"ast-content-background-meta":{"desktop":{"background-color":"var(--ast-global-color-5)","background-image":"","background-repeat":"repeat","background-position":"center center","background-size":"auto","background-attachment":"scroll","background-type":"","background-media":"","overlay-type":"","overlay-color":"","overlay-opacity":"","overlay-gradient":""},"tablet":{"background-color":"var(--ast-global-color-5)","background-image":"","background-repeat":"repeat","background-position":"center center","background-size":"auto","background-attachment":"scroll","background-type":"","background-media":"","overlay-type":"","overlay-color":"","overlay-opacity":"","overlay-gradient":""},"mobile":{"background-color":"var(--ast-global-color-5)","background-image":"","background-repeat":"repeat","background-position":"center center","background-size":"auto","background-attachment":"scroll","background-type":"","background-media":"","overlay-type":"","overlay-color":"","overlay-opacity":"","overlay-gradient":""}}},"product_brand":[],"product_cat":[169],"product_tag":[170],"class_list":{"0":"post-3438","1":"product","2":"type-product","3":"status-publish","4":"has-post-thumbnail","6":"product_cat-custom-skewers","7":"product_tag-spits-for-kebabs","8":"desktop-align-left","9":"tablet-align-left","10":"mobile-align-left","11":"ast-product-gallery-layout-first-image-large","12":"ast-product-tabs-layout-distributed","13":"ast-qv-on-image","15":"first","16":"onbackorder","17":"taxable","18":"shipping-taxable","19":"purchasable","20":"product-type-simple"},"yoast_head":"<!-- This site is optimized with the Yoast SEO plugin v27.5 - https:\/\/yoast.com\/product\/yoast-seo-wordpress\/ -->\n<title>Engraved kebab skewers 3 mm, 75 cm long - IE\u0160MAS.LT<\/title>\n<meta name=\"robots\" content=\"index, follow, max-snippet:-1, max-image-preview:large, max-video-preview:-1\" \/>\n<link rel=\"canonical\" href=\"https:\/\/iesmas.lt\/en\/parduotuve\/custom-skewers\/engraved-kebab-skewers-3-mm-75-cm-long\/\" \/>\n<meta property=\"og:locale\" content=\"en_US\" \/>\n<meta property=\"og:type\" content=\"article\" \/>\n<meta property=\"og:title\" content=\"Engraved kebab skewers 3 mm, 75 cm long - IE\u0160MAS.LT\" \/>\n<meta property=\"og:description\" content=\"Engraving with your choice of text on a standard stainless steel turnout. Wide 20x3 mm turnout specially designed for liulia kekabs.\" \/>\n<meta property=\"og:url\" content=\"https:\/\/iesmas.lt\/en\/parduotuve\/custom-skewers\/engraved-kebab-skewers-3-mm-75-cm-long\/\" \/>\n<meta property=\"og:site_name\" content=\"IE\u0160MAS.LT\" \/>\n<meta property=\"article:modified_time\" content=\"2024-08-05T15:39:44+00:00\" \/>\n<meta property=\"og:image\" content=\"https:\/\/iesmas.lt\/wp-content\/uploads\/2024\/02\/vardiniai-graviruoti-iesmai-kebabams-2-cm-plocio.png\" \/>\n\t<meta property=\"og:image:width\" content=\"700\" \/>\n\t<meta property=\"og:image:height\" content=\"700\" \/>\n\t<meta property=\"og:image:type\" content=\"image\/png\" \/>\n<meta name=\"twitter:card\" content=\"summary_large_image\" \/>\n<meta name=\"twitter:label1\" content=\"Est. reading time\" \/>\n\t<meta name=\"twitter:data1\" content=\"1 minute\" \/>\n<script type=\"application\/ld+json\" class=\"yoast-schema-graph\">{\"@context\":\"https:\\\/\\\/schema.org\",\"@graph\":[{\"@type\":\"WebPage\",\"@id\":\"https:\\\/\\\/iesmas.lt\\\/en\\\/parduotuve\\\/custom-skewers\\\/engraved-kebab-skewers-3-mm-75-cm-long\\\/\",\"url\":\"https:\\\/\\\/iesmas.lt\\\/en\\\/parduotuve\\\/custom-skewers\\\/engraved-kebab-skewers-3-mm-75-cm-long\\\/\",\"name\":\"Engraved kebab skewers 3 mm, 75 cm long - IE\u0160MAS.LT\",\"isPartOf\":{\"@id\":\"https:\\\/\\\/iesmas.lt\\\/en\\\/#website\"},\"primaryImageOfPage\":{\"@id\":\"https:\\\/\\\/iesmas.lt\\\/en\\\/parduotuve\\\/custom-skewers\\\/engraved-kebab-skewers-3-mm-75-cm-long\\\/#primaryimage\"},\"image\":{\"@id\":\"https:\\\/\\\/iesmas.lt\\\/en\\\/parduotuve\\\/custom-skewers\\\/engraved-kebab-skewers-3-mm-75-cm-long\\\/#primaryimage\"},\"thumbnailUrl\":\"https:\\\/\\\/iesmas.lt\\\/wp-content\\\/uploads\\\/2024\\\/02\\\/vardiniai-graviruoti-iesmai-kebabams-2-cm-plocio.png\",\"datePublished\":\"2024-02-18T22:12:31+00:00\",\"dateModified\":\"2024-08-05T15:39:44+00:00\",\"breadcrumb\":{\"@id\":\"https:\\\/\\\/iesmas.lt\\\/en\\\/parduotuve\\\/custom-skewers\\\/engraved-kebab-skewers-3-mm-75-cm-long\\\/#breadcrumb\"},\"inLanguage\":\"en-US\",\"potentialAction\":[{\"@type\":\"ReadAction\",\"target\":[\"https:\\\/\\\/iesmas.lt\\\/en\\\/parduotuve\\\/custom-skewers\\\/engraved-kebab-skewers-3-mm-75-cm-long\\\/\"]}]},{\"@type\":\"ImageObject\",\"inLanguage\":\"en-US\",\"@id\":\"https:\\\/\\\/iesmas.lt\\\/en\\\/parduotuve\\\/custom-skewers\\\/engraved-kebab-skewers-3-mm-75-cm-long\\\/#primaryimage\",\"url\":\"https:\\\/\\\/iesmas.lt\\\/wp-content\\\/uploads\\\/2024\\\/02\\\/vardiniai-graviruoti-iesmai-kebabams-2-cm-plocio.png\",\"contentUrl\":\"https:\\\/\\\/iesmas.lt\\\/wp-content\\\/uploads\\\/2024\\\/02\\\/vardiniai-graviruoti-iesmai-kebabams-2-cm-plocio.png\",\"width\":700,\"height\":700},{\"@type\":\"BreadcrumbList\",\"@id\":\"https:\\\/\\\/iesmas.lt\\\/en\\\/parduotuve\\\/custom-skewers\\\/engraved-kebab-skewers-3-mm-75-cm-long\\\/#breadcrumb\",\"itemListElement\":[{\"@type\":\"ListItem\",\"position\":1,\"name\":\"Home\",\"item\":\"https:\\\/\\\/iesmas.lt\\\/en\\\/?page_id=3328\"},{\"@type\":\"ListItem\",\"position\":2,\"name\":\"The Skewers Shop\",\"item\":\"https:\\\/\\\/iesmas.lt\\\/en\\\/the-skewers-shop\\\/\"},{\"@type\":\"ListItem\",\"position\":3,\"name\":\"Engraved kebab skewers 3 mm, 75 cm long\"}]},{\"@type\":\"WebSite\",\"@id\":\"https:\\\/\\\/iesmas.lt\\\/en\\\/#website\",\"url\":\"https:\\\/\\\/iesmas.lt\\\/en\\\/\",\"name\":\"IE\u0160MAS.LT\",\"description\":\"Specializuota ie\u0161m\u0173 parduotuv\u0117 - meistri\u0161kam kepimui\",\"publisher\":{\"@id\":\"https:\\\/\\\/iesmas.lt\\\/en\\\/#organization\"},\"potentialAction\":[{\"@type\":\"SearchAction\",\"target\":{\"@type\":\"EntryPoint\",\"urlTemplate\":\"https:\\\/\\\/iesmas.lt\\\/en\\\/?s={search_term_string}\"},\"query-input\":{\"@type\":\"PropertyValueSpecification\",\"valueRequired\":true,\"valueName\":\"search_term_string\"}}],\"inLanguage\":\"en-US\"},{\"@type\":\"Organization\",\"@id\":\"https:\\\/\\\/iesmas.lt\\\/en\\\/#organization\",\"name\":\"IE\u0160MAS.LT\",\"url\":\"https:\\\/\\\/iesmas.lt\\\/en\\\/\",\"logo\":{\"@type\":\"ImageObject\",\"inLanguage\":\"en-US\",\"@id\":\"https:\\\/\\\/iesmas.lt\\\/en\\\/#\\\/schema\\\/logo\\\/image\\\/\",\"url\":\"https:\\\/\\\/iesmas.lt\\\/wp-content\\\/uploads\\\/2024\\\/01\\\/iesmas-logotipas-2_logo.png\",\"contentUrl\":\"https:\\\/\\\/iesmas.lt\\\/wp-content\\\/uploads\\\/2024\\\/01\\\/iesmas-logotipas-2_logo.png\",\"width\":1135,\"height\":284,\"caption\":\"IE\u0160MAS.LT\"},\"image\":{\"@id\":\"https:\\\/\\\/iesmas.lt\\\/en\\\/#\\\/schema\\\/logo\\\/image\\\/\"}}]}<\/script>\n<!-- \/ Yoast SEO plugin. -->","yoast_head_json":{"title":"Engraved kebab skewers 3 mm, 75 cm long - IE\u0160MAS.LT","robots":{"index":"index","follow":"follow","max-snippet":"max-snippet:-1","max-image-preview":"max-image-preview:large","max-video-preview":"max-video-preview:-1"},"canonical":"https:\/\/iesmas.lt\/en\/parduotuve\/custom-skewers\/engraved-kebab-skewers-3-mm-75-cm-long\/","og_locale":"en_US","og_type":"article","og_title":"Engraved kebab skewers 3 mm, 75 cm long - IE\u0160MAS.LT","og_description":"Engraving with your choice of text on a standard stainless steel turnout. Wide 20x3 mm turnout specially designed for liulia kekabs.","og_url":"https:\/\/iesmas.lt\/en\/parduotuve\/custom-skewers\/engraved-kebab-skewers-3-mm-75-cm-long\/","og_site_name":"IE\u0160MAS.LT","article_modified_time":"2024-08-05T15:39:44+00:00","og_image":[{"width":700,"height":700,"url":"https:\/\/iesmas.lt\/wp-content\/uploads\/2024\/02\/vardiniai-graviruoti-iesmai-kebabams-2-cm-plocio.png","type":"image\/png"}],"twitter_card":"summary_large_image","twitter_misc":{"Est. reading time":"1 minute"},"schema":{"@context":"https:\/\/schema.org","@graph":[{"@type":"WebPage","@id":"https:\/\/iesmas.lt\/en\/parduotuve\/custom-skewers\/engraved-kebab-skewers-3-mm-75-cm-long\/","url":"https:\/\/iesmas.lt\/en\/parduotuve\/custom-skewers\/engraved-kebab-skewers-3-mm-75-cm-long\/","name":"Engraved kebab skewers 3 mm, 75 cm long - IE\u0160MAS.LT","isPartOf":{"@id":"https:\/\/iesmas.lt\/en\/#website"},"primaryImageOfPage":{"@id":"https:\/\/iesmas.lt\/en\/parduotuve\/custom-skewers\/engraved-kebab-skewers-3-mm-75-cm-long\/#primaryimage"},"image":{"@id":"https:\/\/iesmas.lt\/en\/parduotuve\/custom-skewers\/engraved-kebab-skewers-3-mm-75-cm-long\/#primaryimage"},"thumbnailUrl":"https:\/\/iesmas.lt\/wp-content\/uploads\/2024\/02\/vardiniai-graviruoti-iesmai-kebabams-2-cm-plocio.png","datePublished":"2024-02-18T22:12:31+00:00","dateModified":"2024-08-05T15:39:44+00:00","breadcrumb":{"@id":"https:\/\/iesmas.lt\/en\/parduotuve\/custom-skewers\/engraved-kebab-skewers-3-mm-75-cm-long\/#breadcrumb"},"inLanguage":"en-US","potentialAction":[{"@type":"ReadAction","target":["https:\/\/iesmas.lt\/en\/parduotuve\/custom-skewers\/engraved-kebab-skewers-3-mm-75-cm-long\/"]}]},{"@type":"ImageObject","inLanguage":"en-US","@id":"https:\/\/iesmas.lt\/en\/parduotuve\/custom-skewers\/engraved-kebab-skewers-3-mm-75-cm-long\/#primaryimage","url":"https:\/\/iesmas.lt\/wp-content\/uploads\/2024\/02\/vardiniai-graviruoti-iesmai-kebabams-2-cm-plocio.png","contentUrl":"https:\/\/iesmas.lt\/wp-content\/uploads\/2024\/02\/vardiniai-graviruoti-iesmai-kebabams-2-cm-plocio.png","width":700,"height":700},{"@type":"BreadcrumbList","@id":"https:\/\/iesmas.lt\/en\/parduotuve\/custom-skewers\/engraved-kebab-skewers-3-mm-75-cm-long\/#breadcrumb","itemListElement":[{"@type":"ListItem","position":1,"name":"Home","item":"https:\/\/iesmas.lt\/en\/?page_id=3328"},{"@type":"ListItem","position":2,"name":"The Skewers Shop","item":"https:\/\/iesmas.lt\/en\/the-skewers-shop\/"},{"@type":"ListItem","position":3,"name":"Engraved kebab skewers 3 mm, 75 cm long"}]},{"@type":"WebSite","@id":"https:\/\/iesmas.lt\/en\/#website","url":"https:\/\/iesmas.lt\/en\/","name":"IE\u0160MAS.LT","description":"Specializuota ie\u0161m\u0173 parduotuv\u0117 - meistri\u0161kam kepimui","publisher":{"@id":"https:\/\/iesmas.lt\/en\/#organization"},"potentialAction":[{"@type":"SearchAction","target":{"@type":"EntryPoint","urlTemplate":"https:\/\/iesmas.lt\/en\/?s={search_term_string}"},"query-input":{"@type":"PropertyValueSpecification","valueRequired":true,"valueName":"search_term_string"}}],"inLanguage":"en-US"},{"@type":"Organization","@id":"https:\/\/iesmas.lt\/en\/#organization","name":"IE\u0160MAS.LT","url":"https:\/\/iesmas.lt\/en\/","logo":{"@type":"ImageObject","inLanguage":"en-US","@id":"https:\/\/iesmas.lt\/en\/#\/schema\/logo\/image\/","url":"https:\/\/iesmas.lt\/wp-content\/uploads\/2024\/01\/iesmas-logotipas-2_logo.png","contentUrl":"https:\/\/iesmas.lt\/wp-content\/uploads\/2024\/01\/iesmas-logotipas-2_logo.png","width":1135,"height":284,"caption":"IE\u0160MAS.LT"},"image":{"@id":"https:\/\/iesmas.lt\/en\/#\/schema\/logo\/image\/"}}]}},"_links":{"self":[{"href":"https:\/\/iesmas.lt\/en\/wp-json\/wp\/v2\/product\/3438","targetHints":{"allow":["GET"]}}],"collection":[{"href":"https:\/\/iesmas.lt\/en\/wp-json\/wp\/v2\/product"}],"about":[{"href":"https:\/\/iesmas.lt\/en\/wp-json\/wp\/v2\/types\/product"}],"replies":[{"embeddable":true,"href":"https:\/\/iesmas.lt\/en\/wp-json\/wp\/v2\/comments?post=3438"}],"wp:featuredmedia":[{"embeddable":true,"href":"https:\/\/iesmas.lt\/en\/wp-json\/wp\/v2\/media\/3223"}],"wp:attachment":[{"href":"https:\/\/iesmas.lt\/en\/wp-json\/wp\/v2\/media?parent=3438"}],"wp:term":[{"taxonomy":"product_brand","embeddable":true,"href":"https:\/\/iesmas.lt\/en\/wp-json\/wp\/v2\/product_brand?post=3438"},{"taxonomy":"product_cat","embeddable":true,"href":"https:\/\/iesmas.lt\/en\/wp-json\/wp\/v2\/product_cat?post=3438"},{"taxonomy":"product_tag","embeddable":true,"href":"https:\/\/iesmas.lt\/en\/wp-json\/wp\/v2\/product_tag?post=3438"}],"curies":[{"name":"wp","href":"https:\/\/api.w.org\/{rel}","templated":true}]}}