{"id":3431,"date":"2024-02-19T00:12:30","date_gmt":"2024-02-18T22:12:30","guid":{"rendered":"https:\/\/iesmas.lt\/parduotuve\/uncategorized\/spits-31-cm-for-kamado-bono-grande-and-big-green-egg-xlarge\/"},"modified":"2026-03-06T13:16:53","modified_gmt":"2026-03-06T11:16:53","slug":"spits-31-cm-for-kamado-bono-grande-and-big-green-egg-xlarge","status":"publish","type":"product","link":"https:\/\/iesmas.lt\/en\/parduotuve\/shashlik-skewers\/spits-31-cm-for-kamado-bono-grande-and-big-green-egg-xlarge\/","title":{"rendered":"Spits 31 cm for Kamado Bono GRANDE and Big Green Egg XLARGE"},"content":{"rendered":"<p>The 31 cm spit is perfect for the Kamado Bono GRANDE model, ensuring evenly cooked and delicious food.<br \/>\nWe recommend 8 skewers to maximise the cooking area.<br \/>\nCreate kitchen masterpieces with skewers made by Metalija and designed specifically for Kamado Bono and Big Green Egg grills.<br \/>\nThese short skewers, made of 3 mm thick stainless steel and 10 mm wide, are designed to fit perfectly inside the grill.<br \/>\nAvoid any problems associated with skewers that are too long.<br \/>\nThese skewers do not have the twist of traditional skewers, a solution that allows you to make the most of the length when cooking meat.<br \/>\nEven stringy meat can be skewered efficiently and comfortably thanks to the tapered end.<br \/>\nThe curved end allows you to safely remove the steaks and hang the skewers.       <\/p>\n","protected":false},"excerpt":{"rendered":"<p>Specialised skewers for Kamado Bono and Big Green Egg grills.<br \/>\nThese short 31 cm skewers won&#8217;t slip out of the grill, allowing you to enjoy culinary masterpieces without any air gaps. <\/p>\n","protected":false},"featured_media":3209,"comment_status":"open","ping_status":"closed","template":"","meta":{"site-sidebar-layout":"default","site-content-layout":"","ast-site-content-layout":"default","site-content-style":"default","site-sidebar-style":"default","ast-global-header-display":"","ast-banner-title-visibility":"","ast-main-header-display":"","ast-hfb-above-header-display":"","ast-hfb-below-header-display":"","ast-hfb-mobile-header-display":"","site-post-title":"","ast-breadcrumbs-content":"","ast-featured-img":"","footer-sml-layout":"","ast-disable-related-posts":"","theme-transparent-header-meta":"default","adv-header-id-meta":"","stick-header-meta":"default","header-above-stick-meta":"","header-main-stick-meta":"","header-below-stick-meta":"","astra-migrate-meta-layouts":"default","ast-page-background-enabled":"default","ast-page-background-meta":{"desktop":{"background-color":"","background-image":"","background-repeat":"repeat","background-position":"center center","background-size":"auto","background-attachment":"scroll","background-type":"","background-media":"","overlay-type":"","overlay-color":"","overlay-opacity":"","overlay-gradient":""},"tablet":{"background-color":"","background-image":"","background-repeat":"repeat","background-position":"center center","background-size":"auto","background-attachment":"scroll","background-type":"","background-media":"","overlay-type":"","overlay-color":"","overlay-opacity":"","overlay-gradient":""},"mobile":{"background-color":"","background-image":"","background-repeat":"repeat","background-position":"center center","background-size":"auto","background-attachment":"scroll","background-type":"","background-media":"","overlay-type":"","overlay-color":"","overlay-opacity":"","overlay-gradient":""}},"ast-content-background-meta":{"desktop":{"background-color":"var(--ast-global-color-5)","background-image":"","background-repeat":"repeat","background-position":"center center","background-size":"auto","background-attachment":"scroll","background-type":"","background-media":"","overlay-type":"","overlay-color":"","overlay-opacity":"","overlay-gradient":""},"tablet":{"background-color":"var(--ast-global-color-5)","background-image":"","background-repeat":"repeat","background-position":"center center","background-size":"auto","background-attachment":"scroll","background-type":"","background-media":"","overlay-type":"","overlay-color":"","overlay-opacity":"","overlay-gradient":""},"mobile":{"background-color":"var(--ast-global-color-5)","background-image":"","background-repeat":"repeat","background-position":"center center","background-size":"auto","background-attachment":"scroll","background-type":"","background-media":"","overlay-type":"","overlay-color":"","overlay-opacity":"","overlay-gradient":""}}},"product_brand":[],"product_cat":[124],"product_tag":[126,136],"class_list":{"0":"post-3431","1":"product","2":"type-product","3":"status-publish","4":"has-post-thumbnail","6":"product_cat-shashlik-skewers","7":"product_tag-spits-for-barbecue","8":"product_tag-spits-for-barbecue-en","9":"desktop-align-left","10":"tablet-align-left","11":"mobile-align-left","12":"ast-product-gallery-layout-first-image-large","13":"ast-product-gallery-with-no-image","14":"ast-product-tabs-layout-distributed","15":"ast-qv-on-image","17":"first","18":"instock","19":"featured","20":"taxable","21":"shipping-taxable","22":"purchasable","23":"product-type-simple"},"yoast_head":"<!-- This site is optimized with the Yoast SEO plugin v27.5 - https:\/\/yoast.com\/product\/yoast-seo-wordpress\/ -->\n<title>Spits 31 cm for Kamado Bono GRANDE and Big Green Egg XLARGE - IE\u0160MAS.LT<\/title>\n<meta name=\"robots\" content=\"index, follow, max-snippet:-1, max-image-preview:large, max-video-preview:-1\" \/>\n<link rel=\"canonical\" href=\"https:\/\/iesmas.lt\/en\/parduotuve\/shashlik-skewers\/spits-31-cm-for-kamado-bono-grande-and-big-green-egg-xlarge\/\" \/>\n<meta property=\"og:locale\" content=\"en_US\" \/>\n<meta property=\"og:type\" content=\"article\" \/>\n<meta property=\"og:title\" content=\"Spits 31 cm for Kamado Bono GRANDE and Big Green Egg XLARGE - IE\u0160MAS.LT\" \/>\n<meta property=\"og:description\" content=\"Specialised skewers for Kamado Bono and Big Green Egg grills. These short 31 cm skewers won&#039;t slip out of the grill, allowing you to enjoy culinary masterpieces without any air gaps.\" \/>\n<meta property=\"og:url\" content=\"https:\/\/iesmas.lt\/en\/parduotuve\/shashlik-skewers\/spits-31-cm-for-kamado-bono-grande-and-big-green-egg-xlarge\/\" \/>\n<meta property=\"og:site_name\" content=\"IE\u0160MAS.LT\" \/>\n<meta property=\"article:modified_time\" content=\"2026-03-06T11:16:53+00:00\" \/>\n<meta property=\"og:image\" content=\"https:\/\/iesmas.lt\/wp-content\/uploads\/2024\/02\/metaliniai-iesmaliai-kepsninems-bono-egg.su-logopng.png\" \/>\n\t<meta property=\"og:image:width\" content=\"700\" \/>\n\t<meta property=\"og:image:height\" content=\"700\" \/>\n\t<meta property=\"og:image:type\" content=\"image\/png\" \/>\n<meta name=\"twitter:card\" content=\"summary_large_image\" \/>\n<meta name=\"twitter:label1\" content=\"Est. reading time\" \/>\n\t<meta name=\"twitter:data1\" content=\"1 minute\" \/>\n<script type=\"application\/ld+json\" class=\"yoast-schema-graph\">{\"@context\":\"https:\\\/\\\/schema.org\",\"@graph\":[{\"@type\":\"WebPage\",\"@id\":\"https:\\\/\\\/iesmas.lt\\\/en\\\/parduotuve\\\/shashlik-skewers\\\/spits-31-cm-for-kamado-bono-grande-and-big-green-egg-xlarge\\\/\",\"url\":\"https:\\\/\\\/iesmas.lt\\\/en\\\/parduotuve\\\/shashlik-skewers\\\/spits-31-cm-for-kamado-bono-grande-and-big-green-egg-xlarge\\\/\",\"name\":\"Spits 31 cm for Kamado Bono GRANDE and Big Green Egg XLARGE - IE\u0160MAS.LT\",\"isPartOf\":{\"@id\":\"https:\\\/\\\/iesmas.lt\\\/en\\\/#website\"},\"primaryImageOfPage\":{\"@id\":\"https:\\\/\\\/iesmas.lt\\\/en\\\/parduotuve\\\/shashlik-skewers\\\/spits-31-cm-for-kamado-bono-grande-and-big-green-egg-xlarge\\\/#primaryimage\"},\"image\":{\"@id\":\"https:\\\/\\\/iesmas.lt\\\/en\\\/parduotuve\\\/shashlik-skewers\\\/spits-31-cm-for-kamado-bono-grande-and-big-green-egg-xlarge\\\/#primaryimage\"},\"thumbnailUrl\":\"https:\\\/\\\/iesmas.lt\\\/wp-content\\\/uploads\\\/2024\\\/02\\\/metaliniai-iesmaliai-kepsninems-bono-egg.su-logopng.png\",\"datePublished\":\"2024-02-18T22:12:30+00:00\",\"dateModified\":\"2026-03-06T11:16:53+00:00\",\"breadcrumb\":{\"@id\":\"https:\\\/\\\/iesmas.lt\\\/en\\\/parduotuve\\\/shashlik-skewers\\\/spits-31-cm-for-kamado-bono-grande-and-big-green-egg-xlarge\\\/#breadcrumb\"},\"inLanguage\":\"en-US\",\"potentialAction\":[{\"@type\":\"ReadAction\",\"target\":[\"https:\\\/\\\/iesmas.lt\\\/en\\\/parduotuve\\\/shashlik-skewers\\\/spits-31-cm-for-kamado-bono-grande-and-big-green-egg-xlarge\\\/\"]}]},{\"@type\":\"ImageObject\",\"inLanguage\":\"en-US\",\"@id\":\"https:\\\/\\\/iesmas.lt\\\/en\\\/parduotuve\\\/shashlik-skewers\\\/spits-31-cm-for-kamado-bono-grande-and-big-green-egg-xlarge\\\/#primaryimage\",\"url\":\"https:\\\/\\\/iesmas.lt\\\/wp-content\\\/uploads\\\/2024\\\/02\\\/metaliniai-iesmaliai-kepsninems-bono-egg.su-logopng.png\",\"contentUrl\":\"https:\\\/\\\/iesmas.lt\\\/wp-content\\\/uploads\\\/2024\\\/02\\\/metaliniai-iesmaliai-kepsninems-bono-egg.su-logopng.png\",\"width\":700,\"height\":700},{\"@type\":\"BreadcrumbList\",\"@id\":\"https:\\\/\\\/iesmas.lt\\\/en\\\/parduotuve\\\/shashlik-skewers\\\/spits-31-cm-for-kamado-bono-grande-and-big-green-egg-xlarge\\\/#breadcrumb\",\"itemListElement\":[{\"@type\":\"ListItem\",\"position\":1,\"name\":\"Home\",\"item\":\"https:\\\/\\\/iesmas.lt\\\/en\\\/?page_id=3328\"},{\"@type\":\"ListItem\",\"position\":2,\"name\":\"The Skewers Shop\",\"item\":\"https:\\\/\\\/iesmas.lt\\\/en\\\/the-skewers-shop\\\/\"},{\"@type\":\"ListItem\",\"position\":3,\"name\":\"Spits 31 cm for Kamado Bono GRANDE and Big Green Egg XLARGE\"}]},{\"@type\":\"WebSite\",\"@id\":\"https:\\\/\\\/iesmas.lt\\\/en\\\/#website\",\"url\":\"https:\\\/\\\/iesmas.lt\\\/en\\\/\",\"name\":\"IE\u0160MAS.LT\",\"description\":\"Specializuota ie\u0161m\u0173 parduotuv\u0117 - meistri\u0161kam kepimui\",\"publisher\":{\"@id\":\"https:\\\/\\\/iesmas.lt\\\/en\\\/#organization\"},\"potentialAction\":[{\"@type\":\"SearchAction\",\"target\":{\"@type\":\"EntryPoint\",\"urlTemplate\":\"https:\\\/\\\/iesmas.lt\\\/en\\\/?s={search_term_string}\"},\"query-input\":{\"@type\":\"PropertyValueSpecification\",\"valueRequired\":true,\"valueName\":\"search_term_string\"}}],\"inLanguage\":\"en-US\"},{\"@type\":\"Organization\",\"@id\":\"https:\\\/\\\/iesmas.lt\\\/en\\\/#organization\",\"name\":\"IE\u0160MAS.LT\",\"url\":\"https:\\\/\\\/iesmas.lt\\\/en\\\/\",\"logo\":{\"@type\":\"ImageObject\",\"inLanguage\":\"en-US\",\"@id\":\"https:\\\/\\\/iesmas.lt\\\/en\\\/#\\\/schema\\\/logo\\\/image\\\/\",\"url\":\"https:\\\/\\\/iesmas.lt\\\/wp-content\\\/uploads\\\/2024\\\/01\\\/iesmas-logotipas-2_logo.png\",\"contentUrl\":\"https:\\\/\\\/iesmas.lt\\\/wp-content\\\/uploads\\\/2024\\\/01\\\/iesmas-logotipas-2_logo.png\",\"width\":1135,\"height\":284,\"caption\":\"IE\u0160MAS.LT\"},\"image\":{\"@id\":\"https:\\\/\\\/iesmas.lt\\\/en\\\/#\\\/schema\\\/logo\\\/image\\\/\"}}]}<\/script>\n<!-- \/ Yoast SEO plugin. -->","yoast_head_json":{"title":"Spits 31 cm for Kamado Bono GRANDE and Big Green Egg XLARGE - IE\u0160MAS.LT","robots":{"index":"index","follow":"follow","max-snippet":"max-snippet:-1","max-image-preview":"max-image-preview:large","max-video-preview":"max-video-preview:-1"},"canonical":"https:\/\/iesmas.lt\/en\/parduotuve\/shashlik-skewers\/spits-31-cm-for-kamado-bono-grande-and-big-green-egg-xlarge\/","og_locale":"en_US","og_type":"article","og_title":"Spits 31 cm for Kamado Bono GRANDE and Big Green Egg XLARGE - IE\u0160MAS.LT","og_description":"Specialised skewers for Kamado Bono and Big Green Egg grills. These short 31 cm skewers won't slip out of the grill, allowing you to enjoy culinary masterpieces without any air gaps.","og_url":"https:\/\/iesmas.lt\/en\/parduotuve\/shashlik-skewers\/spits-31-cm-for-kamado-bono-grande-and-big-green-egg-xlarge\/","og_site_name":"IE\u0160MAS.LT","article_modified_time":"2026-03-06T11:16:53+00:00","og_image":[{"width":700,"height":700,"url":"https:\/\/iesmas.lt\/wp-content\/uploads\/2024\/02\/metaliniai-iesmaliai-kepsninems-bono-egg.su-logopng.png","type":"image\/png"}],"twitter_card":"summary_large_image","twitter_misc":{"Est. reading time":"1 minute"},"schema":{"@context":"https:\/\/schema.org","@graph":[{"@type":"WebPage","@id":"https:\/\/iesmas.lt\/en\/parduotuve\/shashlik-skewers\/spits-31-cm-for-kamado-bono-grande-and-big-green-egg-xlarge\/","url":"https:\/\/iesmas.lt\/en\/parduotuve\/shashlik-skewers\/spits-31-cm-for-kamado-bono-grande-and-big-green-egg-xlarge\/","name":"Spits 31 cm for Kamado Bono GRANDE and Big Green Egg XLARGE - IE\u0160MAS.LT","isPartOf":{"@id":"https:\/\/iesmas.lt\/en\/#website"},"primaryImageOfPage":{"@id":"https:\/\/iesmas.lt\/en\/parduotuve\/shashlik-skewers\/spits-31-cm-for-kamado-bono-grande-and-big-green-egg-xlarge\/#primaryimage"},"image":{"@id":"https:\/\/iesmas.lt\/en\/parduotuve\/shashlik-skewers\/spits-31-cm-for-kamado-bono-grande-and-big-green-egg-xlarge\/#primaryimage"},"thumbnailUrl":"https:\/\/iesmas.lt\/wp-content\/uploads\/2024\/02\/metaliniai-iesmaliai-kepsninems-bono-egg.su-logopng.png","datePublished":"2024-02-18T22:12:30+00:00","dateModified":"2026-03-06T11:16:53+00:00","breadcrumb":{"@id":"https:\/\/iesmas.lt\/en\/parduotuve\/shashlik-skewers\/spits-31-cm-for-kamado-bono-grande-and-big-green-egg-xlarge\/#breadcrumb"},"inLanguage":"en-US","potentialAction":[{"@type":"ReadAction","target":["https:\/\/iesmas.lt\/en\/parduotuve\/shashlik-skewers\/spits-31-cm-for-kamado-bono-grande-and-big-green-egg-xlarge\/"]}]},{"@type":"ImageObject","inLanguage":"en-US","@id":"https:\/\/iesmas.lt\/en\/parduotuve\/shashlik-skewers\/spits-31-cm-for-kamado-bono-grande-and-big-green-egg-xlarge\/#primaryimage","url":"https:\/\/iesmas.lt\/wp-content\/uploads\/2024\/02\/metaliniai-iesmaliai-kepsninems-bono-egg.su-logopng.png","contentUrl":"https:\/\/iesmas.lt\/wp-content\/uploads\/2024\/02\/metaliniai-iesmaliai-kepsninems-bono-egg.su-logopng.png","width":700,"height":700},{"@type":"BreadcrumbList","@id":"https:\/\/iesmas.lt\/en\/parduotuve\/shashlik-skewers\/spits-31-cm-for-kamado-bono-grande-and-big-green-egg-xlarge\/#breadcrumb","itemListElement":[{"@type":"ListItem","position":1,"name":"Home","item":"https:\/\/iesmas.lt\/en\/?page_id=3328"},{"@type":"ListItem","position":2,"name":"The Skewers Shop","item":"https:\/\/iesmas.lt\/en\/the-skewers-shop\/"},{"@type":"ListItem","position":3,"name":"Spits 31 cm for Kamado Bono GRANDE and Big Green Egg XLARGE"}]},{"@type":"WebSite","@id":"https:\/\/iesmas.lt\/en\/#website","url":"https:\/\/iesmas.lt\/en\/","name":"IE\u0160MAS.LT","description":"Specializuota ie\u0161m\u0173 parduotuv\u0117 - meistri\u0161kam kepimui","publisher":{"@id":"https:\/\/iesmas.lt\/en\/#organization"},"potentialAction":[{"@type":"SearchAction","target":{"@type":"EntryPoint","urlTemplate":"https:\/\/iesmas.lt\/en\/?s={search_term_string}"},"query-input":{"@type":"PropertyValueSpecification","valueRequired":true,"valueName":"search_term_string"}}],"inLanguage":"en-US"},{"@type":"Organization","@id":"https:\/\/iesmas.lt\/en\/#organization","name":"IE\u0160MAS.LT","url":"https:\/\/iesmas.lt\/en\/","logo":{"@type":"ImageObject","inLanguage":"en-US","@id":"https:\/\/iesmas.lt\/en\/#\/schema\/logo\/image\/","url":"https:\/\/iesmas.lt\/wp-content\/uploads\/2024\/01\/iesmas-logotipas-2_logo.png","contentUrl":"https:\/\/iesmas.lt\/wp-content\/uploads\/2024\/01\/iesmas-logotipas-2_logo.png","width":1135,"height":284,"caption":"IE\u0160MAS.LT"},"image":{"@id":"https:\/\/iesmas.lt\/en\/#\/schema\/logo\/image\/"}}]}},"_links":{"self":[{"href":"https:\/\/iesmas.lt\/en\/wp-json\/wp\/v2\/product\/3431","targetHints":{"allow":["GET"]}}],"collection":[{"href":"https:\/\/iesmas.lt\/en\/wp-json\/wp\/v2\/product"}],"about":[{"href":"https:\/\/iesmas.lt\/en\/wp-json\/wp\/v2\/types\/product"}],"replies":[{"embeddable":true,"href":"https:\/\/iesmas.lt\/en\/wp-json\/wp\/v2\/comments?post=3431"}],"wp:featuredmedia":[{"embeddable":true,"href":"https:\/\/iesmas.lt\/en\/wp-json\/wp\/v2\/media\/3209"}],"wp:attachment":[{"href":"https:\/\/iesmas.lt\/en\/wp-json\/wp\/v2\/media?parent=3431"}],"wp:term":[{"taxonomy":"product_brand","embeddable":true,"href":"https:\/\/iesmas.lt\/en\/wp-json\/wp\/v2\/product_brand?post=3431"},{"taxonomy":"product_cat","embeddable":true,"href":"https:\/\/iesmas.lt\/en\/wp-json\/wp\/v2\/product_cat?post=3431"},{"taxonomy":"product_tag","embeddable":true,"href":"https:\/\/iesmas.lt\/en\/wp-json\/wp\/v2\/product_tag?post=3431"}],"curies":[{"name":"wp","href":"https:\/\/api.w.org\/{rel}","templated":true}]}}