{"id":3429,"date":"2024-02-19T00:12:29","date_gmt":"2024-02-18T22:12:29","guid":{"rendered":"https:\/\/iesmas.lt\/parduotuve\/uncategorized\/barbecue-spears-3-mm-55-cm-long\/"},"modified":"2024-08-05T17:36:24","modified_gmt":"2024-08-05T15:36:24","slug":"barbecue-spears-3-mm-55-cm-long","status":"publish","type":"product","link":"https:\/\/iesmas.lt\/en\/parduotuve\/shashlik-skewers\/barbecue-spears-3-mm-55-cm-long\/","title":{"rendered":"Barbecue spears 3 mm 55 cm long"},"content":{"rendered":"<p>High-quality 55 cm long, 3 mm thick stainless steel skewers. &#8220;Metalija produces the ideal skewers for barbecues in a standard 10 mm width. Robust and durable, they are ideal for smaller and medium-sized barbecues or grills. Sold in sets of 1, easy to customise to your individual needs.  &nbsp;<\/p>\n<h4><img fetchpriority=\"high\" decoding=\"async\" class=\"size-medium wp-image-2806 alignleft\" src=\"https:\/\/iesmas.lt\/wp-content\/uploads\/2024\/02\/iesmai-saslykams-skirtingu-ilgiu-300x300.jpg\" alt=\"\" width=\"300\" height=\"300\" srcset=\"https:\/\/iesmas.lt\/wp-content\/uploads\/2024\/02\/iesmai-saslykams-skirtingu-ilgiu-300x300.jpg 300w, https:\/\/iesmas.lt\/wp-content\/uploads\/2024\/02\/iesmai-saslykams-skirtingu-ilgiu-150x150.jpg 150w, https:\/\/iesmas.lt\/wp-content\/uploads\/2024\/02\/iesmai-saslykams-skirtingu-ilgiu-600x600.jpg 600w, https:\/\/iesmas.lt\/wp-content\/uploads\/2024\/02\/iesmai-saslykams-skirtingu-ilgiu-100x100.jpg 100w, https:\/\/iesmas.lt\/wp-content\/uploads\/2024\/02\/iesmai-saslykams-skirtingu-ilgiu.jpg 700w\" sizes=\"(max-width: 300px) 100vw, 300px\" \/><\/h4>\n<p>  Other turnout lengths:  <\/p>\n<ul>\n<li>26 cm<\/li>\n<li>31 cm<\/li>\n<li>50 cm<\/li>\n<li>55 cm<\/li>\n<li>60 cm<\/li>\n<li>70 cm<\/li>\n<li>80 cm<\/li>\n<\/ul>\n","protected":false},"excerpt":{"rendered":"<p>55 cm long, 3 mm thick stainless steel skewers, ideal for smaller and medium-sized barbecues<\/p>\n","protected":false},"featured_media":3229,"comment_status":"open","ping_status":"closed","template":"","meta":{"site-sidebar-layout":"default","site-content-layout":"","ast-site-content-layout":"default","site-content-style":"default","site-sidebar-style":"default","ast-global-header-display":"","ast-banner-title-visibility":"","ast-main-header-display":"","ast-hfb-above-header-display":"","ast-hfb-below-header-display":"","ast-hfb-mobile-header-display":"","site-post-title":"","ast-breadcrumbs-content":"","ast-featured-img":"","footer-sml-layout":"","ast-disable-related-posts":"","theme-transparent-header-meta":"default","adv-header-id-meta":"","stick-header-meta":"","header-above-stick-meta":"","header-main-stick-meta":"","header-below-stick-meta":"","astra-migrate-meta-layouts":"default","ast-page-background-enabled":"default","ast-page-background-meta":{"desktop":{"background-color":"","background-image":"","background-repeat":"repeat","background-position":"center center","background-size":"auto","background-attachment":"scroll","background-type":"","background-media":"","overlay-type":"","overlay-color":"","overlay-opacity":"","overlay-gradient":""},"tablet":{"background-color":"","background-image":"","background-repeat":"repeat","background-position":"center center","background-size":"auto","background-attachment":"scroll","background-type":"","background-media":"","overlay-type":"","overlay-color":"","overlay-opacity":"","overlay-gradient":""},"mobile":{"background-color":"","background-image":"","background-repeat":"repeat","background-position":"center center","background-size":"auto","background-attachment":"scroll","background-type":"","background-media":"","overlay-type":"","overlay-color":"","overlay-opacity":"","overlay-gradient":""}},"ast-content-background-meta":{"desktop":{"background-color":"var(--ast-global-color-5)","background-image":"","background-repeat":"repeat","background-position":"center center","background-size":"auto","background-attachment":"scroll","background-type":"","background-media":"","overlay-type":"","overlay-color":"","overlay-opacity":"","overlay-gradient":""},"tablet":{"background-color":"var(--ast-global-color-5)","background-image":"","background-repeat":"repeat","background-position":"center center","background-size":"auto","background-attachment":"scroll","background-type":"","background-media":"","overlay-type":"","overlay-color":"","overlay-opacity":"","overlay-gradient":""},"mobile":{"background-color":"var(--ast-global-color-5)","background-image":"","background-repeat":"repeat","background-position":"center center","background-size":"auto","background-attachment":"scroll","background-type":"","background-media":"","overlay-type":"","overlay-color":"","overlay-opacity":"","overlay-gradient":""}}},"product_brand":[],"product_cat":[124],"product_tag":[126],"class_list":{"0":"post-3429","1":"product","2":"type-product","3":"status-publish","4":"has-post-thumbnail","6":"product_cat-shashlik-skewers","7":"product_tag-spits-for-barbecue","8":"desktop-align-left","9":"tablet-align-left","10":"mobile-align-left","11":"ast-product-gallery-layout-first-image-large","12":"ast-product-gallery-with-no-image","13":"ast-product-tabs-layout-distributed","14":"ast-qv-on-image","16":"first","17":"instock","18":"taxable","19":"shipping-taxable","20":"purchasable","21":"product-type-simple"},"yoast_head":"<!-- This site is optimized with the Yoast SEO plugin v27.5 - https:\/\/yoast.com\/product\/yoast-seo-wordpress\/ -->\n<title>Barbecue spears 3 mm 55 cm long - IE\u0160MAS.LT<\/title>\n<meta name=\"robots\" content=\"index, follow, max-snippet:-1, max-image-preview:large, max-video-preview:-1\" \/>\n<link rel=\"canonical\" href=\"https:\/\/iesmas.lt\/en\/parduotuve\/shashlik-skewers\/barbecue-spears-3-mm-55-cm-long\/\" \/>\n<meta property=\"og:locale\" content=\"en_US\" \/>\n<meta property=\"og:type\" content=\"article\" \/>\n<meta property=\"og:title\" content=\"Barbecue spears 3 mm 55 cm long - IE\u0160MAS.LT\" \/>\n<meta property=\"og:description\" content=\"55 cm long, 3 mm thick stainless steel skewers, ideal for smaller and medium-sized barbecues\" \/>\n<meta property=\"og:url\" content=\"https:\/\/iesmas.lt\/en\/parduotuve\/shashlik-skewers\/barbecue-spears-3-mm-55-cm-long\/\" \/>\n<meta property=\"og:site_name\" content=\"IE\u0160MAS.LT\" \/>\n<meta property=\"article:modified_time\" content=\"2024-08-05T15:36:24+00:00\" \/>\n<meta property=\"og:image\" content=\"https:\/\/iesmas.lt\/wp-content\/uploads\/2024\/02\/iesmai-60-cm-ilgio.jpg\" \/>\n\t<meta property=\"og:image:width\" content=\"700\" \/>\n\t<meta property=\"og:image:height\" content=\"700\" \/>\n\t<meta property=\"og:image:type\" content=\"image\/jpeg\" \/>\n<meta name=\"twitter:card\" content=\"summary_large_image\" \/>\n<script type=\"application\/ld+json\" class=\"yoast-schema-graph\">{\"@context\":\"https:\\\/\\\/schema.org\",\"@graph\":[{\"@type\":\"WebPage\",\"@id\":\"https:\\\/\\\/iesmas.lt\\\/en\\\/parduotuve\\\/shashlik-skewers\\\/barbecue-spears-3-mm-55-cm-long\\\/\",\"url\":\"https:\\\/\\\/iesmas.lt\\\/en\\\/parduotuve\\\/shashlik-skewers\\\/barbecue-spears-3-mm-55-cm-long\\\/\",\"name\":\"Barbecue spears 3 mm 55 cm long - IE\u0160MAS.LT\",\"isPartOf\":{\"@id\":\"https:\\\/\\\/iesmas.lt\\\/en\\\/#website\"},\"primaryImageOfPage\":{\"@id\":\"https:\\\/\\\/iesmas.lt\\\/en\\\/parduotuve\\\/shashlik-skewers\\\/barbecue-spears-3-mm-55-cm-long\\\/#primaryimage\"},\"image\":{\"@id\":\"https:\\\/\\\/iesmas.lt\\\/en\\\/parduotuve\\\/shashlik-skewers\\\/barbecue-spears-3-mm-55-cm-long\\\/#primaryimage\"},\"thumbnailUrl\":\"https:\\\/\\\/iesmas.lt\\\/wp-content\\\/uploads\\\/2024\\\/02\\\/iesmai-60-cm-ilgio.jpg\",\"datePublished\":\"2024-02-18T22:12:29+00:00\",\"dateModified\":\"2024-08-05T15:36:24+00:00\",\"breadcrumb\":{\"@id\":\"https:\\\/\\\/iesmas.lt\\\/en\\\/parduotuve\\\/shashlik-skewers\\\/barbecue-spears-3-mm-55-cm-long\\\/#breadcrumb\"},\"inLanguage\":\"en-US\",\"potentialAction\":[{\"@type\":\"ReadAction\",\"target\":[\"https:\\\/\\\/iesmas.lt\\\/en\\\/parduotuve\\\/shashlik-skewers\\\/barbecue-spears-3-mm-55-cm-long\\\/\"]}]},{\"@type\":\"ImageObject\",\"inLanguage\":\"en-US\",\"@id\":\"https:\\\/\\\/iesmas.lt\\\/en\\\/parduotuve\\\/shashlik-skewers\\\/barbecue-spears-3-mm-55-cm-long\\\/#primaryimage\",\"url\":\"https:\\\/\\\/iesmas.lt\\\/wp-content\\\/uploads\\\/2024\\\/02\\\/iesmai-60-cm-ilgio.jpg\",\"contentUrl\":\"https:\\\/\\\/iesmas.lt\\\/wp-content\\\/uploads\\\/2024\\\/02\\\/iesmai-60-cm-ilgio.jpg\",\"width\":700,\"height\":700},{\"@type\":\"BreadcrumbList\",\"@id\":\"https:\\\/\\\/iesmas.lt\\\/en\\\/parduotuve\\\/shashlik-skewers\\\/barbecue-spears-3-mm-55-cm-long\\\/#breadcrumb\",\"itemListElement\":[{\"@type\":\"ListItem\",\"position\":1,\"name\":\"Home\",\"item\":\"https:\\\/\\\/iesmas.lt\\\/en\\\/?page_id=3328\"},{\"@type\":\"ListItem\",\"position\":2,\"name\":\"The Skewers Shop\",\"item\":\"https:\\\/\\\/iesmas.lt\\\/en\\\/the-skewers-shop\\\/\"},{\"@type\":\"ListItem\",\"position\":3,\"name\":\"Barbecue spears 3 mm 55 cm long\"}]},{\"@type\":\"WebSite\",\"@id\":\"https:\\\/\\\/iesmas.lt\\\/en\\\/#website\",\"url\":\"https:\\\/\\\/iesmas.lt\\\/en\\\/\",\"name\":\"IE\u0160MAS.LT\",\"description\":\"Specializuota ie\u0161m\u0173 parduotuv\u0117 - meistri\u0161kam kepimui\",\"publisher\":{\"@id\":\"https:\\\/\\\/iesmas.lt\\\/en\\\/#organization\"},\"potentialAction\":[{\"@type\":\"SearchAction\",\"target\":{\"@type\":\"EntryPoint\",\"urlTemplate\":\"https:\\\/\\\/iesmas.lt\\\/en\\\/?s={search_term_string}\"},\"query-input\":{\"@type\":\"PropertyValueSpecification\",\"valueRequired\":true,\"valueName\":\"search_term_string\"}}],\"inLanguage\":\"en-US\"},{\"@type\":\"Organization\",\"@id\":\"https:\\\/\\\/iesmas.lt\\\/en\\\/#organization\",\"name\":\"IE\u0160MAS.LT\",\"url\":\"https:\\\/\\\/iesmas.lt\\\/en\\\/\",\"logo\":{\"@type\":\"ImageObject\",\"inLanguage\":\"en-US\",\"@id\":\"https:\\\/\\\/iesmas.lt\\\/en\\\/#\\\/schema\\\/logo\\\/image\\\/\",\"url\":\"https:\\\/\\\/iesmas.lt\\\/wp-content\\\/uploads\\\/2024\\\/01\\\/iesmas-logotipas-2_logo.png\",\"contentUrl\":\"https:\\\/\\\/iesmas.lt\\\/wp-content\\\/uploads\\\/2024\\\/01\\\/iesmas-logotipas-2_logo.png\",\"width\":1135,\"height\":284,\"caption\":\"IE\u0160MAS.LT\"},\"image\":{\"@id\":\"https:\\\/\\\/iesmas.lt\\\/en\\\/#\\\/schema\\\/logo\\\/image\\\/\"}}]}<\/script>\n<!-- \/ Yoast SEO plugin. -->","yoast_head_json":{"title":"Barbecue spears 3 mm 55 cm long - IE\u0160MAS.LT","robots":{"index":"index","follow":"follow","max-snippet":"max-snippet:-1","max-image-preview":"max-image-preview:large","max-video-preview":"max-video-preview:-1"},"canonical":"https:\/\/iesmas.lt\/en\/parduotuve\/shashlik-skewers\/barbecue-spears-3-mm-55-cm-long\/","og_locale":"en_US","og_type":"article","og_title":"Barbecue spears 3 mm 55 cm long - IE\u0160MAS.LT","og_description":"55 cm long, 3 mm thick stainless steel skewers, ideal for smaller and medium-sized barbecues","og_url":"https:\/\/iesmas.lt\/en\/parduotuve\/shashlik-skewers\/barbecue-spears-3-mm-55-cm-long\/","og_site_name":"IE\u0160MAS.LT","article_modified_time":"2024-08-05T15:36:24+00:00","og_image":[{"width":700,"height":700,"url":"https:\/\/iesmas.lt\/wp-content\/uploads\/2024\/02\/iesmai-60-cm-ilgio.jpg","type":"image\/jpeg"}],"twitter_card":"summary_large_image","schema":{"@context":"https:\/\/schema.org","@graph":[{"@type":"WebPage","@id":"https:\/\/iesmas.lt\/en\/parduotuve\/shashlik-skewers\/barbecue-spears-3-mm-55-cm-long\/","url":"https:\/\/iesmas.lt\/en\/parduotuve\/shashlik-skewers\/barbecue-spears-3-mm-55-cm-long\/","name":"Barbecue spears 3 mm 55 cm long - IE\u0160MAS.LT","isPartOf":{"@id":"https:\/\/iesmas.lt\/en\/#website"},"primaryImageOfPage":{"@id":"https:\/\/iesmas.lt\/en\/parduotuve\/shashlik-skewers\/barbecue-spears-3-mm-55-cm-long\/#primaryimage"},"image":{"@id":"https:\/\/iesmas.lt\/en\/parduotuve\/shashlik-skewers\/barbecue-spears-3-mm-55-cm-long\/#primaryimage"},"thumbnailUrl":"https:\/\/iesmas.lt\/wp-content\/uploads\/2024\/02\/iesmai-60-cm-ilgio.jpg","datePublished":"2024-02-18T22:12:29+00:00","dateModified":"2024-08-05T15:36:24+00:00","breadcrumb":{"@id":"https:\/\/iesmas.lt\/en\/parduotuve\/shashlik-skewers\/barbecue-spears-3-mm-55-cm-long\/#breadcrumb"},"inLanguage":"en-US","potentialAction":[{"@type":"ReadAction","target":["https:\/\/iesmas.lt\/en\/parduotuve\/shashlik-skewers\/barbecue-spears-3-mm-55-cm-long\/"]}]},{"@type":"ImageObject","inLanguage":"en-US","@id":"https:\/\/iesmas.lt\/en\/parduotuve\/shashlik-skewers\/barbecue-spears-3-mm-55-cm-long\/#primaryimage","url":"https:\/\/iesmas.lt\/wp-content\/uploads\/2024\/02\/iesmai-60-cm-ilgio.jpg","contentUrl":"https:\/\/iesmas.lt\/wp-content\/uploads\/2024\/02\/iesmai-60-cm-ilgio.jpg","width":700,"height":700},{"@type":"BreadcrumbList","@id":"https:\/\/iesmas.lt\/en\/parduotuve\/shashlik-skewers\/barbecue-spears-3-mm-55-cm-long\/#breadcrumb","itemListElement":[{"@type":"ListItem","position":1,"name":"Home","item":"https:\/\/iesmas.lt\/en\/?page_id=3328"},{"@type":"ListItem","position":2,"name":"The Skewers Shop","item":"https:\/\/iesmas.lt\/en\/the-skewers-shop\/"},{"@type":"ListItem","position":3,"name":"Barbecue spears 3 mm 55 cm long"}]},{"@type":"WebSite","@id":"https:\/\/iesmas.lt\/en\/#website","url":"https:\/\/iesmas.lt\/en\/","name":"IE\u0160MAS.LT","description":"Specializuota ie\u0161m\u0173 parduotuv\u0117 - meistri\u0161kam kepimui","publisher":{"@id":"https:\/\/iesmas.lt\/en\/#organization"},"potentialAction":[{"@type":"SearchAction","target":{"@type":"EntryPoint","urlTemplate":"https:\/\/iesmas.lt\/en\/?s={search_term_string}"},"query-input":{"@type":"PropertyValueSpecification","valueRequired":true,"valueName":"search_term_string"}}],"inLanguage":"en-US"},{"@type":"Organization","@id":"https:\/\/iesmas.lt\/en\/#organization","name":"IE\u0160MAS.LT","url":"https:\/\/iesmas.lt\/en\/","logo":{"@type":"ImageObject","inLanguage":"en-US","@id":"https:\/\/iesmas.lt\/en\/#\/schema\/logo\/image\/","url":"https:\/\/iesmas.lt\/wp-content\/uploads\/2024\/01\/iesmas-logotipas-2_logo.png","contentUrl":"https:\/\/iesmas.lt\/wp-content\/uploads\/2024\/01\/iesmas-logotipas-2_logo.png","width":1135,"height":284,"caption":"IE\u0160MAS.LT"},"image":{"@id":"https:\/\/iesmas.lt\/en\/#\/schema\/logo\/image\/"}}]}},"_links":{"self":[{"href":"https:\/\/iesmas.lt\/en\/wp-json\/wp\/v2\/product\/3429","targetHints":{"allow":["GET"]}}],"collection":[{"href":"https:\/\/iesmas.lt\/en\/wp-json\/wp\/v2\/product"}],"about":[{"href":"https:\/\/iesmas.lt\/en\/wp-json\/wp\/v2\/types\/product"}],"replies":[{"embeddable":true,"href":"https:\/\/iesmas.lt\/en\/wp-json\/wp\/v2\/comments?post=3429"}],"wp:featuredmedia":[{"embeddable":true,"href":"https:\/\/iesmas.lt\/en\/wp-json\/wp\/v2\/media\/3229"}],"wp:attachment":[{"href":"https:\/\/iesmas.lt\/en\/wp-json\/wp\/v2\/media?parent=3429"}],"wp:term":[{"taxonomy":"product_brand","embeddable":true,"href":"https:\/\/iesmas.lt\/en\/wp-json\/wp\/v2\/product_brand?post=3429"},{"taxonomy":"product_cat","embeddable":true,"href":"https:\/\/iesmas.lt\/en\/wp-json\/wp\/v2\/product_cat?post=3429"},{"taxonomy":"product_tag","embeddable":true,"href":"https:\/\/iesmas.lt\/en\/wp-json\/wp\/v2\/product_tag?post=3429"}],"curies":[{"name":"wp","href":"https:\/\/api.w.org\/{rel}","templated":true}]}}