{"id":3309,"date":"2024-02-04T13:11:03","date_gmt":"2024-02-04T11:11:03","guid":{"rendered":"https:\/\/iesmas.lt\/for-business\/"},"modified":"2024-07-18T11:14:55","modified_gmt":"2024-07-18T09:14:55","slug":"for-business","status":"publish","type":"page","link":"https:\/\/iesmas.lt\/en\/for-business\/","title":{"rendered":"For business"},"content":{"rendered":"\t\t<div data-elementor-type=\"wp-page\" data-elementor-id=\"3309\" class=\"elementor elementor-3309 elementor-2266\">\n\t\t\t\t<div class=\"elementor-element elementor-element-93c2398 e-flex e-con-boxed e-con e-parent\" data-id=\"93c2398\" data-element_type=\"container\" data-e-type=\"container\">\n\t\t\t\t\t<div class=\"e-con-inner\">\n\t\t<div class=\"elementor-element elementor-element-7970f7c e-con-full e-flex e-con e-child\" data-id=\"7970f7c\" data-element_type=\"container\" data-e-type=\"container\">\n\t\t\t\t<div class=\"elementor-element elementor-element-fe0282d elementor-widget elementor-widget-heading\" data-id=\"fe0282d\" data-element_type=\"widget\" data-e-type=\"widget\" data-widget_type=\"heading.default\">\n\t\t\t\t<div class=\"elementor-widget-container\">\n\t\t\t\t\t<h1 class=\"elementor-heading-title elementor-size-default\">Discounted spears. Commercial offer for business.  <\/h1>\t\t\t\t<\/div>\n\t\t\t\t<\/div>\n\t\t\t\t<div class=\"elementor-element elementor-element-c2ddfdd elementor-widget elementor-widget-heading\" data-id=\"c2ddfdd\" data-element_type=\"widget\" data-e-type=\"widget\" data-widget_type=\"heading.default\">\n\t\t\t\t<div class=\"elementor-widget-container\">\n\t\t\t\t\t<h2 class=\"elementor-heading-title elementor-size-default\">Special offer for orders of more than 50 pcs. identical turnouts.<\/h2>\t\t\t\t<\/div>\n\t\t\t\t<\/div>\n\t\t\t\t<div class=\"elementor-element elementor-element-97e6a61 elementor-widget elementor-widget-image\" data-id=\"97e6a61\" data-element_type=\"widget\" data-e-type=\"widget\" data-widget_type=\"image.default\">\n\t\t\t\t<div class=\"elementor-widget-container\">\n\t\t\t\t\t\t\t\t\t\t\t\t\t\t\t<img fetchpriority=\"high\" decoding=\"async\" width=\"1024\" height=\"706\" src=\"https:\/\/iesmas.lt\/wp-content\/uploads\/2024\/02\/saslykai-uzmauti-ant-iesmu-kepa-ant-saslykines-1024x706.jpg\" class=\"attachment-large size-large wp-image-3155\" alt=\"\" srcset=\"https:\/\/iesmas.lt\/wp-content\/uploads\/2024\/02\/saslykai-uzmauti-ant-iesmu-kepa-ant-saslykines-1024x706.jpg 1024w, https:\/\/iesmas.lt\/wp-content\/uploads\/2024\/02\/saslykai-uzmauti-ant-iesmu-kepa-ant-saslykines-300x207.jpg 300w, https:\/\/iesmas.lt\/wp-content\/uploads\/2024\/02\/saslykai-uzmauti-ant-iesmu-kepa-ant-saslykines-768x530.jpg 768w, https:\/\/iesmas.lt\/wp-content\/uploads\/2024\/02\/saslykai-uzmauti-ant-iesmu-kepa-ant-saslykines-1536x1059.jpg 1536w, https:\/\/iesmas.lt\/wp-content\/uploads\/2024\/02\/saslykai-uzmauti-ant-iesmu-kepa-ant-saslykines-600x414.jpg 600w, https:\/\/iesmas.lt\/wp-content\/uploads\/2024\/02\/saslykai-uzmauti-ant-iesmu-kepa-ant-saslykines.jpg 1920w\" sizes=\"(max-width: 1024px) 100vw, 1024px\" \/>\t\t\t\t\t\t\t\t\t\t\t\t\t\t\t<\/div>\n\t\t\t\t<\/div>\n\t\t\t\t<\/div>\n\t\t<div class=\"elementor-element elementor-element-0d82675 e-con-full e-flex e-con e-child\" data-id=\"0d82675\" data-element_type=\"container\" data-e-type=\"container\">\n\t\t\t\t<div class=\"elementor-element elementor-element-c19b95e elementor-widget elementor-widget-heading\" data-id=\"c19b95e\" data-element_type=\"widget\" data-e-type=\"widget\" data-widget_type=\"heading.default\">\n\t\t\t\t<div class=\"elementor-widget-container\">\n\t\t\t\t\t<h3 class=\"elementor-heading-title elementor-size-default\">Complete the request.<\/h3>\t\t\t\t<\/div>\n\t\t\t\t<\/div>\n\t\t\t\t<div class=\"elementor-element elementor-element-d77960b elementor-widget elementor-widget-wpforms\" data-id=\"d77960b\" data-element_type=\"widget\" data-e-type=\"widget\" data-widget_type=\"wpforms.default\">\n\t\t\t\t<div class=\"elementor-widget-container\">\n\t\t\t\t\t<div class=\"wpforms-container \" id=\"wpforms-2235\"><form id=\"wpforms-form-2235\" class=\"wpforms-validate wpforms-form wpforms-ajax-form\" data-formid=\"2235\" method=\"post\" enctype=\"multipart\/form-data\" action=\"\/en\/wp-json\/wp\/v2\/pages\/3309\" data-token=\"df6fc97b644127854ddd1238c28b0ac7\" data-token-time=\"1778071356\"><noscript class=\"wpforms-error-noscript\">Please enable JavaScript in your browser to complete this form.<\/noscript><div class=\"wpforms-field-container\"><div id=\"wpforms-2235-field_8-container\" class=\"wpforms-field wpforms-field-text\" data-field-id=\"8\"><label class=\"wpforms-field-label\" for=\"wpforms-2235-field_8\">Vardas \/ \u012emon\u0117s pavadinimas <span class=\"wpforms-required-label\">*<\/span><\/label><input type=\"text\" id=\"wpforms-2235-field_8\" class=\"wpforms-field-medium wpforms-field-required\" name=\"wpforms[fields][8]\" required><\/div><div id=\"wpforms-2235-field_1-container\" class=\"wpforms-field wpforms-field-email\" data-field-id=\"1\"><label class=\"wpforms-field-label\" for=\"wpforms-2235-field_1\">Elektroninis pa\u0161tas <span class=\"wpforms-required-label\">*<\/span><\/label><input type=\"email\" id=\"wpforms-2235-field_1\" class=\"wpforms-field-medium wpforms-field-required\" name=\"wpforms[fields][1]\" spellcheck=\"false\" required><\/div><div id=\"wpforms-2235-field_24-container\" class=\"wpforms-field wpforms-field-text\" data-field-id=\"24\"><label class=\"wpforms-field-label\" for=\"wpforms-2235-field_24\">Telefono numeris<\/label><input type=\"text\" id=\"wpforms-2235-field_24\" class=\"wpforms-field-medium wpforms-masked-input\" data-rule-inputmask-incomplete=\"1\" data-inputmask-mask=\"+(999)99999999\" name=\"wpforms[fields][24]\" ><\/div><div id=\"wpforms-2235-field_18-container\" class=\"wpforms-field wpforms-field-number\" data-field-id=\"18\"><label class=\"wpforms-field-label\" for=\"wpforms-2235-field_18\">Ie\u0161m\u0173 kiekis <span class=\"wpforms-required-label\">*<\/span><\/label><input type=\"number\" id=\"wpforms-2235-field_18\" class=\"wpforms-field-medium wpforms-field-required\" name=\"wpforms[fields][18]\" step=\"any\" required><div class=\"wpforms-field-description\">Nurodykite norim\u0105 ie\u0161m\u0173 kiek\u012f ir apa\u010dioje pasirinkite variant\u0105.<\/div><\/div><div id=\"wpforms-2235-field_20-container\" class=\"wpforms-field wpforms-field-checkbox wpforms-list-2-columns\" data-field-id=\"20\"><label class=\"wpforms-field-label\">Ie\u0161mai \u0161a\u0161lykams<\/label><ul id=\"wpforms-2235-field_20\"><li class=\"choice-1 depth-1\"><input type=\"checkbox\" id=\"wpforms-2235-field_20_1\" name=\"wpforms[fields][20][]\" value=\"3mm - 10 mm - 30 cm\"  ><label class=\"wpforms-field-label-inline\" for=\"wpforms-2235-field_20_1\">3mm - 10 mm - 30 cm<\/label><\/li><li class=\"choice-2 depth-1\"><input type=\"checkbox\" id=\"wpforms-2235-field_20_2\" name=\"wpforms[fields][20][]\" value=\"3mm - 10 mm - 50 cm\"  ><label class=\"wpforms-field-label-inline\" for=\"wpforms-2235-field_20_2\">3mm - 10 mm - 50 cm<\/label><\/li><li class=\"choice-3 depth-1\"><input type=\"checkbox\" id=\"wpforms-2235-field_20_3\" name=\"wpforms[fields][20][]\" value=\"3mm - 10 mm - 55 cm\"  ><label class=\"wpforms-field-label-inline\" for=\"wpforms-2235-field_20_3\">3mm - 10 mm - 55 cm<\/label><\/li><li class=\"choice-4 depth-1\"><input type=\"checkbox\" id=\"wpforms-2235-field_20_4\" name=\"wpforms[fields][20][]\" value=\"3mm - 10 mm - 60 cm\"  ><label class=\"wpforms-field-label-inline\" for=\"wpforms-2235-field_20_4\">3mm - 10 mm - 60 cm<\/label><\/li><li class=\"choice-5 depth-1\"><input type=\"checkbox\" id=\"wpforms-2235-field_20_5\" name=\"wpforms[fields][20][]\" value=\"3mm - 10 mm - 70 cm\"  ><label class=\"wpforms-field-label-inline\" for=\"wpforms-2235-field_20_5\">3mm - 10 mm - 70 cm<\/label><\/li><li class=\"choice-6 depth-1\"><input type=\"checkbox\" id=\"wpforms-2235-field_20_6\" name=\"wpforms[fields][20][]\" value=\"3mm - 10 mm - 80 cm\"  ><label class=\"wpforms-field-label-inline\" for=\"wpforms-2235-field_20_6\">3mm - 10 mm - 80 cm<\/label><\/li><\/ul><div class=\"wpforms-field-description\">storis, plotis, bendras ie\u0161mo ilgis, <\/div><\/div><div id=\"wpforms-2235-field_21-container\" class=\"wpforms-field wpforms-field-checkbox\" data-field-id=\"21\"><label class=\"wpforms-field-label\">Platesni ie\u0161mai<\/label><ul id=\"wpforms-2235-field_21\"><li class=\"choice-1 depth-1\"><input type=\"checkbox\" id=\"wpforms-2235-field_21_1\" name=\"wpforms[fields][21][]\" value=\"Ie\u0161mai &quot;Kar dai&quot; 3mm - 13 mm\"  ><label class=\"wpforms-field-label-inline\" for=\"wpforms-2235-field_21_1\">Ie\u0161mai \"Kar dai\" 3mm - 13 mm<\/label><\/li><li class=\"choice-2 depth-1\"><input type=\"checkbox\" id=\"wpforms-2235-field_21_2\" name=\"wpforms[fields][21][]\" value=\"Ie\u0161mai &quot;Kar dai&quot; 3mm -13 mm ilgi\"  ><label class=\"wpforms-field-label-inline\" for=\"wpforms-2235-field_21_2\">Ie\u0161mai \"Kar dai\" 3mm -13 mm ilgi<\/label><\/li><li class=\"choice-3 depth-1\"><input type=\"checkbox\" id=\"wpforms-2235-field_21_3\" name=\"wpforms[fields][21][]\" value=\"Ie\u0161mai &quot;Kar dai&quot; 3mm - 20 mm\"  ><label class=\"wpforms-field-label-inline\" for=\"wpforms-2235-field_21_3\">Ie\u0161mai \"Kar dai\" 3mm - 20 mm<\/label><\/li><li class=\"choice-4 depth-1\"><input type=\"checkbox\" id=\"wpforms-2235-field_21_4\" name=\"wpforms[fields][21][]\" value=\"Ie\u0161mai 3mm - 20 mm\"  ><label class=\"wpforms-field-label-inline\" for=\"wpforms-2235-field_21_4\">Ie\u0161mai 3mm - 20 mm<\/label><\/li><\/ul><div class=\"wpforms-field-description\">storis, plotis, bendras ie\u0161mo ilgis, <\/div><\/div><div id=\"wpforms-2235-field_15-container\" class=\"wpforms-field wpforms-field-payment-checkbox\" data-field-id=\"15\"><label class=\"wpforms-field-label\">Graviravimas<\/label><ul id=\"wpforms-2235-field_15\"><li class=\"choice-1\"><input type=\"checkbox\" id=\"wpforms-2235-field_15_1\" class=\"wpforms-payment-price\" data-amount=\"0.00\" name=\"wpforms[fields][15][]\" value=\"1\"  ><label class=\"wpforms-field-label-inline\" for=\"wpforms-2235-field_15_1\">N\u0117ra<\/label><\/li><li class=\"choice-2\"><input type=\"checkbox\" id=\"wpforms-2235-field_15_2\" class=\"wpforms-payment-price\" data-amount=\"2.00\" name=\"wpforms[fields][15][]\" value=\"2\"  ><label class=\"wpforms-field-label-inline\" for=\"wpforms-2235-field_15_2\">Yra - vienodas tekstas<\/label><\/li><li class=\"choice-3\"><input type=\"checkbox\" id=\"wpforms-2235-field_15_3\" class=\"wpforms-payment-price\" data-amount=\"5.00\" name=\"wpforms[fields][15][]\" value=\"3\"  ><label class=\"wpforms-field-label-inline\" for=\"wpforms-2235-field_15_3\">Yra - skirtingi tekstai<\/label><\/li><li class=\"choice-4\"><input type=\"checkbox\" id=\"wpforms-2235-field_15_4\" class=\"wpforms-payment-price\" data-amount=\"2.00\" name=\"wpforms[fields][15][]\" value=\"4\"  ><label class=\"wpforms-field-label-inline\" for=\"wpforms-2235-field_15_4\">Yra - logotipas<\/label><\/li><\/ul><\/div><div id=\"wpforms-2235-field_4-container\" class=\"wpforms-field wpforms-field-textarea\" data-field-id=\"4\"><label class=\"wpforms-field-label\" for=\"wpforms-2235-field_4\">Pastabos\/ pageidavimai<\/label><textarea id=\"wpforms-2235-field_4\" class=\"wpforms-field-medium\" name=\"wpforms[fields][4]\" ><\/textarea><\/div><\/div><!-- .wpforms-field-container --><div class=\"wpforms-recaptcha-container wpforms-is-recaptcha wpforms-is-recaptcha-type-v2\" ><div class=\"g-recaptcha\" data-sitekey=\"6LesgmkpAAAAANiQH8ybF193Eevyacz_-RZ5aoDF\"><\/div><input type=\"text\" name=\"g-recaptcha-hidden\" class=\"wpforms-recaptcha-hidden\" style=\"position:absolute!important;clip:rect(0,0,0,0)!important;height:1px!important;width:1px!important;border:0!important;overflow:hidden!important;padding:0!important;margin:0!important;\" data-rule-recaptcha=\"1\"><\/div><div class=\"wpforms-submit-container\" ><input type=\"hidden\" name=\"wpforms[id]\" value=\"2235\"><input type=\"hidden\" name=\"page_title\" value=\"\"><input type=\"hidden\" name=\"page_url\" value=\"https:\/\/iesmas.lt\/en\/wp-json\/wp\/v2\/pages\/3309\"><input type=\"hidden\" name=\"url_referer\" value=\"\"><button type=\"submit\" name=\"wpforms[submit]\" id=\"wpforms-submit-2235\" class=\"wpforms-submit\" data-alt-text=\"Siun\u010diama...\" data-submit-text=\"Si\u0173sti\" aria-live=\"assertive\" value=\"wpforms-submit\">Si\u0173sti<\/button><img decoding=\"async\" src=\"https:\/\/iesmas.lt\/wp-content\/plugins\/wpforms-lite\/assets\/images\/submit-spin.svg\" class=\"wpforms-submit-spinner\" style=\"display: none;\" width=\"26\" height=\"26\" alt=\"Loading\"><\/div><\/form><\/div>  <!-- .wpforms-container -->\t\t\t\t<\/div>\n\t\t\t\t<\/div>\n\t\t\t\t<\/div>\n\t\t\t\t\t<\/div>\n\t\t\t\t<\/div>\n\t\t\t\t<\/div>\n\t\t","protected":false},"excerpt":{"rendered":"<p>Discounted spears. Commercial offer for business. Special offer for orders of more than 50 pcs. identical turnouts. Complete the request. Please enable JavaScript in your browser to complete this form.Vardas \/ \u012emon\u0117s pavadinimas *Elektroninis pa\u0161tas *Telefono numerisIe\u0161m\u0173 kiekis *Nurodykite norim\u0105 ie\u0161m\u0173 kiek\u012f ir apa\u010dioje pasirinkite variant\u0105.Ie\u0161mai \u0161a\u0161lykams 3mm &#8211; 10 mm &#8211; 30 cm 3mm [&hellip;]<\/p>\n","protected":false},"author":1,"featured_media":0,"parent":0,"menu_order":0,"comment_status":"closed","ping_status":"closed","template":"","meta":{"site-sidebar-layout":"no-sidebar","site-content-layout":"page-builder","ast-site-content-layout":"full-width-container","site-content-style":"default","site-sidebar-style":"default","ast-global-header-display":"","ast-banner-title-visibility":"","ast-main-header-display":"","ast-hfb-above-header-display":"","ast-hfb-below-header-display":"","ast-hfb-mobile-header-display":"","site-post-title":"disabled","ast-breadcrumbs-content":"","ast-featured-img":"disabled","footer-sml-layout":"","ast-disable-related-posts":"","theme-transparent-header-meta":"","adv-header-id-meta":"","stick-header-meta":"","header-above-stick-meta":"","header-main-stick-meta":"","header-below-stick-meta":"","astra-migrate-meta-layouts":"default","ast-page-background-enabled":"default","ast-page-background-meta":{"desktop":{"background-color":"","background-image":"","background-repeat":"repeat","background-position":"center center","background-size":"auto","background-attachment":"scroll","background-type":"","background-media":"","overlay-type":"","overlay-color":"","overlay-opacity":"","overlay-gradient":""},"tablet":{"background-color":"","background-image":"","background-repeat":"repeat","background-position":"center center","background-size":"auto","background-attachment":"scroll","background-type":"","background-media":"","overlay-type":"","overlay-color":"","overlay-opacity":"","overlay-gradient":""},"mobile":{"background-color":"","background-image":"","background-repeat":"repeat","background-position":"center center","background-size":"auto","background-attachment":"scroll","background-type":"","background-media":"","overlay-type":"","overlay-color":"","overlay-opacity":"","overlay-gradient":""}},"ast-content-background-meta":{"desktop":{"background-color":"var(--ast-global-color-5)","background-image":"","background-repeat":"repeat","background-position":"center center","background-size":"auto","background-attachment":"scroll","background-type":"","background-media":"","overlay-type":"","overlay-color":"","overlay-opacity":"","overlay-gradient":""},"tablet":{"background-color":"var(--ast-global-color-5)","background-image":"","background-repeat":"repeat","background-position":"center center","background-size":"auto","background-attachment":"scroll","background-type":"","background-media":"","overlay-type":"","overlay-color":"","overlay-opacity":"","overlay-gradient":""},"mobile":{"background-color":"var(--ast-global-color-5)","background-image":"","background-repeat":"repeat","background-position":"center center","background-size":"auto","background-attachment":"scroll","background-type":"","background-media":"","overlay-type":"","overlay-color":"","overlay-opacity":"","overlay-gradient":""}},"footnotes":""},"class_list":["post-3309","page","type-page","status-publish","hentry"],"yoast_head":"<!-- This site is optimized with the Yoast SEO plugin v27.5 - https:\/\/yoast.com\/product\/yoast-seo-wordpress\/ -->\n<title>For business - IE\u0160MAS.LT Skewers at a discount from 50 pcs.<\/title>\n<meta name=\"description\" content=\"Discounted purchases in larger quantities, great business offers, VAT invoicing, custom-made orders.\" \/>\n<meta name=\"robots\" content=\"index, follow, max-snippet:-1, max-image-preview:large, max-video-preview:-1\" \/>\n<link rel=\"canonical\" href=\"https:\/\/iesmas.lt\/en\/for-business\/\" \/>\n<meta property=\"og:locale\" content=\"en_US\" \/>\n<meta property=\"og:type\" content=\"article\" \/>\n<meta property=\"og:title\" content=\"For business - IE\u0160MAS.LT Skewers at a discount from 50 pcs.\" \/>\n<meta property=\"og:description\" content=\"Discounted purchases in larger quantities, great business offers, VAT invoicing, custom-made orders.\" \/>\n<meta property=\"og:url\" content=\"https:\/\/iesmas.lt\/en\/for-business\/\" \/>\n<meta property=\"og:site_name\" content=\"IE\u0160MAS.LT\" \/>\n<meta property=\"article:modified_time\" content=\"2024-07-18T09:14:55+00:00\" \/>\n<meta property=\"og:image\" content=\"https:\/\/iesmas.lt\/wp-content\/uploads\/2024\/02\/saslykai-uzmauti-ant-iesmu-kepa-ant-saslykines-1024x706.jpg\" \/>\n<meta name=\"twitter:card\" content=\"summary_large_image\" \/>\n<meta name=\"twitter:label1\" content=\"Est. reading time\" \/>\n\t<meta name=\"twitter:data1\" content=\"1 minute\" \/>\n<script type=\"application\/ld+json\" class=\"yoast-schema-graph\">{\"@context\":\"https:\\\/\\\/schema.org\",\"@graph\":[{\"@type\":\"WebPage\",\"@id\":\"https:\\\/\\\/iesmas.lt\\\/en\\\/for-business\\\/\",\"url\":\"https:\\\/\\\/iesmas.lt\\\/en\\\/for-business\\\/\",\"name\":\"For business - IE\u0160MAS.LT Skewers at a discount from 50 pcs.\",\"isPartOf\":{\"@id\":\"https:\\\/\\\/iesmas.lt\\\/en\\\/#website\"},\"primaryImageOfPage\":{\"@id\":\"https:\\\/\\\/iesmas.lt\\\/en\\\/for-business\\\/#primaryimage\"},\"image\":{\"@id\":\"https:\\\/\\\/iesmas.lt\\\/en\\\/for-business\\\/#primaryimage\"},\"thumbnailUrl\":\"https:\\\/\\\/iesmas.lt\\\/wp-content\\\/uploads\\\/2024\\\/02\\\/saslykai-uzmauti-ant-iesmu-kepa-ant-saslykines-1024x706.jpg\",\"datePublished\":\"2024-02-04T11:11:03+00:00\",\"dateModified\":\"2024-07-18T09:14:55+00:00\",\"description\":\"Discounted purchases in larger quantities, great business offers, VAT invoicing, custom-made orders.\",\"breadcrumb\":{\"@id\":\"https:\\\/\\\/iesmas.lt\\\/en\\\/for-business\\\/#breadcrumb\"},\"inLanguage\":\"en-US\",\"potentialAction\":[{\"@type\":\"ReadAction\",\"target\":[\"https:\\\/\\\/iesmas.lt\\\/en\\\/for-business\\\/\"]}]},{\"@type\":\"ImageObject\",\"inLanguage\":\"en-US\",\"@id\":\"https:\\\/\\\/iesmas.lt\\\/en\\\/for-business\\\/#primaryimage\",\"url\":\"https:\\\/\\\/iesmas.lt\\\/wp-content\\\/uploads\\\/2024\\\/02\\\/saslykai-uzmauti-ant-iesmu-kepa-ant-saslykines-1024x706.jpg\",\"contentUrl\":\"https:\\\/\\\/iesmas.lt\\\/wp-content\\\/uploads\\\/2024\\\/02\\\/saslykai-uzmauti-ant-iesmu-kepa-ant-saslykines-1024x706.jpg\"},{\"@type\":\"BreadcrumbList\",\"@id\":\"https:\\\/\\\/iesmas.lt\\\/en\\\/for-business\\\/#breadcrumb\",\"itemListElement\":[{\"@type\":\"ListItem\",\"position\":1,\"name\":\"Home\",\"item\":\"https:\\\/\\\/iesmas.lt\\\/en\\\/?page_id=3328\"},{\"@type\":\"ListItem\",\"position\":2,\"name\":\"For business\"}]},{\"@type\":\"WebSite\",\"@id\":\"https:\\\/\\\/iesmas.lt\\\/en\\\/#website\",\"url\":\"https:\\\/\\\/iesmas.lt\\\/en\\\/\",\"name\":\"IE\u0160MAS.LT\",\"description\":\"Specializuota ie\u0161m\u0173 parduotuv\u0117 - meistri\u0161kam kepimui\",\"publisher\":{\"@id\":\"https:\\\/\\\/iesmas.lt\\\/en\\\/#organization\"},\"potentialAction\":[{\"@type\":\"SearchAction\",\"target\":{\"@type\":\"EntryPoint\",\"urlTemplate\":\"https:\\\/\\\/iesmas.lt\\\/en\\\/?s={search_term_string}\"},\"query-input\":{\"@type\":\"PropertyValueSpecification\",\"valueRequired\":true,\"valueName\":\"search_term_string\"}}],\"inLanguage\":\"en-US\"},{\"@type\":\"Organization\",\"@id\":\"https:\\\/\\\/iesmas.lt\\\/en\\\/#organization\",\"name\":\"IE\u0160MAS.LT\",\"url\":\"https:\\\/\\\/iesmas.lt\\\/en\\\/\",\"logo\":{\"@type\":\"ImageObject\",\"inLanguage\":\"en-US\",\"@id\":\"https:\\\/\\\/iesmas.lt\\\/en\\\/#\\\/schema\\\/logo\\\/image\\\/\",\"url\":\"https:\\\/\\\/iesmas.lt\\\/wp-content\\\/uploads\\\/2024\\\/01\\\/iesmas-logotipas-2_logo.png\",\"contentUrl\":\"https:\\\/\\\/iesmas.lt\\\/wp-content\\\/uploads\\\/2024\\\/01\\\/iesmas-logotipas-2_logo.png\",\"width\":1135,\"height\":284,\"caption\":\"IE\u0160MAS.LT\"},\"image\":{\"@id\":\"https:\\\/\\\/iesmas.lt\\\/en\\\/#\\\/schema\\\/logo\\\/image\\\/\"}}]}<\/script>\n<!-- \/ Yoast SEO plugin. -->","yoast_head_json":{"title":"For business - IE\u0160MAS.LT Skewers at a discount from 50 pcs.","description":"Discounted purchases in larger quantities, great business offers, VAT invoicing, custom-made orders.","robots":{"index":"index","follow":"follow","max-snippet":"max-snippet:-1","max-image-preview":"max-image-preview:large","max-video-preview":"max-video-preview:-1"},"canonical":"https:\/\/iesmas.lt\/en\/for-business\/","og_locale":"en_US","og_type":"article","og_title":"For business - IE\u0160MAS.LT Skewers at a discount from 50 pcs.","og_description":"Discounted purchases in larger quantities, great business offers, VAT invoicing, custom-made orders.","og_url":"https:\/\/iesmas.lt\/en\/for-business\/","og_site_name":"IE\u0160MAS.LT","article_modified_time":"2024-07-18T09:14:55+00:00","og_image":[{"url":"https:\/\/iesmas.lt\/wp-content\/uploads\/2024\/02\/saslykai-uzmauti-ant-iesmu-kepa-ant-saslykines-1024x706.jpg","type":"","width":"","height":""}],"twitter_card":"summary_large_image","twitter_misc":{"Est. reading time":"1 minute"},"schema":{"@context":"https:\/\/schema.org","@graph":[{"@type":"WebPage","@id":"https:\/\/iesmas.lt\/en\/for-business\/","url":"https:\/\/iesmas.lt\/en\/for-business\/","name":"For business - IE\u0160MAS.LT Skewers at a discount from 50 pcs.","isPartOf":{"@id":"https:\/\/iesmas.lt\/en\/#website"},"primaryImageOfPage":{"@id":"https:\/\/iesmas.lt\/en\/for-business\/#primaryimage"},"image":{"@id":"https:\/\/iesmas.lt\/en\/for-business\/#primaryimage"},"thumbnailUrl":"https:\/\/iesmas.lt\/wp-content\/uploads\/2024\/02\/saslykai-uzmauti-ant-iesmu-kepa-ant-saslykines-1024x706.jpg","datePublished":"2024-02-04T11:11:03+00:00","dateModified":"2024-07-18T09:14:55+00:00","description":"Discounted purchases in larger quantities, great business offers, VAT invoicing, custom-made orders.","breadcrumb":{"@id":"https:\/\/iesmas.lt\/en\/for-business\/#breadcrumb"},"inLanguage":"en-US","potentialAction":[{"@type":"ReadAction","target":["https:\/\/iesmas.lt\/en\/for-business\/"]}]},{"@type":"ImageObject","inLanguage":"en-US","@id":"https:\/\/iesmas.lt\/en\/for-business\/#primaryimage","url":"https:\/\/iesmas.lt\/wp-content\/uploads\/2024\/02\/saslykai-uzmauti-ant-iesmu-kepa-ant-saslykines-1024x706.jpg","contentUrl":"https:\/\/iesmas.lt\/wp-content\/uploads\/2024\/02\/saslykai-uzmauti-ant-iesmu-kepa-ant-saslykines-1024x706.jpg"},{"@type":"BreadcrumbList","@id":"https:\/\/iesmas.lt\/en\/for-business\/#breadcrumb","itemListElement":[{"@type":"ListItem","position":1,"name":"Home","item":"https:\/\/iesmas.lt\/en\/?page_id=3328"},{"@type":"ListItem","position":2,"name":"For business"}]},{"@type":"WebSite","@id":"https:\/\/iesmas.lt\/en\/#website","url":"https:\/\/iesmas.lt\/en\/","name":"IE\u0160MAS.LT","description":"Specializuota ie\u0161m\u0173 parduotuv\u0117 - meistri\u0161kam kepimui","publisher":{"@id":"https:\/\/iesmas.lt\/en\/#organization"},"potentialAction":[{"@type":"SearchAction","target":{"@type":"EntryPoint","urlTemplate":"https:\/\/iesmas.lt\/en\/?s={search_term_string}"},"query-input":{"@type":"PropertyValueSpecification","valueRequired":true,"valueName":"search_term_string"}}],"inLanguage":"en-US"},{"@type":"Organization","@id":"https:\/\/iesmas.lt\/en\/#organization","name":"IE\u0160MAS.LT","url":"https:\/\/iesmas.lt\/en\/","logo":{"@type":"ImageObject","inLanguage":"en-US","@id":"https:\/\/iesmas.lt\/en\/#\/schema\/logo\/image\/","url":"https:\/\/iesmas.lt\/wp-content\/uploads\/2024\/01\/iesmas-logotipas-2_logo.png","contentUrl":"https:\/\/iesmas.lt\/wp-content\/uploads\/2024\/01\/iesmas-logotipas-2_logo.png","width":1135,"height":284,"caption":"IE\u0160MAS.LT"},"image":{"@id":"https:\/\/iesmas.lt\/en\/#\/schema\/logo\/image\/"}}]}},"_links":{"self":[{"href":"https:\/\/iesmas.lt\/en\/wp-json\/wp\/v2\/pages\/3309","targetHints":{"allow":["GET"]}}],"collection":[{"href":"https:\/\/iesmas.lt\/en\/wp-json\/wp\/v2\/pages"}],"about":[{"href":"https:\/\/iesmas.lt\/en\/wp-json\/wp\/v2\/types\/page"}],"author":[{"embeddable":true,"href":"https:\/\/iesmas.lt\/en\/wp-json\/wp\/v2\/users\/1"}],"replies":[{"embeddable":true,"href":"https:\/\/iesmas.lt\/en\/wp-json\/wp\/v2\/comments?post=3309"}],"version-history":[{"count":3,"href":"https:\/\/iesmas.lt\/en\/wp-json\/wp\/v2\/pages\/3309\/revisions"}],"predecessor-version":[{"id":3325,"href":"https:\/\/iesmas.lt\/en\/wp-json\/wp\/v2\/pages\/3309\/revisions\/3325"}],"wp:attachment":[{"href":"https:\/\/iesmas.lt\/en\/wp-json\/wp\/v2\/media?parent=3309"}],"curies":[{"name":"wp","href":"https:\/\/api.w.org\/{rel}","templated":true}]}}